{"id":135485,"date":"2025-07-31T02:32:37","date_gmt":"2025-07-31T00:32:37","guid":{"rendered":"https:\/\/www.budream.com\/shop\/metodo-siete-gafas-de-sol-evolution-sun-polarizadas-tortoise\/"},"modified":"2025-12-19T15:44:42","modified_gmt":"2025-12-19T13:44:42","slug":"metodo-siete-gafas-de-sol-evolution-sun-polarizadas-tortoise","status":"publish","type":"product","link":"https:\/\/www.budream.com\/es\/shop\/metodo-siete-gafas-de-sol-evolution-sun-polarizadas-tortoise\/","title":{"rendered":"M\u00c9TODO SIETE &#8211; GAFAS DE SOL EVOLUTION SUN POLARIZADAS | TORTOISE"},"content":{"rendered":"<div id=\"gt-src-c\" class=\"g-unit\">\n<p>Hace honor a todo el espectro de colores naturales, al tiempo que reduce el deslumbramiento y protege los ojos sin cambiar de color ni matar el brillo de la vida. Equipadas con la tecnolog\u00eda <strong>New World Polarising<\/strong>, estas gafas de sol se adaptan bien a tel\u00e9fonos y pantallas de televisi\u00f3n.<\/p>\n<p><strong>\u00a1\u00a1\u00a1Las monturas tortuga tambi\u00e9n est\u00e1n por fin disponibles para los modelos en crecimiento!!!<\/strong><\/p>\n<h2><span style=\"text-decoration: underline\">Tecnolog\u00eda de lentes Method Seven:<\/span><\/h2>\n<p>La mayor\u00eda de las gafas de sol son demasiado oscuras, excesivamente polarizadas y est\u00e1n principalmente relacionadas con la moda. Puede que te hagan entrecerrar menos los ojos, pero no te ayudan a ver mejor.<\/p>\n<p>Nosotros hemos resuelto este problema con nuestra tecnolog\u00eda de filtros de primera clase.<br \/>Filtramos la luz con tanta precisi\u00f3n que podemos eliminar una longitud de onda espec\u00edfica (color\/energ\u00eda de la luz) que no necesitas y potenciar las longitudes de onda que s\u00ed necesitas. Es la anulaci\u00f3n del ruido para sus ojos. <br \/>Ver\u00e1s mejor, estar\u00e1s m\u00e1s relajado y podr\u00e1s llevar siempre las gafas puestas, en el coche, en el bar y mientras navegas por el tel\u00e9fono.<\/p>\n<h2><span style=\"text-decoration: underline\">Tecnolog\u00eda de montura Method Seven:<\/span><\/h2>\n<p>Las monturas Method Seven Lifestyle est\u00e1n dise\u00f1adas y fabricadas en Italia. Son dise\u00f1os cl\u00e1sicos con un toque californiano, con bisagras flexibles y bellos materiales hechos a mano.<br \/>La<strong>Evolution<\/strong> es c\u00f3moda y flexible, ya que est\u00e1 hecha de TR90: un material termopl\u00e1stico incre\u00edblemente resistente y ligero. Fabricado con tecnolog\u00eda suiza, el TR90 permite que la Evolution se doble bajo presi\u00f3n y se amolde al rostro.<\/p>\n<\/div>\n","protected":false},"excerpt":{"rendered":"<p>Hace honor a todo el espectro de colores naturales, al tiempo que reduce el deslumbramiento y protege los ojos sin<\/p>\n","protected":false},"featured_media":135471,"comment_status":"open","ping_status":"closed","template":"","meta":[],"product_brand":[],"product_cat":[7923],"product_tag":[],"class_list":{"0":"post-135485","1":"product","2":"type-product","3":"status-publish","4":"has-post-thumbnail","6":"product_cat-growshop-es","8":"first","9":"instock","10":"taxable","11":"shipping-taxable","12":"purchasable","13":"product-type-simple"},"aioseo_notices":[],"_links":{"self":[{"href":"https:\/\/www.budream.com\/es\/wp-json\/wp\/v2\/product\/135485","targetHints":{"allow":["GET"]}}],"collection":[{"href":"https:\/\/www.budream.com\/es\/wp-json\/wp\/v2\/product"}],"about":[{"href":"https:\/\/www.budream.com\/es\/wp-json\/wp\/v2\/types\/product"}],"replies":[{"embeddable":true,"href":"https:\/\/www.budream.com\/es\/wp-json\/wp\/v2\/comments?post=135485"}],"version-history":[{"count":0,"href":"https:\/\/www.budream.com\/es\/wp-json\/wp\/v2\/product\/135485\/revisions"}],"wp:featuredmedia":[{"embeddable":true,"href":"https:\/\/www.budream.com\/es\/wp-json\/wp\/v2\/media\/135471"}],"wp:attachment":[{"href":"https:\/\/www.budream.com\/es\/wp-json\/wp\/v2\/media?parent=135485"}],"wp:term":[{"taxonomy":"product_brand","embeddable":true,"href":"https:\/\/www.budream.com\/es\/wp-json\/wp\/v2\/product_brand?post=135485"},{"taxonomy":"product_cat","embeddable":true,"href":"https:\/\/www.budream.com\/es\/wp-json\/wp\/v2\/product_cat?post=135485"},{"taxonomy":"product_tag","embeddable":true,"href":"https:\/\/www.budream.com\/es\/wp-json\/wp\/v2\/product_tag?post=135485"}],"curies":[{"name":"wp","href":"https:\/\/api.w.org\/{rel}","templated":true}]}}