{"id":135945,"date":"2025-07-31T02:55:39","date_gmt":"2025-07-31T00:55:39","guid":{"rendered":"https:\/\/www.budream.com\/shop\/banco-de-semillas-sensi-skunk-kush-fem\/"},"modified":"2025-12-22T16:21:20","modified_gmt":"2025-12-22T14:21:20","slug":"banco-de-semillas-sensi-skunk-kush-fem","status":"publish","type":"product","link":"https:\/\/www.budream.com\/es\/shop\/banco-de-semillas-sensi-skunk-kush-fem\/","title":{"rendered":"BANCO DE SEMILLAS SENSI &#8211; SKUNK KUSH FEM"},"content":{"rendered":"<div style=\"text-align: justify\">Skunk Kush Feminizada es un h\u00edbrido 60% \u00edndica \/ 40% sativa con una gen\u00e9tica impresionante. Al ser una mezcla de Hindu Kush afgana pura y Skunk #1, tambi\u00e9n se la conoce como Hindu Skunk. Varias generaciones de cruces de la Skunk Kush original hacen que esta variedad tenga una personalidad claramente diferente del resto de nuestra familia Kush.<\/p>\n<\/div>\n<h2><strong>Caracter\u00edsticas Skunk Kush Fem Sensi Seeds Bank:<\/strong><\/h2>\n<ul style=\"list-style-type: disc\">\n<li><strong>G\u00e9nero:<\/strong> H\u00edbrido feminizado<\/li>\n<li><strong>Genotipo<\/strong>: 60% Indica \/ 40% Sativa<\/li>\n<li><strong>Gen\u00e9tica:<\/strong> Hindu Kush x Skunk #1<\/li>\n<li><strong>D\u00edas:<\/strong> 50-60<\/li>\n<\/ul>\n<p><span style=\"font-size: 11pt\"><em><strong>ADVERTENCIA:<\/strong> Las semillas de c\u00e1\u00f1amo est\u00e1n excluidas de la noci\u00f3n legal de Cannabis, lo que significa que no deben considerarse una sustancia estupefaciente (L. 412 de 1974, art. 1, coma 1, lett. B; Convenci\u00f3n \u00danica sobre Estupefacientes de Nueva York de 1961 y tabla II del Decreto Ministerial 27\/7\/1992). En Italia, el cultivo del c\u00e1\u00f1amo est\u00e1 prohibido (art\u00edculos 28 y 73 del Decreto Presidencial 309\/90) a menos que se obtenga una autorizaci\u00f3n especial (art\u00edculo 17 del Decreto Presidencial 309\/90). A falta de autorizaci\u00f3n, las semillas s\u00f3lo pueden utilizarse para otros fines (zoot\u00e9cnicos, recolecci\u00f3n, etc.). Las semillas se venden con la reserva de que no sean utilizadas por terceros en conflicto con la ley.<\/em><\/span><\/p>\n","protected":false},"excerpt":{"rendered":"<p>Skunk Kush Feminizada es un h\u00edbrido 60% \u00edndica \/ 40% sativa con una gen\u00e9tica impresionante. Al ser una mezcla de<\/p>\n","protected":false},"featured_media":197168,"comment_status":"open","ping_status":"closed","template":"","meta":[],"product_brand":[],"product_cat":[7953],"product_tag":[],"class_list":{"0":"post-135945","1":"product","2":"type-product","3":"status-publish","4":"has-post-thumbnail","6":"product_cat-seedshop-es","8":"first","9":"instock","10":"sale","11":"taxable","12":"shipping-taxable","13":"purchasable","14":"product-type-variable"},"_links":{"self":[{"href":"https:\/\/www.budream.com\/es\/wp-json\/wp\/v2\/product\/135945","targetHints":{"allow":["GET"]}}],"collection":[{"href":"https:\/\/www.budream.com\/es\/wp-json\/wp\/v2\/product"}],"about":[{"href":"https:\/\/www.budream.com\/es\/wp-json\/wp\/v2\/types\/product"}],"replies":[{"embeddable":true,"href":"https:\/\/www.budream.com\/es\/wp-json\/wp\/v2\/comments?post=135945"}],"version-history":[{"count":0,"href":"https:\/\/www.budream.com\/es\/wp-json\/wp\/v2\/product\/135945\/revisions"}],"wp:featuredmedia":[{"embeddable":true,"href":"https:\/\/www.budream.com\/es\/wp-json\/wp\/v2\/media\/197168"}],"wp:attachment":[{"href":"https:\/\/www.budream.com\/es\/wp-json\/wp\/v2\/media?parent=135945"}],"wp:term":[{"taxonomy":"product_brand","embeddable":true,"href":"https:\/\/www.budream.com\/es\/wp-json\/wp\/v2\/product_brand?post=135945"},{"taxonomy":"product_cat","embeddable":true,"href":"https:\/\/www.budream.com\/es\/wp-json\/wp\/v2\/product_cat?post=135945"},{"taxonomy":"product_tag","embeddable":true,"href":"https:\/\/www.budream.com\/es\/wp-json\/wp\/v2\/product_tag?post=135945"}],"curies":[{"name":"wp","href":"https:\/\/api.w.org\/{rel}","templated":true}]}}