{"id":136545,"date":"2025-07-31T03:31:41","date_gmt":"2025-07-31T01:31:41","guid":{"rendered":"https:\/\/www.budream.com\/shop\/sweet-seeds-killer-kush-f1-fast-version-fem-sws52\/"},"modified":"2026-03-30T21:57:55","modified_gmt":"2026-03-30T19:57:55","slug":"sweet-seeds-killer-kush-f1-fast-version-fem-sws52","status":"publish","type":"product","link":"https:\/\/www.budream.com\/es\/shop\/sweet-seeds-killer-kush-f1-fast-version-fem-sws52\/","title":{"rendered":"SWEET SEEDS &#8211; KILLER KUSH F1 FAST VERSION\u00ae FEM (SWS52)"},"content":{"rendered":"<div style=\"text-align: justify\">Una versi\u00f3n feminizada y fotoperi\u00f3dica de una de las gen\u00e9ticas m\u00e1s famosas de la costa oeste de EE.UU., creada alrededor de 1994 en Sunset Beach, en el sur de California, la Ocean Grow Kush, m\u00e1s conocida como OG Kush.<\/div>\n<div style=\"text-align: justify\">Nuestra Killer Kush F1 Fast Version&reg; (SWS52) es el resultado de un h\u00edbrido entre una cepa autofloreciente selecta de 3\u00aa generaci\u00f3n con gen\u00e9tica principalmente \u00edndica y un clon de \u00e9lite de OG Kush.<\/div>\n<h2><strong><br \/>Caracter\u00edsticas Killer Kush F1 Fast Version Fem:<\/strong><\/h2>\n<ul style=\"list-style-type: disc\">\n<li><strong>G\u00e9nero:<\/strong> H\u00edbrido Feminizado<\/li>\n<li><strong>Genotipo<\/strong>: H\u00edbrido: Indica:805% \/ Sativa: 20%.<\/li>\n<li><strong>Gen\u00e9tica: <\/strong>3\u00aa generaci\u00f3n autofloreciente x OG Kush<\/li>\n<li><strong>D\u00edas:<\/strong> 50\/55 d\u00edas<\/li>\n<\/ul>\n<p><\/p>\n<div style=\"text-align: justify\"><span style=\"font-size: 11pt\"><em><strong>ADVERTENCIA:<\/strong> Las semillas de c\u00e1\u00f1amo est\u00e1n excluidas de la noci\u00f3n legal de Cannabis, lo que significa que no deben considerarse una sustancia estupefaciente (L. 412 de 1974, art. 1, p\u00e1rrafo 1, lett. B; Convenci\u00f3n \u00danica sobre Estupefacientes de Nueva York de 1961 y tabla II del Decreto Ministerial 27\/7\/1992). En Italia, el cultivo del c\u00e1\u00f1amo est\u00e1 prohibido (art\u00edculos 28 y 73 del Decreto Presidencial 309\/90) a menos que se obtenga una autorizaci\u00f3n especial (art\u00edculo 17 del Decreto Presidencial 309\/90). A falta de autorizaci\u00f3n, las semillas s\u00f3lo pueden utilizarse para otros fines (zoot\u00e9cnicos, recolecci\u00f3n, etc.). Las semillas se venden con la reserva de que no ser\u00e1n utilizadas por terceros en conflicto con la ley.<\/em><\/span><\/div>\n","protected":false},"excerpt":{"rendered":"<p>Una versi\u00f3n feminizada y fotoperi\u00f3dica de una de las gen\u00e9ticas m\u00e1s famosas de la costa oeste de EE.UU., creada alrededor<\/p>\n","protected":false},"featured_media":136541,"comment_status":"open","ping_status":"closed","template":"","meta":[],"product_brand":[],"product_cat":[7953],"product_tag":[],"class_list":{"0":"post-136545","1":"product","2":"type-product","3":"status-publish","4":"has-post-thumbnail","6":"product_cat-seedshop-es","8":"first","9":"instock","10":"sale","11":"taxable","12":"shipping-taxable","13":"purchasable","14":"product-type-variable"},"_links":{"self":[{"href":"https:\/\/www.budream.com\/es\/wp-json\/wp\/v2\/product\/136545","targetHints":{"allow":["GET"]}}],"collection":[{"href":"https:\/\/www.budream.com\/es\/wp-json\/wp\/v2\/product"}],"about":[{"href":"https:\/\/www.budream.com\/es\/wp-json\/wp\/v2\/types\/product"}],"replies":[{"embeddable":true,"href":"https:\/\/www.budream.com\/es\/wp-json\/wp\/v2\/comments?post=136545"}],"version-history":[{"count":0,"href":"https:\/\/www.budream.com\/es\/wp-json\/wp\/v2\/product\/136545\/revisions"}],"wp:featuredmedia":[{"embeddable":true,"href":"https:\/\/www.budream.com\/es\/wp-json\/wp\/v2\/media\/136541"}],"wp:attachment":[{"href":"https:\/\/www.budream.com\/es\/wp-json\/wp\/v2\/media?parent=136545"}],"wp:term":[{"taxonomy":"product_brand","embeddable":true,"href":"https:\/\/www.budream.com\/es\/wp-json\/wp\/v2\/product_brand?post=136545"},{"taxonomy":"product_cat","embeddable":true,"href":"https:\/\/www.budream.com\/es\/wp-json\/wp\/v2\/product_cat?post=136545"},{"taxonomy":"product_tag","embeddable":true,"href":"https:\/\/www.budream.com\/es\/wp-json\/wp\/v2\/product_tag?post=136545"}],"curies":[{"name":"wp","href":"https:\/\/api.w.org\/{rel}","templated":true}]}}