{"id":136565,"date":"2025-07-31T03:32:51","date_gmt":"2025-07-31T01:32:51","guid":{"rendered":"https:\/\/www.budream.com\/shop\/sweet-seeds-crema-mandarina-f1-fast-version-fem-sws50\/"},"modified":"2026-03-24T22:16:39","modified_gmt":"2026-03-24T20:16:39","slug":"sweet-seeds-crema-mandarina-f1-fast-version-fem-sws50","status":"publish","type":"product","link":"https:\/\/www.budream.com\/es\/shop\/sweet-seeds-crema-mandarina-f1-fast-version-fem-sws50\/","title":{"rendered":"SWEET SEEDS &#8211; CREMA MANDARINA F1 FAST VERSION\u00ae FEM (SWS50)"},"content":{"rendered":"<div style=\"text-align: justify\">Versi\u00f3n feminizada y dependiente del fotoperiodo de nuestra popular Cream Mandarine Auto&reg; (SWS29). Para el desarrollo de esta variedad, utilizamos nuestras mejores cepas seleccionadas de Cream Mandarine Auto&reg;.<\/div>\n<p><\/p>\n<h2><strong>Caracter\u00edsticas Cream Mandarine F1 Fast Version Fem:<\/strong><\/h2>\n<ul style=\"list-style-type: disc\">\n<li><strong>G\u00e9nero:<\/strong> H\u00edbrido Feminizado<\/li>\n<li><strong>Genotipo<\/strong>: H\u00edbrido: Indica: 60% \/ Sativa: 40%.<\/li>\n<li><strong>Gen\u00e9tica: <\/strong>Cream Mandarine Auto x Diesel<\/li>\n<li><strong>D\u00edas:<\/strong> 50 d\u00edas<\/li>\n<\/ul>\n<p><\/p>\n<div style=\"text-align: justify\"><span style=\"font-size: 11pt\"><em><strong>ATENCI\u00d3N:<\/strong> Las semillas de c\u00e1\u00f1amo est\u00e1n excluidas de la noci\u00f3n legal de Cannabis, lo que significa que no deben considerarse una sustancia estupefaciente (Ley 412 de 1974, Art. 1, p\u00e1rrafo 1, lett. B; Convenci\u00f3n \u00danica sobre Estupefacientes de Nueva York de 1961 y tabla II del Decreto Ministerial 27\/7\/1992). En Italia, el cultivo del c\u00e1\u00f1amo est\u00e1 prohibido (art\u00edculos 28 y 73 del Decreto Presidencial 309\/90) a menos que se obtenga una autorizaci\u00f3n especial (art\u00edculo 17 del Decreto Presidencial 309\/90). A falta de autorizaci\u00f3n, las semillas s\u00f3lo pueden utilizarse para otros fines (zoot\u00e9cnicos, recolecci\u00f3n, etc.). Las semillas se venden con la reserva de que no ser\u00e1n utilizadas por terceros en conflicto con la ley.<\/em><\/span><\/div>\n","protected":false},"excerpt":{"rendered":"<p>Versi\u00f3n feminizada y dependiente del fotoperiodo de nuestra popular Cream Mandarine Auto&reg; (SWS29). Para el desarrollo de esta variedad, utilizamos<\/p>\n","protected":false},"featured_media":136561,"comment_status":"open","ping_status":"closed","template":"","meta":[],"product_brand":[],"product_cat":[7953],"product_tag":[],"class_list":{"0":"post-136565","1":"product","2":"type-product","3":"status-publish","4":"has-post-thumbnail","6":"product_cat-seedshop-es","8":"first","9":"instock","10":"sale","11":"taxable","12":"shipping-taxable","13":"purchasable","14":"product-type-variable"},"aioseo_notices":[],"_links":{"self":[{"href":"https:\/\/www.budream.com\/es\/wp-json\/wp\/v2\/product\/136565","targetHints":{"allow":["GET"]}}],"collection":[{"href":"https:\/\/www.budream.com\/es\/wp-json\/wp\/v2\/product"}],"about":[{"href":"https:\/\/www.budream.com\/es\/wp-json\/wp\/v2\/types\/product"}],"replies":[{"embeddable":true,"href":"https:\/\/www.budream.com\/es\/wp-json\/wp\/v2\/comments?post=136565"}],"version-history":[{"count":0,"href":"https:\/\/www.budream.com\/es\/wp-json\/wp\/v2\/product\/136565\/revisions"}],"wp:featuredmedia":[{"embeddable":true,"href":"https:\/\/www.budream.com\/es\/wp-json\/wp\/v2\/media\/136561"}],"wp:attachment":[{"href":"https:\/\/www.budream.com\/es\/wp-json\/wp\/v2\/media?parent=136565"}],"wp:term":[{"taxonomy":"product_brand","embeddable":true,"href":"https:\/\/www.budream.com\/es\/wp-json\/wp\/v2\/product_brand?post=136565"},{"taxonomy":"product_cat","embeddable":true,"href":"https:\/\/www.budream.com\/es\/wp-json\/wp\/v2\/product_cat?post=136565"},{"taxonomy":"product_tag","embeddable":true,"href":"https:\/\/www.budream.com\/es\/wp-json\/wp\/v2\/product_tag?post=136565"}],"curies":[{"name":"wp","href":"https:\/\/api.w.org\/{rel}","templated":true}]}}