{"id":136635,"date":"2025-07-31T03:37:00","date_gmt":"2025-07-31T01:37:00","guid":{"rendered":"https:\/\/www.budream.com\/shop\/humo-secreto-kit-de-lavado-de-hielo\/"},"modified":"2026-04-14T13:03:05","modified_gmt":"2026-04-14T11:03:05","slug":"humo-secreto-kit-de-lavado-de-hielo","status":"publish","type":"product","link":"https:\/\/www.budream.com\/es\/shop\/humo-secreto-kit-de-lavado-de-hielo\/","title":{"rendered":"HUMO SECRETO &#8211; KIT DE LAVADO DE HIELO"},"content":{"rendered":"<p>La extracci\u00f3n con agua helada, tambi\u00e9n conocida como t\u00e9cnica <strong>ice-o-lator<\/strong>, es el proceso de extracci\u00f3n de los tricomas de los cogollos de cannabis mediante hielo y agua. El material congelado se procesa a trav\u00e9s de un extractor o lavadora con hielo y agua. Al agitar la materia vegetal en el agua fr\u00eda, los tricomas (tambi\u00e9n conocidos como resina)<strong> se separan y caen al fondo<\/strong>. Este m\u00e9todo de extracci\u00f3n se considera uno de los m\u00e1s puros, ya que no utiliza disolventes ni altas temperaturas.<\/p>\n<h2>Peque\u00f1o kit de lavadora para la extracci\u00f3n ice-o-lator Suministrado con:<\/h2>\n<ul>\n<li>Peque\u00f1a lavadora el\u00e9ctrica;<\/li>\n<li>Bolsa filtrante piramidal para contener la materia prima (220 micras);<\/li>\n<li>Bolsas de extracci\u00f3n SECRET ICER de 2,3 y 5 bolsas filtrantes;<\/li>\n<li>Term\u00f3metro para el control de la temperatura;<\/li>\n<li>Capacidad de carga de la lavadora: 4,5 kg;<\/li>\n<li>Volumen de la bolsa Secret Icer: 19 litros;<\/li>\n<\/ul>\n","protected":false},"excerpt":{"rendered":"<p>La extracci\u00f3n con agua helada, tambi\u00e9n conocida como t\u00e9cnica ice-o-lator, es el proceso de extracci\u00f3n de los tricomas de los<\/p>\n","protected":false},"featured_media":136631,"comment_status":"open","ping_status":"closed","template":"","meta":[],"product_brand":[],"product_cat":[7948],"product_tag":[],"class_list":{"0":"post-136635","1":"product","2":"type-product","3":"status-publish","4":"has-post-thumbnail","6":"product_cat-headshop-es","8":"first","9":"instock","10":"taxable","11":"shipping-taxable","12":"purchasable","13":"product-type-variable"},"aioseo_notices":[],"_links":{"self":[{"href":"https:\/\/www.budream.com\/es\/wp-json\/wp\/v2\/product\/136635","targetHints":{"allow":["GET"]}}],"collection":[{"href":"https:\/\/www.budream.com\/es\/wp-json\/wp\/v2\/product"}],"about":[{"href":"https:\/\/www.budream.com\/es\/wp-json\/wp\/v2\/types\/product"}],"replies":[{"embeddable":true,"href":"https:\/\/www.budream.com\/es\/wp-json\/wp\/v2\/comments?post=136635"}],"version-history":[{"count":0,"href":"https:\/\/www.budream.com\/es\/wp-json\/wp\/v2\/product\/136635\/revisions"}],"wp:featuredmedia":[{"embeddable":true,"href":"https:\/\/www.budream.com\/es\/wp-json\/wp\/v2\/media\/136631"}],"wp:attachment":[{"href":"https:\/\/www.budream.com\/es\/wp-json\/wp\/v2\/media?parent=136635"}],"wp:term":[{"taxonomy":"product_brand","embeddable":true,"href":"https:\/\/www.budream.com\/es\/wp-json\/wp\/v2\/product_brand?post=136635"},{"taxonomy":"product_cat","embeddable":true,"href":"https:\/\/www.budream.com\/es\/wp-json\/wp\/v2\/product_cat?post=136635"},{"taxonomy":"product_tag","embeddable":true,"href":"https:\/\/www.budream.com\/es\/wp-json\/wp\/v2\/product_tag?post=136635"}],"curies":[{"name":"wp","href":"https:\/\/api.w.org\/{rel}","templated":true}]}}