{"id":136999,"date":"2025-07-31T03:56:04","date_gmt":"2025-07-31T01:56:04","guid":{"rendered":"https:\/\/www.budream.com\/shop\/semillas-dulces-crema-caramelo-auto-sws22\/"},"modified":"2026-04-22T13:35:02","modified_gmt":"2026-04-22T11:35:02","slug":"semillas-dulces-crema-caramelo-auto-sws22","status":"publish","type":"product","link":"https:\/\/www.budream.com\/es\/shop\/semillas-dulces-crema-caramelo-auto-sws22\/","title":{"rendered":"SEMILLAS DULCES &#8211; CREMA CARAMELO AUTO\u00ae (SWS22)"},"content":{"rendered":"<div style=\"text-align: justify\">Autofloreciente de 3\u00aa generaci\u00f3n. Versi\u00f3n autofloreciente de la muy popular variedad Cram Caramel (SWS04), resultado del cruce de la 2\u00aa generaci\u00f3n autofloreciente con la fotopri\u00f3dica Cram Caramel.<\/div>\n<div style=\"text-align: justify\">Variedad h\u00edbrida con gen\u00e9tica principalmente \u00edndica. Un cl\u00e1sico en el cat\u00e1logo de Sweet Seeds.<\/div>\n<p><\/p>\n<h2><strong>Caracter\u00edsticas Cream Caramel Auto Fem:<\/strong><\/h2>\n<ul style=\"list-style-type: disc\">\n<li><strong>G\u00e9nero:<\/strong> H\u00edbrido autofloreciente feminizado<\/li>\n<li><strong>Genotipo<\/strong>: Indica: 83% \/ Sativa: 13.9% \/ 3.1% Ruderalis<\/li>\n<li><strong>Gen\u00e9tica:<\/strong> SWS22 Autofloreciente 2\u00aa generaci\u00f3n x Cream Caramel<\/li>\n<li>D\u00edas<strong>:<\/strong> 56 d\u00edas<\/li>\n<\/ul>\n<p><\/p>\n<div style=\"text-align: justify\"><span style=\"font-size: 11pt\"><em><strong>ADVERTENCIA:<\/strong> Las semillas de c\u00e1\u00f1amo est\u00e1n excluidas de la noci\u00f3n legal de Cannabis, lo que significa que no deben considerarse una sustancia estupefaciente (L. 412 de 1974, art. 1, coma 1, lett. B; Convenci\u00f3n \u00danica sobre Estupefacientes de Nueva York de 1961 y tabla II del Decreto Ministerial 27\/7\/1992). En Italia, el cultivo del c\u00e1\u00f1amo est\u00e1 prohibido (art\u00edculos 28 y 73 del Decreto Presidencial 309\/90) a menos que se obtenga una autorizaci\u00f3n especial (art\u00edculo 17 del Decreto Presidencial 309\/90). A falta de autorizaci\u00f3n, las semillas s\u00f3lo pueden utilizarse para otros fines (zoot\u00e9cnicos, recolecci\u00f3n, etc.). Las semillas se venden con la reserva de que no sean utilizadas por terceros en conflicto con la ley.<\/em><\/span><\/div>\n","protected":false},"excerpt":{"rendered":"<p>Autofloreciente de 3\u00aa generaci\u00f3n. Versi\u00f3n autofloreciente de la muy popular variedad Cram Caramel (SWS04), resultado del cruce de la 2\u00aa<\/p>\n","protected":false},"featured_media":136987,"comment_status":"open","ping_status":"closed","template":"","meta":[],"product_brand":[],"product_cat":[7953],"product_tag":[],"class_list":{"0":"post-136999","1":"product","2":"type-product","3":"status-publish","4":"has-post-thumbnail","6":"product_cat-seedshop-es","8":"first","9":"instock","10":"sale","11":"taxable","12":"shipping-taxable","13":"purchasable","14":"product-type-variable"},"aioseo_notices":[],"_links":{"self":[{"href":"https:\/\/www.budream.com\/es\/wp-json\/wp\/v2\/product\/136999","targetHints":{"allow":["GET"]}}],"collection":[{"href":"https:\/\/www.budream.com\/es\/wp-json\/wp\/v2\/product"}],"about":[{"href":"https:\/\/www.budream.com\/es\/wp-json\/wp\/v2\/types\/product"}],"replies":[{"embeddable":true,"href":"https:\/\/www.budream.com\/es\/wp-json\/wp\/v2\/comments?post=136999"}],"version-history":[{"count":1,"href":"https:\/\/www.budream.com\/es\/wp-json\/wp\/v2\/product\/136999\/revisions"}],"predecessor-version":[{"id":262897,"href":"https:\/\/www.budream.com\/es\/wp-json\/wp\/v2\/product\/136999\/revisions\/262897"}],"wp:featuredmedia":[{"embeddable":true,"href":"https:\/\/www.budream.com\/es\/wp-json\/wp\/v2\/media\/136987"}],"wp:attachment":[{"href":"https:\/\/www.budream.com\/es\/wp-json\/wp\/v2\/media?parent=136999"}],"wp:term":[{"taxonomy":"product_brand","embeddable":true,"href":"https:\/\/www.budream.com\/es\/wp-json\/wp\/v2\/product_brand?post=136999"},{"taxonomy":"product_cat","embeddable":true,"href":"https:\/\/www.budream.com\/es\/wp-json\/wp\/v2\/product_cat?post=136999"},{"taxonomy":"product_tag","embeddable":true,"href":"https:\/\/www.budream.com\/es\/wp-json\/wp\/v2\/product_tag?post=136999"}],"curies":[{"name":"wp","href":"https:\/\/api.w.org\/{rel}","templated":true}]}}