{"id":137693,"date":"2025-07-31T04:30:19","date_gmt":"2025-07-31T02:30:19","guid":{"rendered":"https:\/\/www.budream.com\/shop\/chocolizer-bolsas-de-extraccion-2\/"},"modified":"2026-02-18T14:41:29","modified_gmt":"2026-02-18T12:41:29","slug":"chocolizer-bolsas-de-extraccion-2","status":"publish","type":"product","link":"https:\/\/www.budream.com\/es\/shop\/chocolizer-bolsas-de-extraccion-2\/","title":{"rendered":"CHOCOLIZER &#8211; BOLSAS DE EXTRACCI\u00d3N"},"content":{"rendered":"<p>La extracci\u00f3n con agua helada, tambi\u00e9n conocida como t\u00e9cnica <strong>ice-o-lator<\/strong>, es el proceso de extracci\u00f3n de los tricomas de los cogollos mediante agua helada. El material congelado se procesa a trav\u00e9s de un extractor o lavadora con hielo y agua. Al agitar la materia vegetal en el agua fr\u00eda, los tricomas (tambi\u00e9n conocidos como resina)<strong> se separan y caen al fondo;<\/strong> <br \/>Con las bolsas <strong>Chocolizer<\/strong>, es posible recoger estos tricomas y separarlos.<br \/> Este m\u00e9todo de extracci\u00f3n se considera uno de los m\u00e1s puros, ya que no utiliza disolventes ni altas temperaturas.<\/p>\n","protected":false},"excerpt":{"rendered":"<p>La extracci\u00f3n con agua helada, tambi\u00e9n conocida como t\u00e9cnica ice-o-lator, es el proceso de extracci\u00f3n de los tricomas de los<\/p>\n","protected":false},"featured_media":137681,"comment_status":"open","ping_status":"closed","template":"","meta":[],"product_brand":[],"product_cat":[7948],"product_tag":[],"class_list":{"0":"post-137693","1":"product","2":"type-product","3":"status-publish","4":"has-post-thumbnail","6":"product_cat-headshop-es","8":"first","9":"instock","10":"taxable","11":"shipping-taxable","12":"purchasable","13":"product-type-variable"},"aioseo_notices":[],"_links":{"self":[{"href":"https:\/\/www.budream.com\/es\/wp-json\/wp\/v2\/product\/137693","targetHints":{"allow":["GET"]}}],"collection":[{"href":"https:\/\/www.budream.com\/es\/wp-json\/wp\/v2\/product"}],"about":[{"href":"https:\/\/www.budream.com\/es\/wp-json\/wp\/v2\/types\/product"}],"replies":[{"embeddable":true,"href":"https:\/\/www.budream.com\/es\/wp-json\/wp\/v2\/comments?post=137693"}],"version-history":[{"count":0,"href":"https:\/\/www.budream.com\/es\/wp-json\/wp\/v2\/product\/137693\/revisions"}],"wp:featuredmedia":[{"embeddable":true,"href":"https:\/\/www.budream.com\/es\/wp-json\/wp\/v2\/media\/137681"}],"wp:attachment":[{"href":"https:\/\/www.budream.com\/es\/wp-json\/wp\/v2\/media?parent=137693"}],"wp:term":[{"taxonomy":"product_brand","embeddable":true,"href":"https:\/\/www.budream.com\/es\/wp-json\/wp\/v2\/product_brand?post=137693"},{"taxonomy":"product_cat","embeddable":true,"href":"https:\/\/www.budream.com\/es\/wp-json\/wp\/v2\/product_cat?post=137693"},{"taxonomy":"product_tag","embeddable":true,"href":"https:\/\/www.budream.com\/es\/wp-json\/wp\/v2\/product_tag?post=137693"}],"curies":[{"name":"wp","href":"https:\/\/api.w.org\/{rel}","templated":true}]}}