{"id":138354,"date":"2025-07-31T04:59:48","date_gmt":"2025-07-31T02:59:48","guid":{"rendered":"https:\/\/www.budream.com\/shop\/royal-queen-seeds-haze-berry-fem\/"},"modified":"2026-03-27T14:11:17","modified_gmt":"2026-03-27T12:11:17","slug":"royal-queen-seeds-haze-berry-fem","status":"publish","type":"product","link":"https:\/\/www.budream.com\/es\/shop\/royal-queen-seeds-haze-berry-fem\/","title":{"rendered":"ROYAL QUEEN SEEDS &#8211; HAZE BERRY FEM"},"content":{"rendered":"<p>La Haze Berry es popular en California y en muchos otros estados que legalizan el c\u00e1\u00f1amo medicinal. Es el resultado de un cruce entre la cl\u00e1sica Blueberry y una vigorizante variedad Haze de dominancia Sativa.<\/p>\n<h2><strong>Caracter\u00edsticas Haze Berry Royal Queen Seeds:<\/strong><\/h2>\n<ul style=\"list-style-type: disc\">\n<li><strong>G\u00e9nero:<\/strong> Feminizada<\/li>\n<li><strong>Genotipo<\/strong>: 80% Sativa \/ 20% Indica<\/li>\n<li><strong>Gen\u00e9tica<\/strong>: Blueberry x Shining Silver Haze<\/li>\n<li><strong>D\u00edas:<\/strong> 63-77<\/li>\n<\/ul>\n<p><em><strong>ADVERTENCIA:<\/strong> Las semillas de c\u00e1\u00f1amo est\u00e1n excluidas de la noci\u00f3n legal de Cannabis, lo que significa que no deben considerarse una sustancia estupefaciente (L. 412 de 1974, Art. 1, p\u00e1rrafo 1, lett. B; Convenci\u00f3n \u00danica sobre Estupefacientes de Nueva York de 1961 y tabla II del Decreto Ministerial 27\/7\/1992). En Italia, el cultivo del c\u00e1\u00f1amo est\u00e1 prohibido (art\u00edculos 28 y 73 del Decreto Presidencial 309\/90) a menos que se obtenga una autorizaci\u00f3n especial (art\u00edculo 17 del Decreto Presidencial 309\/90). A falta de autorizaci\u00f3n, las semillas s\u00f3lo pueden utilizarse para otros fines (zoot\u00e9cnicos, recolecci\u00f3n, etc.). Las semillas se venden con la reserva de que no sean utilizadas por terceros en conflicto con la ley.<\/em><\/p>\n","protected":false},"excerpt":{"rendered":"<p>La Haze Berry es popular en California y en muchos otros estados que legalizan el c\u00e1\u00f1amo medicinal. Es el resultado<\/p>\n","protected":false},"featured_media":138342,"comment_status":"open","ping_status":"closed","template":"","meta":[],"product_brand":[],"product_cat":[7953],"product_tag":[],"class_list":{"0":"post-138354","1":"product","2":"type-product","3":"status-publish","4":"has-post-thumbnail","6":"product_cat-seedshop-es","8":"first","9":"instock","10":"taxable","11":"shipping-taxable","12":"purchasable","13":"product-type-variable"},"aioseo_notices":[],"_links":{"self":[{"href":"https:\/\/www.budream.com\/es\/wp-json\/wp\/v2\/product\/138354","targetHints":{"allow":["GET"]}}],"collection":[{"href":"https:\/\/www.budream.com\/es\/wp-json\/wp\/v2\/product"}],"about":[{"href":"https:\/\/www.budream.com\/es\/wp-json\/wp\/v2\/types\/product"}],"replies":[{"embeddable":true,"href":"https:\/\/www.budream.com\/es\/wp-json\/wp\/v2\/comments?post=138354"}],"version-history":[{"count":0,"href":"https:\/\/www.budream.com\/es\/wp-json\/wp\/v2\/product\/138354\/revisions"}],"wp:featuredmedia":[{"embeddable":true,"href":"https:\/\/www.budream.com\/es\/wp-json\/wp\/v2\/media\/138342"}],"wp:attachment":[{"href":"https:\/\/www.budream.com\/es\/wp-json\/wp\/v2\/media?parent=138354"}],"wp:term":[{"taxonomy":"product_brand","embeddable":true,"href":"https:\/\/www.budream.com\/es\/wp-json\/wp\/v2\/product_brand?post=138354"},{"taxonomy":"product_cat","embeddable":true,"href":"https:\/\/www.budream.com\/es\/wp-json\/wp\/v2\/product_cat?post=138354"},{"taxonomy":"product_tag","embeddable":true,"href":"https:\/\/www.budream.com\/es\/wp-json\/wp\/v2\/product_tag?post=138354"}],"curies":[{"name":"wp","href":"https:\/\/api.w.org\/{rel}","templated":true}]}}