{"id":138629,"date":"2025-07-31T05:10:12","date_gmt":"2025-07-31T03:10:12","guid":{"rendered":"https:\/\/www.budream.com\/shop\/semillas-royal-queen-painkiller-xl-cbd-fem\/"},"modified":"2026-02-25T14:02:56","modified_gmt":"2026-02-25T12:02:56","slug":"semillas-royal-queen-painkiller-xl-cbd-fem","status":"publish","type":"product","link":"https:\/\/www.budream.com\/es\/shop\/semillas-royal-queen-painkiller-xl-cbd-fem\/","title":{"rendered":"SEMILLAS ROYAL QUEEN &#8211; PAINKILLER XL CBD FEM"},"content":{"rendered":"<p>Esta nueva cepa combina dos variedades populares, <em>Juanita la Lagrimosa y Royal Highness<\/em>, ambas h\u00edbridas de otros precursores gen\u00e9ticos. Juanita la Lagrimosa es un cruce de Queen Mother y una mezcla de gen\u00e9tica mexicana y afgana, mientras que Royal Highness se compone de Dance Hall y Respect 13.<\/p>\n<h2><strong>Caracter\u00edsticas Painkiller XL CBD Royal Queen Seeds:<\/strong><\/h2>\n<ul style=\"list-style-type: disc\">\n<li><strong>G\u00e9nero:<\/strong> Feminizada<\/li>\n<li><strong>Genotipo<\/strong>: H\u00edbrido 70% Sativa 30% Indica<\/li>\n<li><strong>Gen\u00e9tica<\/strong>: Respect 13 x Juanita la Lagrimosa<\/li>\n<li><strong>D\u00edas:<\/strong> 55<\/li>\n<\/ul>\n<p><em><strong>ADVERTENCIA:<\/strong> Las semillas de c\u00e1\u00f1amo est\u00e1n excluidas de la noci\u00f3n legal de Cannabis, lo que significa que no deben considerarse una sustancia estupefaciente (L. 412 de 1974, Art. 1, coma 1, lett. B; Convenci\u00f3n \u00danica sobre Estupefacientes de Nueva York de 1961 y tabla II del Decreto Ministerial 27\/7\/1992). En Italia, el cultivo del c\u00e1\u00f1amo est\u00e1 prohibido (art\u00edculos 28 y 73 del Decreto Presidencial 309\/90) a menos que se obtenga una autorizaci\u00f3n especial (art\u00edculo 17 del Decreto Presidencial 309\/90). A falta de autorizaci\u00f3n, las semillas s\u00f3lo pueden utilizarse para otros fines (zoot\u00e9cnicos, recolecci\u00f3n, etc.). Las semillas se venden con la reserva de que no sean utilizadas por terceros en conflicto con la ley.<\/em><\/p>\n","protected":false},"excerpt":{"rendered":"<p>Esta nueva cepa combina dos variedades populares, Juanita la Lagrimosa y Royal Highness, ambas h\u00edbridas de otros precursores gen\u00e9ticos. Juanita<\/p>\n","protected":false},"featured_media":138620,"comment_status":"open","ping_status":"closed","template":"","meta":[],"product_brand":[],"product_cat":[7953],"product_tag":[],"class_list":{"0":"post-138629","1":"product","2":"type-product","3":"status-publish","4":"has-post-thumbnail","6":"product_cat-seedshop-es","8":"first","9":"instock","10":"taxable","11":"shipping-taxable","12":"purchasable","13":"product-type-variable"},"aioseo_notices":[],"_links":{"self":[{"href":"https:\/\/www.budream.com\/es\/wp-json\/wp\/v2\/product\/138629","targetHints":{"allow":["GET"]}}],"collection":[{"href":"https:\/\/www.budream.com\/es\/wp-json\/wp\/v2\/product"}],"about":[{"href":"https:\/\/www.budream.com\/es\/wp-json\/wp\/v2\/types\/product"}],"replies":[{"embeddable":true,"href":"https:\/\/www.budream.com\/es\/wp-json\/wp\/v2\/comments?post=138629"}],"version-history":[{"count":0,"href":"https:\/\/www.budream.com\/es\/wp-json\/wp\/v2\/product\/138629\/revisions"}],"wp:featuredmedia":[{"embeddable":true,"href":"https:\/\/www.budream.com\/es\/wp-json\/wp\/v2\/media\/138620"}],"wp:attachment":[{"href":"https:\/\/www.budream.com\/es\/wp-json\/wp\/v2\/media?parent=138629"}],"wp:term":[{"taxonomy":"product_brand","embeddable":true,"href":"https:\/\/www.budream.com\/es\/wp-json\/wp\/v2\/product_brand?post=138629"},{"taxonomy":"product_cat","embeddable":true,"href":"https:\/\/www.budream.com\/es\/wp-json\/wp\/v2\/product_cat?post=138629"},{"taxonomy":"product_tag","embeddable":true,"href":"https:\/\/www.budream.com\/es\/wp-json\/wp\/v2\/product_tag?post=138629"}],"curies":[{"name":"wp","href":"https:\/\/api.w.org\/{rel}","templated":true}]}}