{"id":138767,"date":"2025-07-31T05:15:22","date_gmt":"2025-07-31T03:15:22","guid":{"rendered":"https:\/\/www.budream.com\/shop\/semillas-royal-queen-honey-cream-floracion-rapida-fem\/"},"modified":"2026-03-17T20:31:53","modified_gmt":"2026-03-17T18:31:53","slug":"semillas-royal-queen-honey-cream-floracion-rapida-fem","status":"publish","type":"product","link":"https:\/\/www.budream.com\/es\/shop\/semillas-royal-queen-honey-cream-floracion-rapida-fem\/","title":{"rendered":"SEMILLAS ROYAL QUEEN &#8211; HONEY CREAM (FLORACION RAPIDA) FEM"},"content":{"rendered":"<p>Honey Cream se est\u00e1 convirtiendo r\u00e1pidamente en una variedad cl\u00e1sica en Espa\u00f1a, de donde es originaria. Su gen\u00e9tica es una combinaci\u00f3n de Indicas pesadas con influencia mundial. Es un cruce a tres bandas entre BlueBlack, Maple Leaf Indica y White Rhino.<\/p>\n<h2><strong>Caracter\u00edsticas Honey Cream Semillas Royal Queen de Floraci\u00f3n R\u00e1pida:<\/strong><\/h2>\n<ul style=\"list-style-type: disc\">\n<li><strong>G\u00e9nero:<\/strong> Feminizada<\/li>\n<li><strong>Genotipo:<\/strong> H\u00edbrido 40% Sativa \/ 60% Indica<\/li>\n<li><strong>Gen\u00e9tica<\/strong>: BlueBlack x Marple Leaf Indica x White Rhino<\/li>\n<li><strong>D\u00edas:<\/strong> 42-49<\/li>\n<\/ul>\n<p><em><strong>ADVERTENCIA:<\/strong> Las semillas de c\u00e1\u00f1amo est\u00e1n excluidas de la noci\u00f3n legal de Cannabis, lo que significa que no deben considerarse una sustancia estupefaciente (L. 412 de 1974, Art. 1, p\u00e1rrafo 1, lett. B; Convenci\u00f3n \u00danica sobre Estupefacientes de Nueva York de 1961 y tabla II del Decreto Ministerial 27\/7\/1992). En Italia, el cultivo del c\u00e1\u00f1amo est\u00e1 prohibido (art\u00edculos 28 y 73 del Decreto Presidencial 309\/90) a menos que se obtenga una autorizaci\u00f3n especial (art\u00edculo 17 del Decreto Presidencial 309\/90). A falta de autorizaci\u00f3n, las semillas s\u00f3lo pueden utilizarse para otros fines (zoot\u00e9cnicos, recolecci\u00f3n, etc.). Las semillas se venden con la reserva de que no ser\u00e1n utilizadas por terceros en conflicto con la ley.<\/em><\/p>\n","protected":false},"excerpt":{"rendered":"<p>Honey Cream se est\u00e1 convirtiendo r\u00e1pidamente en una variedad cl\u00e1sica en Espa\u00f1a, de donde es originaria. Su gen\u00e9tica es una<\/p>\n","protected":false},"featured_media":138756,"comment_status":"open","ping_status":"closed","template":"","meta":[],"product_brand":[],"product_cat":[7953],"product_tag":[],"class_list":{"0":"post-138767","1":"product","2":"type-product","3":"status-publish","4":"has-post-thumbnail","6":"product_cat-seedshop-es","8":"first","9":"instock","10":"taxable","11":"shipping-taxable","12":"purchasable","13":"product-type-variable"},"aioseo_notices":[],"_links":{"self":[{"href":"https:\/\/www.budream.com\/es\/wp-json\/wp\/v2\/product\/138767","targetHints":{"allow":["GET"]}}],"collection":[{"href":"https:\/\/www.budream.com\/es\/wp-json\/wp\/v2\/product"}],"about":[{"href":"https:\/\/www.budream.com\/es\/wp-json\/wp\/v2\/types\/product"}],"replies":[{"embeddable":true,"href":"https:\/\/www.budream.com\/es\/wp-json\/wp\/v2\/comments?post=138767"}],"version-history":[{"count":0,"href":"https:\/\/www.budream.com\/es\/wp-json\/wp\/v2\/product\/138767\/revisions"}],"wp:featuredmedia":[{"embeddable":true,"href":"https:\/\/www.budream.com\/es\/wp-json\/wp\/v2\/media\/138756"}],"wp:attachment":[{"href":"https:\/\/www.budream.com\/es\/wp-json\/wp\/v2\/media?parent=138767"}],"wp:term":[{"taxonomy":"product_brand","embeddable":true,"href":"https:\/\/www.budream.com\/es\/wp-json\/wp\/v2\/product_brand?post=138767"},{"taxonomy":"product_cat","embeddable":true,"href":"https:\/\/www.budream.com\/es\/wp-json\/wp\/v2\/product_cat?post=138767"},{"taxonomy":"product_tag","embeddable":true,"href":"https:\/\/www.budream.com\/es\/wp-json\/wp\/v2\/product_tag?post=138767"}],"curies":[{"name":"wp","href":"https:\/\/api.w.org\/{rel}","templated":true}]}}