{"id":138821,"date":"2025-07-31T05:17:06","date_gmt":"2025-07-31T03:17:06","guid":{"rendered":"https:\/\/www.budream.com\/shop\/semillas-royal-queen-speedy-chile-floracion-rapida-fem\/"},"modified":"2025-12-22T22:00:51","modified_gmt":"2025-12-22T20:00:51","slug":"semillas-royal-queen-speedy-chile-floracion-rapida-fem","status":"publish","type":"product","link":"https:\/\/www.budream.com\/es\/shop\/semillas-royal-queen-speedy-chile-floracion-rapida-fem\/","title":{"rendered":"SEMILLAS ROYAL QUEEN &#8211; SPEEDY CHILE FLORACION RAPIDA FEM"},"content":{"rendered":"<div id=\"short_description_content\" class=\"rte short-description-product hidden-sm hidden-xs\">\n<p>Royal Queen Seeds ha dise\u00f1ado las nuevas semillas de cannabis feminizadas Speedy Chile para insuflar nueva vida a las mejores caracter\u00edsticas de tus variedades favoritas. Las versiones m\u00e1s r\u00e1pidas de los cruces de RQS son alternativas ideales a las variedades autoflorecientes porque tienen mayor potencia y est\u00e1n dise\u00f1adas para tener un periodo de floraci\u00f3n m\u00e1s corto.<\/p>\n<\/div>\n<h2><strong>Caracter\u00edsticas Speedy Chile Royal Queen Seeds:<\/strong><\/h2>\n<ul style=\"list-style-type: disc\">\n<li><strong>G\u00e9nero:<\/strong> Feminizada<\/li>\n<li><strong>Genotipo:<\/strong> H\u00edbrido 40% Sativa 60% Indica<\/li>\n<li><strong>Gen\u00e9tica:<\/strong> Old School Skunk x Afghani<\/li>\n<li><strong>D\u00edas:<\/strong> 42-56<\/li>\n<\/ul>\n<p><em><strong>ADVERTENCIA:<\/strong> Las semillas de c\u00e1\u00f1amo est\u00e1n excluidas de la noci\u00f3n legal de Cannabis, lo que significa que no deben considerarse una sustancia estupefaciente (L. 412 de 1974, Art. 1, p\u00e1rrafo 1, lett. B; Convenci\u00f3n \u00danica sobre Estupefacientes de Nueva York de 1961 y tabla II del Decreto Ministerial 27\/7\/1992). En Italia, el cultivo del c\u00e1\u00f1amo est\u00e1 prohibido (art\u00edculos 28 y 73 del Decreto Presidencial 309\/90) a menos que se obtenga una autorizaci\u00f3n especial (art\u00edculo 17 del Decreto Presidencial 309\/90). A falta de autorizaci\u00f3n, las semillas s\u00f3lo pueden utilizarse para otros fines (zoot\u00e9cnicos, recolecci\u00f3n, etc.). Las semillas se venden con la reserva de que no sean utilizadas por terceros en conflicto con la ley.<\/em><\/p>\n","protected":false},"excerpt":{"rendered":"<p>Royal Queen Seeds ha dise\u00f1ado las nuevas semillas de cannabis feminizadas Speedy Chile para insuflar nueva vida a las mejores<\/p>\n","protected":false},"featured_media":138812,"comment_status":"open","ping_status":"closed","template":"","meta":[],"product_brand":[],"product_cat":[7953],"product_tag":[],"class_list":{"0":"post-138821","1":"product","2":"type-product","3":"status-publish","4":"has-post-thumbnail","6":"product_cat-seedshop-es","8":"first","9":"instock","10":"taxable","11":"shipping-taxable","12":"purchasable","13":"product-type-variable"},"aioseo_notices":[],"_links":{"self":[{"href":"https:\/\/www.budream.com\/es\/wp-json\/wp\/v2\/product\/138821","targetHints":{"allow":["GET"]}}],"collection":[{"href":"https:\/\/www.budream.com\/es\/wp-json\/wp\/v2\/product"}],"about":[{"href":"https:\/\/www.budream.com\/es\/wp-json\/wp\/v2\/types\/product"}],"replies":[{"embeddable":true,"href":"https:\/\/www.budream.com\/es\/wp-json\/wp\/v2\/comments?post=138821"}],"version-history":[{"count":0,"href":"https:\/\/www.budream.com\/es\/wp-json\/wp\/v2\/product\/138821\/revisions"}],"wp:featuredmedia":[{"embeddable":true,"href":"https:\/\/www.budream.com\/es\/wp-json\/wp\/v2\/media\/138812"}],"wp:attachment":[{"href":"https:\/\/www.budream.com\/es\/wp-json\/wp\/v2\/media?parent=138821"}],"wp:term":[{"taxonomy":"product_brand","embeddable":true,"href":"https:\/\/www.budream.com\/es\/wp-json\/wp\/v2\/product_brand?post=138821"},{"taxonomy":"product_cat","embeddable":true,"href":"https:\/\/www.budream.com\/es\/wp-json\/wp\/v2\/product_cat?post=138821"},{"taxonomy":"product_tag","embeddable":true,"href":"https:\/\/www.budream.com\/es\/wp-json\/wp\/v2\/product_tag?post=138821"}],"curies":[{"name":"wp","href":"https:\/\/api.w.org\/{rel}","templated":true}]}}