{"id":139607,"date":"2025-07-31T05:45:57","date_gmt":"2025-07-31T03:45:57","guid":{"rendered":"https:\/\/www.budream.com\/shop\/air-pot\/"},"modified":"2026-03-30T22:43:39","modified_gmt":"2026-03-30T20:43:39","slug":"air-pot","status":"publish","type":"product","link":"https:\/\/www.budream.com\/es\/shop\/air-pot\/","title":{"rendered":"AIR-POT"},"content":{"rendered":"<p><span style=\"font-family: arial, helvetica, sans-serif;font-size: medium\"><span style=\"font-family: arial, helvetica, sans-serif\"><span style=\"font-family: 'Times New Roman'\">Superoots Air-Pot Hydro es la versi\u00f3n dise\u00f1ada para uso en interior.<br \/>Es una maceta de pl\u00e1stico reutilizable cuya estructura especial mejora activamente la calidad del sistema radicular de las plantas.<\/span><\/span><\/span><\/p>\n<div style=\"font-family: 'Times New Roman';font-size: medium\"><span style=\"font-family: arial, helvetica, sans-serif\">Producida a partir de polietileno de alta densidad reciclado, Superoots Air-Pot tiene forma circular, con una pared perforada que est\u00e1 dise\u00f1ada como los cartones de huevos. No hay superficies planas para que las ra\u00edces inicien el proceso de espiralizaci\u00f3n.<\/span><\/div>\n<div style=\"font-family: 'Times New Roman';font-size: medium\"><span style=\"font-family: arial, helvetica, sans-serif\">Los conos cerrados que apuntan hacia el interior hacen que las ra\u00edces se dirijan al orificio situado en el extremo de los conos exteriores, donde se deshidratan.<\/span><\/div>\n<div style=\"font-family: 'Times New Roman';font-size: medium\"><span style=\"font-family: arial, helvetica, sans-serif\">La reacci\u00f3n de la planta a esta poda es emitir a\u00fan m\u00e1s ra\u00edces, lo que lleva al desarrollo de un sistema radicular radial denso y fibroso en muy poco tiempo.<br \/><\/span><\/div>\n","protected":false},"excerpt":{"rendered":"<p>Superoots Air-Pot Hydro es la versi\u00f3n dise\u00f1ada para uso en interior.Es una maceta de pl\u00e1stico reutilizable cuya estructura especial mejora<\/p>\n","protected":false},"featured_media":139602,"comment_status":"open","ping_status":"closed","template":"","meta":[],"product_brand":[],"product_cat":[7942],"product_tag":[],"class_list":{"0":"post-139607","1":"product","2":"type-product","3":"status-publish","4":"has-post-thumbnail","6":"product_cat-macetas-es","8":"first","9":"instock","10":"taxable","11":"shipping-taxable","12":"purchasable","13":"product-type-variable"},"_links":{"self":[{"href":"https:\/\/www.budream.com\/es\/wp-json\/wp\/v2\/product\/139607","targetHints":{"allow":["GET"]}}],"collection":[{"href":"https:\/\/www.budream.com\/es\/wp-json\/wp\/v2\/product"}],"about":[{"href":"https:\/\/www.budream.com\/es\/wp-json\/wp\/v2\/types\/product"}],"replies":[{"embeddable":true,"href":"https:\/\/www.budream.com\/es\/wp-json\/wp\/v2\/comments?post=139607"}],"version-history":[{"count":0,"href":"https:\/\/www.budream.com\/es\/wp-json\/wp\/v2\/product\/139607\/revisions"}],"wp:featuredmedia":[{"embeddable":true,"href":"https:\/\/www.budream.com\/es\/wp-json\/wp\/v2\/media\/139602"}],"wp:attachment":[{"href":"https:\/\/www.budream.com\/es\/wp-json\/wp\/v2\/media?parent=139607"}],"wp:term":[{"taxonomy":"product_brand","embeddable":true,"href":"https:\/\/www.budream.com\/es\/wp-json\/wp\/v2\/product_brand?post=139607"},{"taxonomy":"product_cat","embeddable":true,"href":"https:\/\/www.budream.com\/es\/wp-json\/wp\/v2\/product_cat?post=139607"},{"taxonomy":"product_tag","embeddable":true,"href":"https:\/\/www.budream.com\/es\/wp-json\/wp\/v2\/product_tag?post=139607"}],"curies":[{"name":"wp","href":"https:\/\/api.w.org\/{rel}","templated":true}]}}