{"id":139777,"date":"2025-07-31T05:48:46","date_gmt":"2025-07-31T03:48:46","guid":{"rendered":"https:\/\/www.budream.com\/shop\/banco-de-semillas-sensi-michka-fem\/"},"modified":"2025-12-22T15:56:27","modified_gmt":"2025-12-22T13:56:27","slug":"banco-de-semillas-sensi-michka-fem","status":"publish","type":"product","link":"https:\/\/www.budream.com\/es\/shop\/banco-de-semillas-sensi-michka-fem\/","title":{"rendered":"BANCO DE SEMILLAS SENSI &#8211; MICHKA FEM"},"content":{"rendered":"<div style=\"text-align: justify\">Las semillas feminizadas Michka de Sensi Seeds tienen unos or\u00edgenes muy curiosos. De hecho, esta cepa se cre\u00f3 porque, durante el proceso de cr\u00eda de Eagle Bill, llam\u00f3 la atenci\u00f3n de inmediato y se decidi\u00f3 conservarla y desarrollarla. As\u00ed naci\u00f3 esta maravillosa Sativa: un h\u00edbrido incre\u00edblemente bello que lleva el nombre de la Gran Dama, Michka Seelinger-Chatelain.<\/p>\n<\/div>\n<h2><strong>Caracter\u00edsticas Michka Fem Sensi Seeds Bank:<\/strong><\/h2>\n<ul style=\"list-style-type: disc\">\n<li><strong>G\u00e9nero:<\/strong> Feminizada<\/li>\n<li><strong>Genotipo: <\/strong>H\u00edbrido 20% Indica \/ 80% Sativa<\/li>\n<li><strong>Gen\u00e9tica:<\/strong> Super Skunk <span class=\"cross\">x<\/span> Jack Herer <span class=\"cross\">x<\/span> Haze<\/li>\n<li><strong>D\u00edas de floraci\u00f3n:<\/strong> 70-85 d\u00edas<\/li>\n<\/ul>\n<p><span style=\"font-size: 11pt\"><em><strong>ADVERTENCIA:<\/strong> Las semillas de c\u00e1\u00f1amo est\u00e1n excluidas de la noci\u00f3n legal de Cannabis, lo que significa que no deben considerarse una sustancia estupefaciente (L. 412 de 1974, art. 1, p\u00e1rrafo 1, lett. B; Convenci\u00f3n \u00danica sobre Estupefacientes de Nueva York de 1961 y tabla II del Decreto Ministerial 27\/7\/1992). En Italia, el cultivo del c\u00e1\u00f1amo est\u00e1 prohibido (art\u00edculos 28 y 73 del Decreto Presidencial 309\/90) a menos que se obtenga una autorizaci\u00f3n especial (art\u00edculo 17 del Decreto Presidencial 309\/90). A falta de autorizaci\u00f3n, las semillas s\u00f3lo pueden utilizarse para otros fines (zoot\u00e9cnicos, recolecci\u00f3n, etc.). Las semillas se venden con la reserva de que no sean utilizadas por terceros en conflicto con la ley.<\/em><\/span><\/p>\n","protected":false},"excerpt":{"rendered":"<p>Las semillas feminizadas Michka de Sensi Seeds tienen unos or\u00edgenes muy curiosos. De hecho, esta cepa se cre\u00f3 porque, durante<\/p>\n","protected":false},"featured_media":197078,"comment_status":"open","ping_status":"closed","template":"","meta":[],"product_brand":[],"product_cat":[7953],"product_tag":[],"class_list":{"0":"post-139777","1":"product","2":"type-product","3":"status-publish","4":"has-post-thumbnail","6":"product_cat-seedshop-es","8":"first","9":"instock","10":"taxable","11":"shipping-taxable","12":"purchasable","13":"product-type-variable"},"_links":{"self":[{"href":"https:\/\/www.budream.com\/es\/wp-json\/wp\/v2\/product\/139777","targetHints":{"allow":["GET"]}}],"collection":[{"href":"https:\/\/www.budream.com\/es\/wp-json\/wp\/v2\/product"}],"about":[{"href":"https:\/\/www.budream.com\/es\/wp-json\/wp\/v2\/types\/product"}],"replies":[{"embeddable":true,"href":"https:\/\/www.budream.com\/es\/wp-json\/wp\/v2\/comments?post=139777"}],"version-history":[{"count":0,"href":"https:\/\/www.budream.com\/es\/wp-json\/wp\/v2\/product\/139777\/revisions"}],"wp:featuredmedia":[{"embeddable":true,"href":"https:\/\/www.budream.com\/es\/wp-json\/wp\/v2\/media\/197078"}],"wp:attachment":[{"href":"https:\/\/www.budream.com\/es\/wp-json\/wp\/v2\/media?parent=139777"}],"wp:term":[{"taxonomy":"product_brand","embeddable":true,"href":"https:\/\/www.budream.com\/es\/wp-json\/wp\/v2\/product_brand?post=139777"},{"taxonomy":"product_cat","embeddable":true,"href":"https:\/\/www.budream.com\/es\/wp-json\/wp\/v2\/product_cat?post=139777"},{"taxonomy":"product_tag","embeddable":true,"href":"https:\/\/www.budream.com\/es\/wp-json\/wp\/v2\/product_tag?post=139777"}],"curies":[{"name":"wp","href":"https:\/\/api.w.org\/{rel}","templated":true}]}}