{"id":139914,"date":"2025-07-31T05:51:57","date_gmt":"2025-07-31T03:51:57","guid":{"rendered":"https:\/\/www.budream.com\/shop\/royal-queen-seeds-moledor-de-metal-con-logo-40x18mm\/"},"modified":"2026-03-16T14:02:34","modified_gmt":"2026-03-16T12:02:34","slug":"royal-queen-seeds-moledor-de-metal-con-logo-40x18mm","status":"publish","type":"product","link":"https:\/\/www.budream.com\/es\/shop\/royal-queen-seeds-moledor-de-metal-con-logo-40x18mm\/","title":{"rendered":"ROYAL QUEEN SEEDS &#8211; MOLEDOR DE METAL CON LOGO | 40x18mm"},"content":{"rendered":"<p>El grinder de metal de Royal Queen Seeds no es el t\u00edpico grinder de pl\u00e1stico barato para hierba. Es un grinder de 2 piezas con afilados dientes de metal para moler hasta los cogollos m\u00e1s duros y convertirlos en un fino polvo. El grinder negro es resistente y tiene una tapa con colores que resaltan el logotipo de Royal Queen Seeds.<\/p>\n<h2><strong>Caracter\u00edsticas Grinder de aluminio con el logotipo de Royal Queen Seeds:<\/strong><\/h2>\n<ul style=\"list-style-type: disc\">\n<li><strong>Material:<\/strong> Aluminio<\/li>\n<\/ul>\n<p><a href=\"http:\/\/www.dutch-passion.nl\/it\/\" target=\"_blank\" rel=\"noopener noreferrer nofollow\"><br \/><\/a><\/p>\n<div><\/div>\n","protected":false},"excerpt":{"rendered":"<p>El grinder de metal de Royal Queen Seeds no es el t\u00edpico grinder de pl\u00e1stico barato para hierba. Es un<\/p>\n","protected":false},"featured_media":139905,"comment_status":"open","ping_status":"closed","template":"","meta":[],"product_brand":[],"product_cat":[7948],"product_tag":[],"class_list":{"0":"post-139914","1":"product","2":"type-product","3":"status-publish","4":"has-post-thumbnail","6":"product_cat-headshop-es","8":"first","9":"outofstock","10":"taxable","11":"shipping-taxable","12":"purchasable","13":"product-type-variable"},"aioseo_notices":[],"_links":{"self":[{"href":"https:\/\/www.budream.com\/es\/wp-json\/wp\/v2\/product\/139914","targetHints":{"allow":["GET"]}}],"collection":[{"href":"https:\/\/www.budream.com\/es\/wp-json\/wp\/v2\/product"}],"about":[{"href":"https:\/\/www.budream.com\/es\/wp-json\/wp\/v2\/types\/product"}],"replies":[{"embeddable":true,"href":"https:\/\/www.budream.com\/es\/wp-json\/wp\/v2\/comments?post=139914"}],"version-history":[{"count":0,"href":"https:\/\/www.budream.com\/es\/wp-json\/wp\/v2\/product\/139914\/revisions"}],"wp:featuredmedia":[{"embeddable":true,"href":"https:\/\/www.budream.com\/es\/wp-json\/wp\/v2\/media\/139905"}],"wp:attachment":[{"href":"https:\/\/www.budream.com\/es\/wp-json\/wp\/v2\/media?parent=139914"}],"wp:term":[{"taxonomy":"product_brand","embeddable":true,"href":"https:\/\/www.budream.com\/es\/wp-json\/wp\/v2\/product_brand?post=139914"},{"taxonomy":"product_cat","embeddable":true,"href":"https:\/\/www.budream.com\/es\/wp-json\/wp\/v2\/product_cat?post=139914"},{"taxonomy":"product_tag","embeddable":true,"href":"https:\/\/www.budream.com\/es\/wp-json\/wp\/v2\/product_tag?post=139914"}],"curies":[{"name":"wp","href":"https:\/\/api.w.org\/{rel}","templated":true}]}}