{"id":140077,"date":"2025-07-31T05:56:15","date_gmt":"2025-07-31T03:56:15","guid":{"rendered":"https:\/\/www.budream.com\/shop\/sweet-seeds-green-poison-cbd-fem-sws70-disponible-hasta-fin-de-existencias\/"},"modified":"2025-12-12T13:39:08","modified_gmt":"2025-12-12T11:39:08","slug":"sweet-seeds-green-poison-cbd-fem-sws70-disponible-hasta-fin-de-existencias","status":"publish","type":"product","link":"https:\/\/www.budream.com\/es\/shop\/sweet-seeds-green-poison-cbd-fem-sws70-disponible-hasta-fin-de-existencias\/","title":{"rendered":"SWEET SEEDS &#8211; GREEN POISON CBD\u00ae FEM (SWS70) Disponible hasta fin de existencias"},"content":{"rendered":"<div style=\"text-align: justify\">Versi\u00f3n rica en cannabidiol (CBD) de una de las gen\u00e9ticas m\u00e1s populares del cat\u00e1logo de Sweet Seeds&reg;, Green Poison&reg; (SWS14). Green Poison CBD&reg; (SWS70) es una variedad h\u00edbrida resultado del cruce entre nuestra Green Poison&reg; y un clon seleccionado rico en CBD con ancestros de la familia Diesel.<\/div>\n<p><\/p>\n<h2><strong>Caracter\u00edsticas Green Poison CBD Fem Sweet Seeds:<\/strong><\/h2>\n<ul style=\"list-style-type: disc\">\n<li><strong>G\u00e9nero:<\/strong> H\u00edbrido Feminizado<\/li>\n<li><strong>Gen\u00e9tica:<\/strong> Green Poison (SWS14) x clon rico en CBD<\/li>\n<li><strong>Composici\u00f3n<\/strong>: 55% Indica \/ 45% Sativa<\/li>\n<li><strong>D\u00edas:<\/strong> 49<\/li>\n<\/ul>\n<p><\/p>\n<div style=\"text-align: justify\"><span style=\"font-size: 11pt\"><em><strong>ADVERTENCIA:<\/strong> Las semillas de c\u00e1\u00f1amo est\u00e1n excluidas de la noci\u00f3n legal de Cannabis, lo que significa que no deben considerarse una sustancia estupefaciente (L. 412 de 1974, art. 1, coma 1, lett. B; Convenci\u00f3n \u00danica sobre Estupefacientes de Nueva York de 1961 y tabla II del Decreto Ministerial 27\/7\/1992). En Italia, el cultivo del c\u00e1\u00f1amo est\u00e1 prohibido (art\u00edculos 28 y 73 del Decreto Presidencial 309\/90) a menos que se obtenga una autorizaci\u00f3n especial (art\u00edculo 17 del Decreto Presidencial 309\/90). A falta de autorizaci\u00f3n, las semillas s\u00f3lo pueden utilizarse para otros fines (zoot\u00e9cnicos, recolecci\u00f3n, etc.). Las semillas se venden con la reserva de que no ser\u00e1n utilizadas por terceros en conflicto con la ley.<\/em><\/span><\/div>\n","protected":false},"excerpt":{"rendered":"<p>Versi\u00f3n rica en cannabidiol (CBD) de una de las gen\u00e9ticas m\u00e1s populares del cat\u00e1logo de Sweet Seeds&reg;, Green Poison&reg; (SWS14).<\/p>\n","protected":false},"featured_media":140068,"comment_status":"open","ping_status":"closed","template":"","meta":[],"product_brand":[],"product_cat":[7953],"product_tag":[],"class_list":{"0":"post-140077","1":"product","2":"type-product","3":"status-publish","4":"has-post-thumbnail","6":"product_cat-seedshop-es","8":"first","9":"instock","10":"sale","11":"taxable","12":"shipping-taxable","13":"purchasable","14":"product-type-variable"},"_links":{"self":[{"href":"https:\/\/www.budream.com\/es\/wp-json\/wp\/v2\/product\/140077","targetHints":{"allow":["GET"]}}],"collection":[{"href":"https:\/\/www.budream.com\/es\/wp-json\/wp\/v2\/product"}],"about":[{"href":"https:\/\/www.budream.com\/es\/wp-json\/wp\/v2\/types\/product"}],"replies":[{"embeddable":true,"href":"https:\/\/www.budream.com\/es\/wp-json\/wp\/v2\/comments?post=140077"}],"version-history":[{"count":0,"href":"https:\/\/www.budream.com\/es\/wp-json\/wp\/v2\/product\/140077\/revisions"}],"wp:featuredmedia":[{"embeddable":true,"href":"https:\/\/www.budream.com\/es\/wp-json\/wp\/v2\/media\/140068"}],"wp:attachment":[{"href":"https:\/\/www.budream.com\/es\/wp-json\/wp\/v2\/media?parent=140077"}],"wp:term":[{"taxonomy":"product_brand","embeddable":true,"href":"https:\/\/www.budream.com\/es\/wp-json\/wp\/v2\/product_brand?post=140077"},{"taxonomy":"product_cat","embeddable":true,"href":"https:\/\/www.budream.com\/es\/wp-json\/wp\/v2\/product_cat?post=140077"},{"taxonomy":"product_tag","embeddable":true,"href":"https:\/\/www.budream.com\/es\/wp-json\/wp\/v2\/product_tag?post=140077"}],"curies":[{"name":"wp","href":"https:\/\/api.w.org\/{rel}","templated":true}]}}