{"id":140102,"date":"2025-07-31T05:57:20","date_gmt":"2025-07-31T03:57:20","guid":{"rendered":"https:\/\/www.budream.com\/shop\/semillas-dulces-melocoton-miel-auto-cbd-fem\/"},"modified":"2026-04-01T13:56:35","modified_gmt":"2026-04-01T11:56:35","slug":"semillas-dulces-melocoton-miel-auto-cbd-fem","status":"publish","type":"product","link":"https:\/\/www.budream.com\/es\/shop\/semillas-dulces-melocoton-miel-auto-cbd-fem\/","title":{"rendered":"SEMILLAS DULCES &#8211; MELOCOT\u00d3N MIEL AUTO CBD\u00ae FEM"},"content":{"rendered":"<div style=\"text-align: justify\">Variedad autofloreciente de 5\u00aa generaci\u00f3n y alto CBD, resultado del cruce de una selecci\u00f3n de nuestras mejores cepas autoflorecientes con un clon rico en CBD dependiente del fotoperiodo.<\/div>\n<p><\/p>\n<h2><strong>Caracter\u00edsticas Honey Peach Auto CBD Fem (SWS64) Sweet Seeds:<\/strong><\/h2>\n<ul style=\"list-style-type: disc\">\n<li><strong>G\u00e9nero:<\/strong> H\u00edbrido Feminizado<\/li>\n<li><strong>Gen\u00e9tica:<\/strong> Sweet Seeds Autofloreciente x clon fotoperi\u00f3dico rico en CBD<\/li>\n<li>Composici\u00f3n<strong>:<\/strong> 70% Indica \/ 29.2% Sativa \/ Ruderalis 0.8%.<\/li>\n<li><strong>D\u00edas:<\/strong> 56<\/li>\n<\/ul>\n<p><\/p>\n<div style=\"text-align: justify\"><span style=\"font-size: 11pt\"><em><strong>ADVERTENCIA:<\/strong> Las semillas de c\u00e1\u00f1amo est\u00e1n excluidas de la noci\u00f3n legal de Cannabis, lo que significa que no deben considerarse una sustancia estupefaciente (L. 412 de 1974, art. 1, coma 1, lett. B; Convenci\u00f3n \u00danica sobre Estupefacientes de Nueva York de 1961 y tabla II del Decreto Ministerial 27\/7\/1992). En Italia, el cultivo del c\u00e1\u00f1amo est\u00e1 prohibido (art\u00edculos 28 y 73 del Decreto Presidencial 309\/90) a menos que se obtenga una autorizaci\u00f3n especial (art\u00edculo 17 del Decreto Presidencial 309\/90). A falta de autorizaci\u00f3n, las semillas s\u00f3lo pueden utilizarse para otros fines (zoot\u00e9cnicos, recolecci\u00f3n, etc.). Las semillas se venden con la reserva de que no ser\u00e1n utilizadas por terceros en conflicto con la ley.<\/em><\/span><\/div>\n","protected":false},"excerpt":{"rendered":"<p>Variedad autofloreciente de 5\u00aa generaci\u00f3n y alto CBD, resultado del cruce de una selecci\u00f3n de nuestras mejores cepas autoflorecientes con<\/p>\n","protected":false},"featured_media":140093,"comment_status":"open","ping_status":"closed","template":"","meta":[],"product_brand":[],"product_cat":[1175],"product_tag":[],"class_list":{"0":"post-140102","1":"product","2":"type-product","3":"status-publish","4":"has-post-thumbnail","6":"product_cat-seedshop","8":"first","9":"instock","10":"taxable","11":"shipping-taxable","12":"purchasable","13":"product-type-variable"},"aioseo_notices":[],"_links":{"self":[{"href":"https:\/\/www.budream.com\/es\/wp-json\/wp\/v2\/product\/140102","targetHints":{"allow":["GET"]}}],"collection":[{"href":"https:\/\/www.budream.com\/es\/wp-json\/wp\/v2\/product"}],"about":[{"href":"https:\/\/www.budream.com\/es\/wp-json\/wp\/v2\/types\/product"}],"replies":[{"embeddable":true,"href":"https:\/\/www.budream.com\/es\/wp-json\/wp\/v2\/comments?post=140102"}],"version-history":[{"count":0,"href":"https:\/\/www.budream.com\/es\/wp-json\/wp\/v2\/product\/140102\/revisions"}],"wp:featuredmedia":[{"embeddable":true,"href":"https:\/\/www.budream.com\/es\/wp-json\/wp\/v2\/media\/140093"}],"wp:attachment":[{"href":"https:\/\/www.budream.com\/es\/wp-json\/wp\/v2\/media?parent=140102"}],"wp:term":[{"taxonomy":"product_brand","embeddable":true,"href":"https:\/\/www.budream.com\/es\/wp-json\/wp\/v2\/product_brand?post=140102"},{"taxonomy":"product_cat","embeddable":true,"href":"https:\/\/www.budream.com\/es\/wp-json\/wp\/v2\/product_cat?post=140102"},{"taxonomy":"product_tag","embeddable":true,"href":"https:\/\/www.budream.com\/es\/wp-json\/wp\/v2\/product_tag?post=140102"}],"curies":[{"name":"wp","href":"https:\/\/api.w.org\/{rel}","templated":true}]}}