{"id":140127,"date":"2025-07-31T05:58:35","date_gmt":"2025-07-31T03:58:35","guid":{"rendered":"https:\/\/www.budream.com\/shop\/sweet-seeds-nyc-diesel-cbd-fem-antes-ice-cool-cbd-fem\/"},"modified":"2025-12-12T14:02:05","modified_gmt":"2025-12-12T12:02:05","slug":"sweet-seeds-nyc-diesel-cbd-fem-antes-ice-cool-cbd-fem","status":"publish","type":"product","link":"https:\/\/www.budream.com\/es\/shop\/sweet-seeds-nyc-diesel-cbd-fem-antes-ice-cool-cbd-fem\/","title":{"rendered":"SWEET SEEDS &#8211; NYC DIESEL CBD\u00ae FEM (antes ICE COOL CBD\u00ae FEM)"},"content":{"rendered":"<div style=\"text-align: justify\">Disponible hasta fin de existencias<\/p>\n<p>Versi\u00f3n rica en CBD de una de las mejores gen\u00e9ticas de nuestro cat\u00e1logo, nuestra querida NYC Diesel&reg; (SWS06). Dos linajes gen\u00e9ticos de la familia Diesel, nuestra NYC Diesel&reg; y un clon \u00ab\u00e9lite\u00bb seleccionado de ancestros Diesel ricos en CBD, se fusionan en esta variedad.<\/p><\/div>\n<p><\/p>\n<h2><strong>Caracter\u00edsticas NYC Diesel CBD Fem (SWS69) Sweet Seeds:<\/strong><\/h2>\n<ul style=\"list-style-type: disc\">\n<li><strong>G\u00e9nero:<\/strong> H\u00edbrido Feminizado<\/li>\n<li><strong>Gen\u00e9tica:<\/strong> NYC Diesel x Elite clon rico en CBD<\/li>\n<li><strong>Composici\u00f3n<\/strong>: 40% Indica \/ 60% Sativa<\/li>\n<li><strong>D\u00edas:<\/strong> 56-63<\/li>\n<\/ul>\n<p><\/p>\n<div style=\"text-align: justify\"><span style=\"font-size: 11pt\"><em><strong>ADVERTENCIA:<\/strong> Las semillas de c\u00e1\u00f1amo est\u00e1n excluidas de la noci\u00f3n legal de Cannabis, lo que significa que no deben considerarse una sustancia estupefaciente (L. 412 de 1974, art. 1, coma 1, lett. B; Convenci\u00f3n \u00danica sobre Estupefacientes de Nueva York de 1961 y tabla II del decreto ministerial 27\/7\/1992). En Italia, el cultivo del c\u00e1\u00f1amo est\u00e1 prohibido (art\u00edculos 28 y 73 del Decreto Presidencial 309\/90) a menos que se obtenga una autorizaci\u00f3n especial (art\u00edculo 17 del Decreto Presidencial 309\/90). A falta de autorizaci\u00f3n, las semillas s\u00f3lo pueden utilizarse para otros fines (zoot\u00e9cnicos, recolecci\u00f3n, etc.). Las semillas se venden con la reserva de que no ser\u00e1n utilizadas por terceros en conflicto con la ley.<\/em><\/span><\/div>\n","protected":false},"excerpt":{"rendered":"<p>Disponible hasta fin de existencias Versi\u00f3n rica en CBD de una de las mejores gen\u00e9ticas de nuestro cat\u00e1logo, nuestra querida<\/p>\n","protected":false},"featured_media":140118,"comment_status":"open","ping_status":"closed","template":"","meta":[],"product_brand":[],"product_cat":[1175],"product_tag":[],"class_list":{"0":"post-140127","1":"product","2":"type-product","3":"status-publish","4":"has-post-thumbnail","6":"product_cat-seedshop","8":"first","9":"instock","10":"taxable","11":"shipping-taxable","12":"purchasable","13":"product-type-variable"},"aioseo_notices":[],"_links":{"self":[{"href":"https:\/\/www.budream.com\/es\/wp-json\/wp\/v2\/product\/140127","targetHints":{"allow":["GET"]}}],"collection":[{"href":"https:\/\/www.budream.com\/es\/wp-json\/wp\/v2\/product"}],"about":[{"href":"https:\/\/www.budream.com\/es\/wp-json\/wp\/v2\/types\/product"}],"replies":[{"embeddable":true,"href":"https:\/\/www.budream.com\/es\/wp-json\/wp\/v2\/comments?post=140127"}],"version-history":[{"count":0,"href":"https:\/\/www.budream.com\/es\/wp-json\/wp\/v2\/product\/140127\/revisions"}],"wp:featuredmedia":[{"embeddable":true,"href":"https:\/\/www.budream.com\/es\/wp-json\/wp\/v2\/media\/140118"}],"wp:attachment":[{"href":"https:\/\/www.budream.com\/es\/wp-json\/wp\/v2\/media?parent=140127"}],"wp:term":[{"taxonomy":"product_brand","embeddable":true,"href":"https:\/\/www.budream.com\/es\/wp-json\/wp\/v2\/product_brand?post=140127"},{"taxonomy":"product_cat","embeddable":true,"href":"https:\/\/www.budream.com\/es\/wp-json\/wp\/v2\/product_cat?post=140127"},{"taxonomy":"product_tag","embeddable":true,"href":"https:\/\/www.budream.com\/es\/wp-json\/wp\/v2\/product_tag?post=140127"}],"curies":[{"name":"wp","href":"https:\/\/api.w.org\/{rel}","templated":true}]}}