{"id":140158,"date":"2025-07-31T05:59:41","date_gmt":"2025-07-31T03:59:41","guid":{"rendered":"https:\/\/www.budream.com\/shop\/dutch-passion-bubba-island-kush-fem-disponible-hasta-fin-de-existencias\/"},"modified":"2026-03-09T19:52:27","modified_gmt":"2026-03-09T17:52:27","slug":"dutch-passion-bubba-island-kush-fem-disponible-hasta-fin-de-existencias","status":"publish","type":"product","link":"https:\/\/www.budream.com\/es\/shop\/dutch-passion-bubba-island-kush-fem-disponible-hasta-fin-de-existencias\/","title":{"rendered":"DUTCH PASSION &#8211; BUBBA ISLAND KUSH FEM Disponible hasta fin de existencias"},"content":{"rendered":"<div style=\"text-align: justify\">La gen\u00e9tica Kush madre de Bubba Isalnd Kush tiene su origen en Norteam\u00e9rica. Los genetistas de Dutch Passion han desarrollado esta nueva variedad cruzando (Grandaddy Purple x OG Kush) con un progenitor Bubba Kush anterior al 98, dando una adici\u00f3n muy especial a la colecci\u00f3n de Dutch Passion. Bubba Island Kush forma parte de nuestra colecci\u00f3n de semillas USA Special, que contiene las mejores gen\u00e9ticas estadounidenses.<\/div>\n<p><\/p>\n<h2><strong>Caracter\u00edsticas Bubba Island Kush Fem:<\/strong><\/h2>\n<ul style=\"list-style-type: disc\">\n<li><strong>G\u00e9nero:<\/strong> Feminizada L<\/li>\n<li>Genotipo<strong>:<\/strong> H\u00edbrido Indica dominante<\/li>\n<li><strong>Gen\u00e9tica: <\/strong>pre &#8217;98 Bubba Kush X (Grandaddy Purple x OG Kush)<\/li>\n<li><strong>D\u00edas:<\/strong> 49<\/li>\n<\/ul>\n<p><\/p>\n<div style=\"text-align: justify\"><span style=\"font-size: 11pt\"><em><strong>ADVERTENCIA:<\/strong> Las semillas de c\u00e1\u00f1amo est\u00e1n excluidas de la noci\u00f3n legal de Cannabis, lo que significa que no deben considerarse una sustancia estupefaciente (L. 412 de 1974, art. 1, coma 1, lett. B; Convenci\u00f3n \u00danica sobre Estupefacientes de Nueva York de 1961 y tabla II del decreto ministerial 27\/7\/1992). En Italia, el cultivo del c\u00e1\u00f1amo est\u00e1 prohibido (art\u00edculos 28 y 73 del Decreto Presidencial 309\/90) a menos que se obtenga una autorizaci\u00f3n especial (art\u00edculo 17 del Decreto Presidencial 309\/90). A falta de autorizaci\u00f3n, las semillas s\u00f3lo pueden utilizarse para otros fines (zoot\u00e9cnicos, recolecci\u00f3n, etc.). Las semillas se venden con la reserva de que no ser\u00e1n utilizadas por terceros en conflicto con la ley.<\/em><\/span><\/div>\n","protected":false},"excerpt":{"rendered":"<p>La gen\u00e9tica Kush madre de Bubba Isalnd Kush tiene su origen en Norteam\u00e9rica. Los genetistas de Dutch Passion han desarrollado<\/p>\n","protected":false},"featured_media":140145,"comment_status":"open","ping_status":"closed","template":"","meta":[],"product_brand":[],"product_cat":[7953],"product_tag":[],"class_list":{"0":"post-140158","1":"product","2":"type-product","3":"status-publish","4":"has-post-thumbnail","6":"product_cat-seedshop-es","8":"first","9":"outofstock","10":"taxable","11":"shipping-taxable","12":"product-type-variable"},"aioseo_notices":[],"_links":{"self":[{"href":"https:\/\/www.budream.com\/es\/wp-json\/wp\/v2\/product\/140158","targetHints":{"allow":["GET"]}}],"collection":[{"href":"https:\/\/www.budream.com\/es\/wp-json\/wp\/v2\/product"}],"about":[{"href":"https:\/\/www.budream.com\/es\/wp-json\/wp\/v2\/types\/product"}],"replies":[{"embeddable":true,"href":"https:\/\/www.budream.com\/es\/wp-json\/wp\/v2\/comments?post=140158"}],"version-history":[{"count":0,"href":"https:\/\/www.budream.com\/es\/wp-json\/wp\/v2\/product\/140158\/revisions"}],"wp:featuredmedia":[{"embeddable":true,"href":"https:\/\/www.budream.com\/es\/wp-json\/wp\/v2\/media\/140145"}],"wp:attachment":[{"href":"https:\/\/www.budream.com\/es\/wp-json\/wp\/v2\/media?parent=140158"}],"wp:term":[{"taxonomy":"product_brand","embeddable":true,"href":"https:\/\/www.budream.com\/es\/wp-json\/wp\/v2\/product_brand?post=140158"},{"taxonomy":"product_cat","embeddable":true,"href":"https:\/\/www.budream.com\/es\/wp-json\/wp\/v2\/product_cat?post=140158"},{"taxonomy":"product_tag","embeddable":true,"href":"https:\/\/www.budream.com\/es\/wp-json\/wp\/v2\/product_tag?post=140158"}],"curies":[{"name":"wp","href":"https:\/\/api.w.org\/{rel}","templated":true}]}}