{"id":141800,"date":"2025-07-31T06:41:33","date_gmt":"2025-07-31T04:41:33","guid":{"rendered":"https:\/\/www.budream.com\/shop\/barneys-farm-orange-sherbert-fem-disponible-hasta-fin-de-existencias-2\/"},"modified":"2025-12-23T03:10:05","modified_gmt":"2025-12-23T01:10:05","slug":"barneys-farm-orange-sherbert-fem-disponible-hasta-fin-de-existencias-2","status":"publish","type":"product","link":"https:\/\/www.budream.com\/es\/shop\/barneys-farm-orange-sherbert-fem-disponible-hasta-fin-de-existencias-2\/","title":{"rendered":"BARNEY&#8217;S FARM &#8211; ORANGE SHERBERT FEM Disponible hasta fin de existencias"},"content":{"rendered":"<div style=\"text-align: justify\">ORANGE SHERBERT es un h\u00edbrido con dominancia Indica, una variedad totalmente americana que combina Orange Cream, Purple Urkle y Cherry Pie.<\/div>\n<p><\/p>\n<h2><strong>Caracter\u00edsticas Orange Sherbert Fem:<\/strong><\/h2>\n<ul style=\"list-style-type: disc\">\n<li><strong>G\u00e9nero:<\/strong> Feminizada<\/li>\n<li><strong>Genotipo<\/strong>: 80% Indica \/ 20% Sativa<\/li>\n<li><strong>Gen\u00e9tica:<\/strong> Orange Cream x Purple Urkle x Cherry Pie<\/li>\n<li><strong>D\u00edas de floraci\u00f3n:<\/strong> 60 &#8211; 70 d\u00edas<\/li>\n<\/ul>\n<p><\/p>\n<div style=\"text-align: justify\"><span style=\"font-size: 11pt\"><em><strong>ADVERTENCIA:<\/strong> Las semillas de c\u00e1\u00f1amo est\u00e1n excluidas de la noci\u00f3n legal de Cannabis, lo que significa que no deben considerarse una sustancia estupefaciente (L. 412 de 1974, art. 1, p\u00e1rrafo 1, lett. B; Convenci\u00f3n \u00danica sobre Estupefacientes de Nueva York de 1961 y tabla II del Decreto Ministerial 27\/7\/1992). En Italia, el cultivo del c\u00e1\u00f1amo est\u00e1 prohibido (art\u00edculos 28 y 73 del Decreto Presidencial 309\/90) a menos que se obtenga una autorizaci\u00f3n especial (art\u00edculo 17 del Decreto Presidencial 309\/90). A falta de autorizaci\u00f3n, las semillas s\u00f3lo pueden utilizarse para otros fines (zoot\u00e9cnicos, recolecci\u00f3n, etc.). Las semillas se venden con la reserva de que no ser\u00e1n utilizadas por terceros en conflicto con la ley.<\/em><\/span><\/div>\n","protected":false},"excerpt":{"rendered":"<p>ORANGE SHERBERT es un h\u00edbrido con dominancia Indica, una variedad totalmente americana que combina Orange Cream, Purple Urkle y Cherry<\/p>\n","protected":false},"featured_media":141778,"comment_status":"open","ping_status":"closed","template":"","meta":[],"product_brand":[],"product_cat":[7953],"product_tag":[],"class_list":{"0":"post-141800","1":"product","2":"type-product","3":"status-publish","4":"has-post-thumbnail","6":"product_cat-seedshop-es","8":"first","9":"outofstock","10":"taxable","11":"shipping-taxable","12":"product-type-variable"},"_links":{"self":[{"href":"https:\/\/www.budream.com\/es\/wp-json\/wp\/v2\/product\/141800","targetHints":{"allow":["GET"]}}],"collection":[{"href":"https:\/\/www.budream.com\/es\/wp-json\/wp\/v2\/product"}],"about":[{"href":"https:\/\/www.budream.com\/es\/wp-json\/wp\/v2\/types\/product"}],"replies":[{"embeddable":true,"href":"https:\/\/www.budream.com\/es\/wp-json\/wp\/v2\/comments?post=141800"}],"version-history":[{"count":0,"href":"https:\/\/www.budream.com\/es\/wp-json\/wp\/v2\/product\/141800\/revisions"}],"wp:featuredmedia":[{"embeddable":true,"href":"https:\/\/www.budream.com\/es\/wp-json\/wp\/v2\/media\/141778"}],"wp:attachment":[{"href":"https:\/\/www.budream.com\/es\/wp-json\/wp\/v2\/media?parent=141800"}],"wp:term":[{"taxonomy":"product_brand","embeddable":true,"href":"https:\/\/www.budream.com\/es\/wp-json\/wp\/v2\/product_brand?post=141800"},{"taxonomy":"product_cat","embeddable":true,"href":"https:\/\/www.budream.com\/es\/wp-json\/wp\/v2\/product_cat?post=141800"},{"taxonomy":"product_tag","embeddable":true,"href":"https:\/\/www.budream.com\/es\/wp-json\/wp\/v2\/product_tag?post=141800"}],"curies":[{"name":"wp","href":"https:\/\/api.w.org\/{rel}","templated":true}]}}