{"id":141849,"date":"2025-07-31T06:42:47","date_gmt":"2025-07-31T04:42:47","guid":{"rendered":"https:\/\/www.budream.com\/shop\/royal-queen-seeds-amg-amnesia-mc-ganja-fem\/"},"modified":"2026-02-24T16:16:59","modified_gmt":"2026-02-24T14:16:59","slug":"royal-queen-seeds-amg-amnesia-mc-ganja-fem","status":"publish","type":"product","link":"https:\/\/www.budream.com\/es\/shop\/royal-queen-seeds-amg-amnesia-mc-ganja-fem\/","title":{"rendered":"ROYAL QUEEN SEEDS &#8211; AMG AMNESIA MC GANJA FEM"},"content":{"rendered":"<p>Amnesia Mac Ganja es una cepa incre\u00edble creada por el propio &#8216;Ganja Man&#8217;, y descendiente de las famosas cepas Amnesia y Mac Ganja Haze. Est\u00e1 compuesta s\u00f3lo por un 80% de genes sativa.<\/p>\n<h2><strong>Caracter\u00edsticas AMG Amnesia Mc Ganja Royal Queen Seeds:<\/strong><\/h2>\n<ul style=\"list-style-type: disc\">\n<li><strong>G\u00e9nero:<\/strong> Feminizada<\/li>\n<li><strong>Genotipo:<\/strong> H\u00edbrido 80% Sativa 20% Indica<\/li>\n<li><strong>Gen\u00e9tica:<\/strong> Amnesia x Mexican Haze<\/li>\n<li><strong>D\u00edas:<\/strong> 70-77<\/li>\n<\/ul>\n<p><em><strong>ADVERTENCIA:<\/strong> Las semillas de c\u00e1\u00f1amo est\u00e1n excluidas de la noci\u00f3n legal de Cannabis, lo que significa que no deben considerarse una sustancia estupefaciente (L. 412 de 1974, Art. 1, p\u00e1rrafo 1, lett. B; Convenci\u00f3n \u00danica sobre Estupefacientes de Nueva York de 1961 y tabla II del Decreto Ministerial 27\/7\/1992). En Italia, el cultivo del c\u00e1\u00f1amo est\u00e1 prohibido (art\u00edculos 28 y 73 del Decreto Presidencial 309\/90) a menos que se obtenga una autorizaci\u00f3n especial (art\u00edculo 17 del Decreto Presidencial 309\/90). A falta de autorizaci\u00f3n, las semillas s\u00f3lo pueden utilizarse para otros fines (zoot\u00e9cnicos, recolecci\u00f3n, etc.). Las semillas se venden con la reserva de que no ser\u00e1n utilizadas por terceros en conflicto con la ley.<\/em><\/p>\n","protected":false},"excerpt":{"rendered":"<p>Amnesia Mac Ganja es una cepa incre\u00edble creada por el propio &#8216;Ganja Man&#8217;, y descendiente de las famosas cepas Amnesia<\/p>\n","protected":false},"featured_media":141832,"comment_status":"open","ping_status":"closed","template":"","meta":[],"product_brand":[],"product_cat":[7953],"product_tag":[],"class_list":{"0":"post-141849","1":"product","2":"type-product","3":"status-publish","4":"has-post-thumbnail","6":"product_cat-seedshop-es","8":"first","9":"instock","10":"sale","11":"taxable","12":"shipping-taxable","13":"purchasable","14":"product-type-variable"},"_links":{"self":[{"href":"https:\/\/www.budream.com\/es\/wp-json\/wp\/v2\/product\/141849","targetHints":{"allow":["GET"]}}],"collection":[{"href":"https:\/\/www.budream.com\/es\/wp-json\/wp\/v2\/product"}],"about":[{"href":"https:\/\/www.budream.com\/es\/wp-json\/wp\/v2\/types\/product"}],"replies":[{"embeddable":true,"href":"https:\/\/www.budream.com\/es\/wp-json\/wp\/v2\/comments?post=141849"}],"version-history":[{"count":0,"href":"https:\/\/www.budream.com\/es\/wp-json\/wp\/v2\/product\/141849\/revisions"}],"wp:featuredmedia":[{"embeddable":true,"href":"https:\/\/www.budream.com\/es\/wp-json\/wp\/v2\/media\/141832"}],"wp:attachment":[{"href":"https:\/\/www.budream.com\/es\/wp-json\/wp\/v2\/media?parent=141849"}],"wp:term":[{"taxonomy":"product_brand","embeddable":true,"href":"https:\/\/www.budream.com\/es\/wp-json\/wp\/v2\/product_brand?post=141849"},{"taxonomy":"product_cat","embeddable":true,"href":"https:\/\/www.budream.com\/es\/wp-json\/wp\/v2\/product_cat?post=141849"},{"taxonomy":"product_tag","embeddable":true,"href":"https:\/\/www.budream.com\/es\/wp-json\/wp\/v2\/product_tag?post=141849"}],"curies":[{"name":"wp","href":"https:\/\/api.w.org\/{rel}","templated":true}]}}