{"id":141899,"date":"2025-07-31T06:44:28","date_gmt":"2025-07-31T04:44:28","guid":{"rendered":"https:\/\/www.budream.com\/shop\/semillas-royal-queen-solomatic-cbd-auto\/"},"modified":"2026-03-09T14:33:32","modified_gmt":"2026-03-09T12:33:32","slug":"semillas-royal-queen-solomatic-cbd-auto","status":"publish","type":"product","link":"https:\/\/www.budream.com\/es\/shop\/semillas-royal-queen-solomatic-cbd-auto\/","title":{"rendered":"SEMILLAS ROYAL QUEEN &#8211; SOLOMATIC CBD AUTO"},"content":{"rendered":"<p><em>Solomatic CBD<\/em> es la primera variedad del rico cat\u00e1logo de RQS que ofrece un extraordinario ratio CBD:THC de 22:1. RQS ha empaquetado inteligentemente todos los beneficios de este valioso cannabinoide en una semilla autofloreciente.<\/p>\n<h2><strong>Caracter\u00edsticas Solomatic CBD Auto Royal Queen Seeds:<\/strong><\/h2>\n<ul style=\"list-style-type: disc\">\n<li><strong>G\u00e9nero:<\/strong> Autofloreciente feminizada<\/li>\n<li><strong>Genotipo:<\/strong> H\u00edbrido 70% Sativa 20% Indica 10% Ruderalis<\/li>\n<li><strong>Gen\u00e9tica:<\/strong> Diesel CBD x Asia CBD Auto<\/li>\n<li><strong>D\u00edas:<\/strong> 60-70<\/li>\n<\/ul>\n<p><em><strong>ADVERTENCIA:<\/strong> Las semillas de c\u00e1\u00f1amo est\u00e1n excluidas de la noci\u00f3n legal de Cannabis, lo que significa que no deben considerarse una sustancia estupefaciente (L. 412 de 1974, art. 1, coma 1, lett. B; Convenci\u00f3n \u00danica sobre Estupefacientes de Nueva York de 1961 y tabla II del Decreto Ministerial 27\/7\/1992). En Italia, el cultivo del c\u00e1\u00f1amo est\u00e1 prohibido (art\u00edculos 28 y 73 del Decreto Presidencial 309\/90) a menos que se obtenga una autorizaci\u00f3n especial (art\u00edculo 17 del Decreto Presidencial 309\/90). A falta de autorizaci\u00f3n, las semillas s\u00f3lo pueden utilizarse para otros fines (zoot\u00e9cnicos, recolecci\u00f3n, etc.). Las semillas se venden con la reserva de que no ser\u00e1n utilizadas por terceros en conflicto con la ley.<\/em><\/p>\n","protected":false},"excerpt":{"rendered":"<p>Solomatic CBD es la primera variedad del rico cat\u00e1logo de RQS que ofrece un extraordinario ratio CBD:THC de 22:1. RQS<\/p>\n","protected":false},"featured_media":141890,"comment_status":"open","ping_status":"closed","template":"","meta":[],"product_brand":[],"product_cat":[7953],"product_tag":[],"class_list":{"0":"post-141899","1":"product","2":"type-product","3":"status-publish","4":"has-post-thumbnail","6":"product_cat-seedshop-es","8":"first","9":"instock","10":"sale","11":"taxable","12":"shipping-taxable","13":"purchasable","14":"product-type-variable"},"_links":{"self":[{"href":"https:\/\/www.budream.com\/es\/wp-json\/wp\/v2\/product\/141899","targetHints":{"allow":["GET"]}}],"collection":[{"href":"https:\/\/www.budream.com\/es\/wp-json\/wp\/v2\/product"}],"about":[{"href":"https:\/\/www.budream.com\/es\/wp-json\/wp\/v2\/types\/product"}],"replies":[{"embeddable":true,"href":"https:\/\/www.budream.com\/es\/wp-json\/wp\/v2\/comments?post=141899"}],"version-history":[{"count":0,"href":"https:\/\/www.budream.com\/es\/wp-json\/wp\/v2\/product\/141899\/revisions"}],"wp:featuredmedia":[{"embeddable":true,"href":"https:\/\/www.budream.com\/es\/wp-json\/wp\/v2\/media\/141890"}],"wp:attachment":[{"href":"https:\/\/www.budream.com\/es\/wp-json\/wp\/v2\/media?parent=141899"}],"wp:term":[{"taxonomy":"product_brand","embeddable":true,"href":"https:\/\/www.budream.com\/es\/wp-json\/wp\/v2\/product_brand?post=141899"},{"taxonomy":"product_cat","embeddable":true,"href":"https:\/\/www.budream.com\/es\/wp-json\/wp\/v2\/product_cat?post=141899"},{"taxonomy":"product_tag","embeddable":true,"href":"https:\/\/www.budream.com\/es\/wp-json\/wp\/v2\/product_tag?post=141899"}],"curies":[{"name":"wp","href":"https:\/\/api.w.org\/{rel}","templated":true}]}}