{"id":142650,"date":"2025-07-31T07:09:53","date_gmt":"2025-07-31T05:09:53","guid":{"rendered":"https:\/\/www.budream.com\/shop\/semillas-dulces-sweet-pure-cbd-fem-sws65\/"},"modified":"2026-03-04T14:23:21","modified_gmt":"2026-03-04T12:23:21","slug":"semillas-dulces-sweet-pure-cbd-fem-sws65","status":"publish","type":"product","link":"https:\/\/www.budream.com\/es\/shop\/semillas-dulces-sweet-pure-cbd-fem-sws65\/","title":{"rendered":"SEMILLAS DULCES &#8211; SWEET PURE CBD\u00ae FEM (SWS65)"},"content":{"rendered":"<div style=\"text-align: justify\">La primera variedad \u00abCBD puro\u00bb del banco de semillas Sweet Seeds&reg;, con niveles muy bajos de THC, generalmente inferiores al 1%, y altos niveles de cannabidiol (CBD).<\/div>\n<p><\/p>\n<h2><strong>Caracter\u00edsticas Sweet Pure CBD Fem (SWS65) Sweet Seeds:<\/strong><\/h2>\n<ul style=\"list-style-type: disc\">\n<li><strong>G\u00e9nero:<\/strong> H\u00edbrido feminizado<\/li>\n<li><strong>Gen\u00e9tica<\/strong>: Dos generaciones de clones autopolinizados (S2) ricos en CBD x ancestros de la familia Diesel<\/li>\n<li><strong>Composici\u00f3n<\/strong>: 40% Indica \/ 60% Sativa<\/li>\n<li><strong>D\u00edas:<\/strong> 63<\/li>\n<\/ul>\n<p><\/p>\n<div style=\"text-align: justify\"><span style=\"font-size: 11pt\"><em><strong>ATENCI\u00d3N:<\/strong> Las semillas de c\u00e1\u00f1amo est\u00e1n excluidas de la noci\u00f3n legal de Cannabis, lo que significa que no deben considerarse una sustancia estupefaciente (Ley 412 de 1974, Art. 1, p\u00e1rrafo 1, lett. B; Convenci\u00f3n \u00danica sobre Estupefacientes de Nueva York de 1961 y tabla II del Decreto Ministerial 27\/7\/1992). En Italia, el cultivo del c\u00e1\u00f1amo est\u00e1 prohibido (art\u00edculos 28 y 73 del Decreto Presidencial 309\/90) a menos que se obtenga una autorizaci\u00f3n especial (art\u00edculo 17 del Decreto Presidencial 309\/90). A falta de autorizaci\u00f3n, las semillas s\u00f3lo pueden utilizarse para otros fines (zoot\u00e9cnicos, recolecci\u00f3n, etc.). Las semillas se venden con la reserva de que no sean utilizadas por terceros en conflicto con la ley.<\/em><\/span><\/div>\n","protected":false},"excerpt":{"rendered":"<p>La primera variedad \u00abCBD puro\u00bb del banco de semillas Sweet Seeds&reg;, con niveles muy bajos de THC, generalmente inferiores al<\/p>\n","protected":false},"featured_media":142641,"comment_status":"open","ping_status":"closed","template":"","meta":[],"product_brand":[],"product_cat":[7953],"product_tag":[],"class_list":{"0":"post-142650","1":"product","2":"type-product","3":"status-publish","4":"has-post-thumbnail","6":"product_cat-seedshop-es","8":"first","9":"instock","10":"taxable","11":"shipping-taxable","12":"purchasable","13":"product-type-variable"},"aioseo_notices":[],"_links":{"self":[{"href":"https:\/\/www.budream.com\/es\/wp-json\/wp\/v2\/product\/142650","targetHints":{"allow":["GET"]}}],"collection":[{"href":"https:\/\/www.budream.com\/es\/wp-json\/wp\/v2\/product"}],"about":[{"href":"https:\/\/www.budream.com\/es\/wp-json\/wp\/v2\/types\/product"}],"replies":[{"embeddable":true,"href":"https:\/\/www.budream.com\/es\/wp-json\/wp\/v2\/comments?post=142650"}],"version-history":[{"count":0,"href":"https:\/\/www.budream.com\/es\/wp-json\/wp\/v2\/product\/142650\/revisions"}],"wp:featuredmedia":[{"embeddable":true,"href":"https:\/\/www.budream.com\/es\/wp-json\/wp\/v2\/media\/142641"}],"wp:attachment":[{"href":"https:\/\/www.budream.com\/es\/wp-json\/wp\/v2\/media?parent=142650"}],"wp:term":[{"taxonomy":"product_brand","embeddable":true,"href":"https:\/\/www.budream.com\/es\/wp-json\/wp\/v2\/product_brand?post=142650"},{"taxonomy":"product_cat","embeddable":true,"href":"https:\/\/www.budream.com\/es\/wp-json\/wp\/v2\/product_cat?post=142650"},{"taxonomy":"product_tag","embeddable":true,"href":"https:\/\/www.budream.com\/es\/wp-json\/wp\/v2\/product_tag?post=142650"}],"curies":[{"name":"wp","href":"https:\/\/api.w.org\/{rel}","templated":true}]}}