{"id":143639,"date":"2025-07-31T07:28:30","date_gmt":"2025-07-31T05:28:30","guid":{"rendered":"https:\/\/www.budream.com\/shop\/biobizz-abrigo-izquierdo-2\/"},"modified":"2026-03-05T03:04:20","modified_gmt":"2026-03-05T01:04:20","slug":"biobizz-abrigo-izquierdo-2","status":"publish","type":"product","link":"https:\/\/www.budream.com\/es\/shop\/biobizz-abrigo-izquierdo-2\/","title":{"rendered":"BIOBIZZ &#8211; ABRIGO IZQUIERDO"},"content":{"rendered":"<p><strong>Biobizz LEAFT COAT es un vigorizante para plantas.<br \/><\/strong><br \/>Pulverizado sobre las plantas ralentiza y regula la evapotranspiraci\u00f3n foliar facilitando el enraizamiento de los esquejes y la salud de las plantas estresadas. El uso de LeafCoat fortalece las plantas estimulando su capacidad natural para resistir la adversidad.<\/p>\n<p>Pulverizado sobre las hojas, forma una capa muy fina y el\u00e1stica (1,5 micras) que contiene los nutrientes que necesita la planta. El l\u00e1tex natural crea una capa protectora en la hoja que es permeable al aire y a la luz, pero al mismo tiempo biodegradable en 2 semanas. No obstante, esta fina capa es lo suficientemente eficaz como para proteger mec\u00e1nicamente a la planta de los antagonistas naturales. LeafCoat protege las plantas proporcion\u00e1ndoles un potente efecto repelente contra las plagas. Debido a su viscosidad, previene mec\u00e1nicamente la aparici\u00f3n de infecciones parasitarias y f\u00fangicas en los sistemas foliares.<\/p>\n<p>Puede utilizarse desde la fase vegetativa hasta dos semanas antes de la cosecha.<\/p>\n<h3><strong>\u00bfQu\u00e9 es Leaf-Coat?<\/strong><\/h3>\n<p>Leaf-Coat es un producto listo para usar que fortalece y protege las plantas.<\/p>\n<p>Hecho de l\u00e1tex natural, se dise\u00f1\u00f3 originalmente para evitar la evaporaci\u00f3n. Crea una barrera permeable y autodegradable en la hoja, al tiempo que permite que se filtren el aire y la luz.<\/p>\n<h3><strong>Por qu\u00e9 Leaf-Coat protege mejor en todas las condiciones<\/strong><\/h3>\n<p>Si el ambiente es demasiado c\u00e1lido-h\u00famedo (temperatura superior a 28 &deg;C), Leaf-Coat ayuda a la planta a retener el agua necesaria durante la evaporaci\u00f3n. Al mismo tiempo, la capa de l\u00e1tex natural que se forma en las hojas ayuda a la planta a respirar y evita que supure. Y si el term\u00f3metro baja, como en invierno, Leaf-Coat protege contra el fr\u00edo y ayuda a mantener constante la temperatura de las hojas.<\/p>\n<p>Una alternativa ecol\u00f3gica y respetuosa con el medio ambiente a los pesticidas, Leaf-Coat es realmente la opci\u00f3n ideal y m\u00e1s segura. Adem\u00e1s, al reducir el uso de pesticidas, \u00a1ahorra dinero! A diferencia de los productos sint\u00e9ticos y t\u00f3xicos, tiene un olor agradable y no irrita. Precisamente porque Leaf-Coat no es absorbido por las hojas, no tiene ning\u00fan efecto sobre el aroma de la fruta.<\/p>\n<h3><strong>\u00bfC\u00f3mo se utiliza?<\/strong><\/h3>\n<p>No es necesario mezclar Leaf-Coat con agua: basta con aplicarlo directamente del frasco, preferiblemente pulveriz\u00e1ndolo. Pulverice el producto sobre todas las hojas y flores, repitiendo el procedimiento dos veces por semana hasta unos 15 d\u00edas despu\u00e9s del final de la floraci\u00f3n.<\/p>\n<p>Pocas horas despu\u00e9s de la aplicaci\u00f3n, se formar\u00e1 en las hojas una capa el\u00e1stica superfina, de s\u00f3lo 1,5 micras de espesor. Los efectos beneficiosos duran hasta 2 semanas, cuando comienza la descomposici\u00f3n natural debida a la luz o al sol.<\/p>\n","protected":false},"excerpt":{"rendered":"<p>Biobizz LEAFT COAT es un vigorizante para plantas.Pulverizado sobre las plantas ralentiza y regula la evapotranspiraci\u00f3n foliar facilitando el enraizamiento<\/p>\n","protected":false},"featured_media":143609,"comment_status":"open","ping_status":"closed","template":"","meta":[],"product_brand":[],"product_cat":[7930],"product_tag":[],"class_list":{"0":"post-143639","1":"product","2":"type-product","3":"status-publish","4":"has-post-thumbnail","6":"product_cat-antiparasitarios-y-defensa","8":"first","9":"instock","10":"taxable","11":"shipping-taxable","12":"purchasable","13":"product-type-variable"},"_links":{"self":[{"href":"https:\/\/www.budream.com\/es\/wp-json\/wp\/v2\/product\/143639","targetHints":{"allow":["GET"]}}],"collection":[{"href":"https:\/\/www.budream.com\/es\/wp-json\/wp\/v2\/product"}],"about":[{"href":"https:\/\/www.budream.com\/es\/wp-json\/wp\/v2\/types\/product"}],"replies":[{"embeddable":true,"href":"https:\/\/www.budream.com\/es\/wp-json\/wp\/v2\/comments?post=143639"}],"version-history":[{"count":0,"href":"https:\/\/www.budream.com\/es\/wp-json\/wp\/v2\/product\/143639\/revisions"}],"wp:featuredmedia":[{"embeddable":true,"href":"https:\/\/www.budream.com\/es\/wp-json\/wp\/v2\/media\/143609"}],"wp:attachment":[{"href":"https:\/\/www.budream.com\/es\/wp-json\/wp\/v2\/media?parent=143639"}],"wp:term":[{"taxonomy":"product_brand","embeddable":true,"href":"https:\/\/www.budream.com\/es\/wp-json\/wp\/v2\/product_brand?post=143639"},{"taxonomy":"product_cat","embeddable":true,"href":"https:\/\/www.budream.com\/es\/wp-json\/wp\/v2\/product_cat?post=143639"},{"taxonomy":"product_tag","embeddable":true,"href":"https:\/\/www.budream.com\/es\/wp-json\/wp\/v2\/product_tag?post=143639"}],"curies":[{"name":"wp","href":"https:\/\/api.w.org\/{rel}","templated":true}]}}