{"id":143921,"date":"2025-07-31T07:33:45","date_gmt":"2025-07-31T05:33:45","guid":{"rendered":"https:\/\/www.budream.com\/shop\/biobizz-bio-up-bio-ph-2\/"},"modified":"2026-03-25T19:42:14","modified_gmt":"2026-03-25T17:42:14","slug":"biobizz-bio-up-bio-ph-2","status":"publish","type":"product","link":"https:\/\/www.budream.com\/es\/shop\/biobizz-bio-up-bio-ph-2\/","title":{"rendered":"BIOBIZZ &#8211; BIO UP (BIO pH+)"},"content":{"rendered":"<p>Damos la bienvenida a la \u00faltima incorporaci\u00f3n a la familia Biobizz. Se llama Bio-Up y est\u00e1 dise\u00f1ado espec\u00edficamente para el sector de la agricultura ecol\u00f3gica. Biobizz Bio-Up es una formulaci\u00f3n a base de \u00e1cidos h\u00famicos cosechados de forma natural, dise\u00f1ada espec\u00edficamente para los cultivadores que quieren mantener todo org\u00e1nico en su cultivo, desde la siembra hasta la cosecha.<\/p>\n<p><strong>Corregir el pH de forma natural es esencial para que las plantas absorban la m\u00e1xima cantidad de nutrientes.<\/strong> La formulaci\u00f3n natural de Bio-Up permite un ajuste r\u00e1pido del pH para cualquier tipo de sustrato y cualquier tipo de cultivo, sin da\u00f1ar la vida microbiana del suelo.<\/p>\n<p>Est\u00e1 dise\u00f1ado para funcionar perfectamente con los nutrientes Biobizz y puede utilizarse en cualquier riego. Es adecuado para su uso tanto durante el periodo de crecimiento como de floraci\u00f3n.<\/p>\n<h2><strong><span style=\"text-decoration: underline\">C\u00f3mo utilizar Bio-Up<\/span><\/strong><\/h2>\n<p>Mezcle la cantidad necesaria de nutrientes Biobizz y mida el pH de la soluci\u00f3n. Aplique 0,1 ml de Bio-Up para aumentar el pH en 0,1 puntos. A\u00f1ada la cantidad necesaria de Bio-Up, mezcle durante 10 segundos y vuelva a medir el pH. Contin\u00fae a\u00f1adiendo Bio-Up hasta que alcance el nivel de pH \u00f3ptimo en el rango de 6,2-6,5 y ya estar\u00e1 listo para dar la mezcla de nutrientes a sus plantas.<\/p>\n<h2><strong><span style=\"text-decoration: underline\">\u00bfPor qu\u00e9 elegir Bio-Up?<\/span><br \/><\/strong><\/h2>\n<p>Bio-Up puede utilizarse tanto durante el periodo de crecimiento como de floraci\u00f3n, en cada riego y en combinaci\u00f3n con cualquier sustrato o producto l\u00edquido Biobizz.<\/p>\n<p>Bio-Up no contiene \u00e1cidos fuertes. Esto significa que este regulador del pH 100% biol\u00f3gico no da\u00f1a la vida microbiana del sustrato.<\/p>\n","protected":false},"excerpt":{"rendered":"<p>Damos la bienvenida a la \u00faltima incorporaci\u00f3n a la familia Biobizz. Se llama Bio-Up y est\u00e1 dise\u00f1ado espec\u00edficamente para el<\/p>\n","protected":false},"featured_media":143882,"comment_status":"open","ping_status":"closed","template":"","meta":[],"product_brand":[],"product_cat":[7932],"product_tag":[],"class_list":{"0":"post-143921","1":"product","2":"type-product","3":"status-publish","4":"has-post-thumbnail","6":"product_cat-fertilizantes","8":"first","9":"instock","10":"sale","11":"taxable","12":"shipping-taxable","13":"purchasable","14":"product-type-variable"},"_links":{"self":[{"href":"https:\/\/www.budream.com\/es\/wp-json\/wp\/v2\/product\/143921","targetHints":{"allow":["GET"]}}],"collection":[{"href":"https:\/\/www.budream.com\/es\/wp-json\/wp\/v2\/product"}],"about":[{"href":"https:\/\/www.budream.com\/es\/wp-json\/wp\/v2\/types\/product"}],"replies":[{"embeddable":true,"href":"https:\/\/www.budream.com\/es\/wp-json\/wp\/v2\/comments?post=143921"}],"version-history":[{"count":0,"href":"https:\/\/www.budream.com\/es\/wp-json\/wp\/v2\/product\/143921\/revisions"}],"wp:featuredmedia":[{"embeddable":true,"href":"https:\/\/www.budream.com\/es\/wp-json\/wp\/v2\/media\/143882"}],"wp:attachment":[{"href":"https:\/\/www.budream.com\/es\/wp-json\/wp\/v2\/media?parent=143921"}],"wp:term":[{"taxonomy":"product_brand","embeddable":true,"href":"https:\/\/www.budream.com\/es\/wp-json\/wp\/v2\/product_brand?post=143921"},{"taxonomy":"product_cat","embeddable":true,"href":"https:\/\/www.budream.com\/es\/wp-json\/wp\/v2\/product_cat?post=143921"},{"taxonomy":"product_tag","embeddable":true,"href":"https:\/\/www.budream.com\/es\/wp-json\/wp\/v2\/product_tag?post=143921"}],"curies":[{"name":"wp","href":"https:\/\/api.w.org\/{rel}","templated":true}]}}