{"id":143991,"date":"2025-07-31T07:35:08","date_gmt":"2025-07-31T05:35:08","guid":{"rendered":"https:\/\/www.budream.com\/shop\/biobizz-bio-down-ex-bio-ph\/"},"modified":"2026-03-25T19:39:37","modified_gmt":"2026-03-25T17:39:37","slug":"biobizz-bio-down-ex-bio-ph","status":"publish","type":"product","link":"https:\/\/www.budream.com\/es\/shop\/biobizz-bio-down-ex-bio-ph\/","title":{"rendered":"BIOBIZZ &#8211; BIO DOWN (EX BIO pH-)"},"content":{"rendered":"<p>Damos la bienvenida a la \u00faltima incorporaci\u00f3n a la familia Biobizz. Se llama Bio-Down y est\u00e1 dise\u00f1ado espec\u00edficamente para el sector de la agricultura ecol\u00f3gica.<br \/>Bio-Down de Biobizz es una soluci\u00f3n acuosa de \u00e1cido c\u00edtrico que se encuentra de forma natural en diversos c\u00edtricos, como los limones.<\/p>\n<p><strong>Corregir el pH de forma natural es esencial para que las plantas absorban la m\u00e1xima cantidad de nutrientes.<\/strong> La formulaci\u00f3n natural de Bio-Down permite ajustar r\u00e1pidamente el pH de cualquier tipo de sustrato y para cualquier tipo de cultivo, sin da\u00f1ar la vida microbiana del suelo.<\/p>\n<p>Est\u00e1 dise\u00f1ado para funcionar perfectamente con los nutrientes Biobizz y puede utilizarse en cualquier riego. Es adecuado para su uso tanto durante el per\u00edodo de crecimiento como de floraci\u00f3n.<\/p>\n<h2><span style=\"text-decoration: underline\"><strong>C\u00f3mo utilizar Bio-Down<\/strong><\/span><\/h2>\n<p>Mezcle la cantidad necesaria de nutrientes Biobizz y mida el pH de la soluci\u00f3n. Aplique 0,1 ml de Bio-Down para reducir el pH en 0,5 puntos. A\u00c3\u00b1ada la cantidad necesaria de Bio-Down, mezcle durante 10 segundos y vuelva a medir el pH. Contin\u00fae a\u00f1adiendo Bio-Down hasta que alcance el nivel de pH \u00f3ptimo en el rango de 6,2-6,5 y ya estar\u00e1 listo para dar la mezcla de nutrientes a sus plantas.<\/p>\n<h2><strong><br \/><span style=\"text-decoration: underline\">\u00bfPor qu\u00e9 elegir Bio-Down?<\/span><\/strong><\/h2>\n<p>Bio-Down puede utilizarse tanto durante el periodo de crecimiento como de floraci\u00f3n, en cada riego y en combinaci\u00f3n con cualquier sustrato o producto l\u00edquido Biobizz.<\/p>\n<p>Bio-Down no contiene \u00e1cidos fuertes. Esto significa que este regulador de pH 100% biol\u00f3gico no da\u00f1a la vida microbiana del sustrato.<\/p>\n","protected":false},"excerpt":{"rendered":"<p>Damos la bienvenida a la \u00faltima incorporaci\u00f3n a la familia Biobizz. Se llama Bio-Down y est\u00e1 dise\u00f1ado espec\u00edficamente para el<\/p>\n","protected":false},"featured_media":143963,"comment_status":"open","ping_status":"closed","template":"","meta":[],"product_brand":[],"product_cat":[7932],"product_tag":[],"class_list":{"0":"post-143991","1":"product","2":"type-product","3":"status-publish","4":"has-post-thumbnail","6":"product_cat-fertilizantes","8":"first","9":"instock","10":"sale","11":"taxable","12":"shipping-taxable","13":"purchasable","14":"product-type-variable"},"_links":{"self":[{"href":"https:\/\/www.budream.com\/es\/wp-json\/wp\/v2\/product\/143991","targetHints":{"allow":["GET"]}}],"collection":[{"href":"https:\/\/www.budream.com\/es\/wp-json\/wp\/v2\/product"}],"about":[{"href":"https:\/\/www.budream.com\/es\/wp-json\/wp\/v2\/types\/product"}],"replies":[{"embeddable":true,"href":"https:\/\/www.budream.com\/es\/wp-json\/wp\/v2\/comments?post=143991"}],"version-history":[{"count":0,"href":"https:\/\/www.budream.com\/es\/wp-json\/wp\/v2\/product\/143991\/revisions"}],"wp:featuredmedia":[{"embeddable":true,"href":"https:\/\/www.budream.com\/es\/wp-json\/wp\/v2\/media\/143963"}],"wp:attachment":[{"href":"https:\/\/www.budream.com\/es\/wp-json\/wp\/v2\/media?parent=143991"}],"wp:term":[{"taxonomy":"product_brand","embeddable":true,"href":"https:\/\/www.budream.com\/es\/wp-json\/wp\/v2\/product_brand?post=143991"},{"taxonomy":"product_cat","embeddable":true,"href":"https:\/\/www.budream.com\/es\/wp-json\/wp\/v2\/product_cat?post=143991"},{"taxonomy":"product_tag","embeddable":true,"href":"https:\/\/www.budream.com\/es\/wp-json\/wp\/v2\/product_tag?post=143991"}],"curies":[{"name":"wp","href":"https:\/\/api.w.org\/{rel}","templated":true}]}}