{"id":144376,"date":"2025-07-31T07:44:13","date_gmt":"2025-07-31T05:44:13","guid":{"rendered":"https:\/\/www.budream.com\/shop\/semillas-royal-queen-royal-domina-fem\/"},"modified":"2026-02-04T13:28:55","modified_gmt":"2026-02-04T11:28:55","slug":"semillas-royal-queen-royal-domina-fem","status":"publish","type":"product","link":"https:\/\/www.budream.com\/es\/shop\/semillas-royal-queen-royal-domina-fem\/","title":{"rendered":"SEMILLAS ROYAL QUEEN &#8211; ROYAL DOMINA FEM"},"content":{"rendered":"<div id=\"short_description_content\" class=\"rte short-description-product hidden-sm hidden-xs\">Royal Domina combina la potencia y los cogollos cristalinos de una Black Domina con los aromas seductores y la gen\u00e9tica ex\u00f3tica de una Kalijah.<\/div>\n<div class=\"clearfix\"><\/div>\n<h2><strong>Caracter\u00edsticas Royal Domina Royal Queen Seeds:<\/strong><\/h2>\n<ul style=\"list-style-type: disc\">\n<li><strong>G\u00e9nero:<\/strong> Feminizada Autofloreciente<\/li>\n<li><strong>Genotipo:<\/strong> H\u00edbrido 15% Sativa 85% Indica<\/li>\n<li><strong>Gen\u00e9tica:<\/strong> Black Domina x Kalijah<\/li>\n<li><strong>D\u00edas:<\/strong> 49-56<\/li>\n<\/ul>\n<p><em><strong>ADVERTENCIA:<\/strong> Las semillas de c\u00e1\u00f1amo est\u00e1n excluidas de la noci\u00f3n legal de Cannabis, lo que significa que no deben considerarse una sustancia estupefaciente (L. 412 de 1974, art. 1, p\u00e1rrafo 1, lett. B; Convenci\u00f3n \u00danica sobre Estupefacientes de Nueva York de 1961 y tabla II del Decreto Ministerial 27\/7\/1992). En Italia, el cultivo del c\u00e1\u00f1amo est\u00e1 prohibido (art\u00edculos 28 y 73 del Decreto Presidencial 309\/90) a menos que se obtenga una autorizaci\u00f3n especial (art\u00edculo 17 del Decreto Presidencial 309\/90). A falta de autorizaci\u00f3n, las semillas s\u00f3lo pueden utilizarse para otros fines (zoot\u00e9cnicos, recolecci\u00f3n, etc.). Las semillas se venden con la reserva de que no sean utilizadas por terceros en conflicto con la ley.<\/em><\/p>\n","protected":false},"excerpt":{"rendered":"<p>Royal Domina combina la potencia y los cogollos cristalinos de una Black Domina con los aromas seductores y la gen\u00e9tica<\/p>\n","protected":false},"featured_media":144347,"comment_status":"open","ping_status":"closed","template":"","meta":[],"product_brand":[],"product_cat":[7953],"product_tag":[],"class_list":{"0":"post-144376","1":"product","2":"type-product","3":"status-publish","4":"has-post-thumbnail","6":"product_cat-seedshop-es","8":"first","9":"instock","10":"sale","11":"taxable","12":"shipping-taxable","13":"purchasable","14":"product-type-variable"},"_links":{"self":[{"href":"https:\/\/www.budream.com\/es\/wp-json\/wp\/v2\/product\/144376","targetHints":{"allow":["GET"]}}],"collection":[{"href":"https:\/\/www.budream.com\/es\/wp-json\/wp\/v2\/product"}],"about":[{"href":"https:\/\/www.budream.com\/es\/wp-json\/wp\/v2\/types\/product"}],"replies":[{"embeddable":true,"href":"https:\/\/www.budream.com\/es\/wp-json\/wp\/v2\/comments?post=144376"}],"version-history":[{"count":0,"href":"https:\/\/www.budream.com\/es\/wp-json\/wp\/v2\/product\/144376\/revisions"}],"wp:featuredmedia":[{"embeddable":true,"href":"https:\/\/www.budream.com\/es\/wp-json\/wp\/v2\/media\/144347"}],"wp:attachment":[{"href":"https:\/\/www.budream.com\/es\/wp-json\/wp\/v2\/media?parent=144376"}],"wp:term":[{"taxonomy":"product_brand","embeddable":true,"href":"https:\/\/www.budream.com\/es\/wp-json\/wp\/v2\/product_brand?post=144376"},{"taxonomy":"product_cat","embeddable":true,"href":"https:\/\/www.budream.com\/es\/wp-json\/wp\/v2\/product_cat?post=144376"},{"taxonomy":"product_tag","embeddable":true,"href":"https:\/\/www.budream.com\/es\/wp-json\/wp\/v2\/product_tag?post=144376"}],"curies":[{"name":"wp","href":"https:\/\/api.w.org\/{rel}","templated":true}]}}