{"id":144594,"date":"2025-07-31T07:48:41","date_gmt":"2025-07-31T05:48:41","guid":{"rendered":"https:\/\/www.budream.com\/shop\/dutch-passion-cbd-charlottes-angel-fem-2\/"},"modified":"2026-02-19T12:59:20","modified_gmt":"2026-02-19T10:59:20","slug":"dutch-passion-cbd-charlottes-angel-fem-2","status":"publish","type":"product","link":"https:\/\/www.budream.com\/es\/shop\/dutch-passion-cbd-charlottes-angel-fem-2\/","title":{"rendered":"DUTCH PASSION &#8211; CBD CHARLOTTE&#8217;S ANGEL FEM"},"content":{"rendered":"<div style=\"text-align: justify\">CBD Charlotte&#8217;s Angel es una variedad sativa dominante rica en CBD. Esta variedad fue desarrollada para tener el mayor contenido posible de CBD. Tras muchos a\u00f1os de pruebas y desarrollo, por fin fue posible estabilizar el perfil qu\u00edmico de esta variedad. De hecho, es la variedad con mayor contenido de CBD de nuestra colecci\u00f3n, con una media de alrededor del 10-15%, pero hemos encontrado fenotipos con hasta un 20-25%. La gen\u00e9tica deriva de Dutch Charlotte, cruzada con una Red Angel (esquejes ricos en CBD).<\/div>\n<p><\/p>\n<h2><strong>Caracter\u00edsticas CBD Charlotte&#8217;s Angel Fem:<\/strong><\/h2>\n<ul style=\"list-style-type: disc\">\n<li><strong>G\u00e9nero:<\/strong> XL feminizada<\/li>\n<li><strong>Genotipo:<\/strong> H\u00edbrido mayoritariamente Sativa<\/li>\n<li><strong>Gen\u00e9tica<\/strong>: Dutch Charlotte X Red Angel<\/li>\n<li><strong>D\u00edas:<\/strong> 77<\/li>\n<\/ul>\n<p><\/p>\n<div style=\"text-align: justify\"><span style=\"font-size: 11pt\"><em><strong>ATENCI\u00d3N:<\/strong> Las semillas de c\u00e1\u00f1amo est\u00e1n excluidas de la noci\u00f3n legal de Cannabis, lo que significa que no deben considerarse una sustancia estupefaciente (Ley 412 de 1974, Art. 1, p\u00e1rrafo 1, lett. B; Convenci\u00f3n \u00danica sobre Estupefacientes de Nueva York de 1961 y tabla II del Decreto Ministerial 27\/7\/1992). En Italia, el cultivo del c\u00e1\u00f1amo est\u00e1 prohibido (art\u00edculos 28 y 73 del Decreto Presidencial 309\/90) a menos que se obtenga una autorizaci\u00f3n especial (art\u00edculo 17 del Decreto Presidencial 309\/90). A falta de autorizaci\u00f3n, las semillas s\u00f3lo pueden utilizarse para otros fines (zoot\u00e9cnicos, recolecci\u00f3n, etc.). Las semillas se venden con la reserva de que no ser\u00e1n utilizadas por terceros en conflicto con la ley.<\/em><\/span><\/div>\n","protected":false},"excerpt":{"rendered":"<p>CBD Charlotte&#8217;s Angel es una variedad sativa dominante rica en CBD. Esta variedad fue desarrollada para tener el mayor contenido<\/p>\n","protected":false},"featured_media":144561,"comment_status":"open","ping_status":"closed","template":"","meta":[],"product_brand":[],"product_cat":[7953],"product_tag":[],"class_list":{"0":"post-144594","1":"product","2":"type-product","3":"status-publish","4":"has-post-thumbnail","6":"product_cat-seedshop-es","8":"first","9":"instock","10":"taxable","11":"shipping-taxable","12":"purchasable","13":"product-type-variable"},"aioseo_notices":[],"_links":{"self":[{"href":"https:\/\/www.budream.com\/es\/wp-json\/wp\/v2\/product\/144594","targetHints":{"allow":["GET"]}}],"collection":[{"href":"https:\/\/www.budream.com\/es\/wp-json\/wp\/v2\/product"}],"about":[{"href":"https:\/\/www.budream.com\/es\/wp-json\/wp\/v2\/types\/product"}],"replies":[{"embeddable":true,"href":"https:\/\/www.budream.com\/es\/wp-json\/wp\/v2\/comments?post=144594"}],"wp:featuredmedia":[{"embeddable":true,"href":"https:\/\/www.budream.com\/es\/wp-json\/wp\/v2\/media\/144561"}],"wp:attachment":[{"href":"https:\/\/www.budream.com\/es\/wp-json\/wp\/v2\/media?parent=144594"}],"wp:term":[{"taxonomy":"product_brand","embeddable":true,"href":"https:\/\/www.budream.com\/es\/wp-json\/wp\/v2\/product_brand?post=144594"},{"taxonomy":"product_cat","embeddable":true,"href":"https:\/\/www.budream.com\/es\/wp-json\/wp\/v2\/product_cat?post=144594"},{"taxonomy":"product_tag","embeddable":true,"href":"https:\/\/www.budream.com\/es\/wp-json\/wp\/v2\/product_tag?post=144594"}],"curies":[{"name":"wp","href":"https:\/\/api.w.org\/{rel}","templated":true}]}}