{"id":144645,"date":"2025-07-31T07:50:00","date_gmt":"2025-07-31T05:50:00","guid":{"rendered":"https:\/\/www.budream.com\/shop\/dutch-passion-cbd-auto-charlottes-angel-fem\/"},"modified":"2026-03-27T11:06:48","modified_gmt":"2026-03-27T09:06:48","slug":"dutch-passion-cbd-auto-charlottes-angel-fem","status":"publish","type":"product","link":"https:\/\/www.budream.com\/es\/shop\/dutch-passion-cbd-auto-charlottes-angel-fem\/","title":{"rendered":"DUTCH PASSION &#8211; CBD AUTO CHARLOTTE&#8217;S ANGEL\u00ae FEM"},"content":{"rendered":"<div style=\"text-align: justify\">CBD Charlotte&#8217;s Angel fue la primera variedad de alto CBD de Dutch Passion. CBD Charlotte&#8217;s Angel se cruz\u00f3 con CBD Auto Compassion Lime para convertirla en una variedad autofloreciente. Es 20% indica y 80% sativa. Los niveles de CBD rondan el 16% y el nivel de THC es siempre inferior al 1%.<\/div>\n<p><\/p>\n<h2><strong>Caracter\u00edsticas CBD Auto Charlotte&#8217;s Angel Fem:<\/strong><\/h2>\n<ul style=\"list-style-type: disc\">\n<li><strong>G\u00e9nero:<\/strong> Autofloreciente Feminizada L<\/li>\n<li><strong>Genotipo:<\/strong> H\u00edbrido sativa dominante<\/li>\n<li><strong>Gen\u00e9tica:<\/strong> CBD Charlotte&#8217;s Angel X CBD Auto Compassion Lime<\/li>\n<li>D\u00edas<strong>:<\/strong> 91 d\u00edas<\/li>\n<\/ul>\n<p><\/p>\n<div style=\"text-align: justify\"><span style=\"font-size: 11pt\"><em><strong>ADVERTENCIA:<\/strong> Las semillas de c\u00e1\u00f1amo est\u00e1n excluidas de la noci\u00f3n legal de Cannabis, lo que significa que no deben considerarse una sustancia estupefaciente (L. 412 de 1974, art. 1, p\u00e1rrafo 1, lett. B; Convenci\u00f3n \u00danica sobre Estupefacientes de Nueva York de 1961 y tabla II del Decreto Ministerial 27\/7\/1992). En Italia, el cultivo del c\u00e1\u00f1amo est\u00e1 prohibido (art\u00edculos 28 y 73 del Decreto Presidencial 309\/90) a menos que se obtenga una autorizaci\u00f3n especial (art\u00edculo 17 del Decreto Presidencial 309\/90). A falta de autorizaci\u00f3n, las semillas s\u00f3lo pueden utilizarse para otros fines (zoot\u00e9cnicos, recolecci\u00f3n, etc.). Las semillas se venden con la reserva de que no ser\u00e1n utilizadas por terceros en conflicto con la ley.<\/em><\/span><\/div>\n","protected":false},"excerpt":{"rendered":"<p>CBD Charlotte&#8217;s Angel fue la primera variedad de alto CBD de Dutch Passion. CBD Charlotte&#8217;s Angel se cruz\u00f3 con CBD<\/p>\n","protected":false},"featured_media":144633,"comment_status":"open","ping_status":"closed","template":"","meta":[],"product_brand":[],"product_cat":[7953],"product_tag":[],"class_list":{"0":"post-144645","1":"product","2":"type-product","3":"status-publish","4":"has-post-thumbnail","6":"product_cat-seedshop-es","8":"first","9":"instock","10":"sale","11":"taxable","12":"shipping-taxable","13":"purchasable","14":"product-type-variable"},"_links":{"self":[{"href":"https:\/\/www.budream.com\/es\/wp-json\/wp\/v2\/product\/144645","targetHints":{"allow":["GET"]}}],"collection":[{"href":"https:\/\/www.budream.com\/es\/wp-json\/wp\/v2\/product"}],"about":[{"href":"https:\/\/www.budream.com\/es\/wp-json\/wp\/v2\/types\/product"}],"replies":[{"embeddable":true,"href":"https:\/\/www.budream.com\/es\/wp-json\/wp\/v2\/comments?post=144645"}],"version-history":[{"count":0,"href":"https:\/\/www.budream.com\/es\/wp-json\/wp\/v2\/product\/144645\/revisions"}],"wp:featuredmedia":[{"embeddable":true,"href":"https:\/\/www.budream.com\/es\/wp-json\/wp\/v2\/media\/144633"}],"wp:attachment":[{"href":"https:\/\/www.budream.com\/es\/wp-json\/wp\/v2\/media?parent=144645"}],"wp:term":[{"taxonomy":"product_brand","embeddable":true,"href":"https:\/\/www.budream.com\/es\/wp-json\/wp\/v2\/product_brand?post=144645"},{"taxonomy":"product_cat","embeddable":true,"href":"https:\/\/www.budream.com\/es\/wp-json\/wp\/v2\/product_cat?post=144645"},{"taxonomy":"product_tag","embeddable":true,"href":"https:\/\/www.budream.com\/es\/wp-json\/wp\/v2\/product_tag?post=144645"}],"curies":[{"name":"wp","href":"https:\/\/api.w.org\/{rel}","templated":true}]}}