{"id":144698,"date":"2025-07-31T07:51:27","date_gmt":"2025-07-31T05:51:27","guid":{"rendered":"https:\/\/www.budream.com\/shop\/barneys-farm-glookies-fem\/"},"modified":"2026-04-16T11:51:21","modified_gmt":"2026-04-16T09:51:21","slug":"barneys-farm-glookies-fem","status":"publish","type":"product","link":"https:\/\/www.budream.com\/es\/shop\/barneys-farm-glookies-fem\/","title":{"rendered":"BARNEY&#8217;S FARM &#8211; GLOOKIES FEM"},"content":{"rendered":"<div style=\"text-align: justify\">Si Marvel tuviera que crear una cepa para los Vengadores, esta ser\u00eda sin duda GLOOKIES.<strong> Echa un vistazo a <\/strong>esta cepa de superh\u00e9roe Indica-dominante creada por la cuidadosa fusi\u00f3n de dos ecl\u00e9cticas cepas de cannabis superestrella. Gorilla Glue y Thin Mint Girl Scout Cookies no necesitan presentaci\u00f3n. Otra fenomenal nueva adici\u00f3n a la Colecci\u00f3n Barney&#8217;s Farm Cali.<\/div>\n<p><\/p>\n<h2><strong>Caracter\u00edsticas Glookies Fem:<\/strong><\/h2>\n<ul style=\"list-style-type: disc\">\n<li><strong>G\u00e9nero:<\/strong> Feminizada<\/li>\n<li><strong>Genotipo<\/strong>: 70% Indica \/ 30% Sativa<\/li>\n<li><strong>Gen\u00e9tica:<\/strong> Gorilla Glue x Thin Mint Girl Scout Cookies<\/li>\n<li><strong>D\u00edas de floraci\u00f3n:<\/strong> 60 &#8211; 70 d\u00edas<\/li>\n<\/ul>\n<p><\/p>\n<div style=\"text-align: justify\"><span style=\"font-size: 11pt\"><em><strong>ADVERTENCIA:<\/strong> Las semillas de c\u00e1\u00f1amo est\u00e1n excluidas de la noci\u00f3n legal de Cannabis, lo que significa que no deben considerarse una sustancia estupefaciente (L. 412 de 1974, art. 1, p\u00e1rrafo 1, lett. B; Convenci\u00f3n \u00danica sobre Estupefacientes de Nueva York de 1961 y tabla II del Decreto Ministerial 27\/7\/1992). En Italia, el cultivo del c\u00e1\u00f1amo est\u00e1 prohibido (art\u00edculos 28 y 73 del Decreto Presidencial 309\/90) a menos que se obtenga una autorizaci\u00f3n especial (art\u00edculo 17 del Decreto Presidencial 309\/90). A falta de autorizaci\u00f3n, las semillas s\u00f3lo pueden utilizarse para otros fines (zoot\u00e9cnicos, recolecci\u00f3n, etc.). Las semillas se venden con la reserva de que no sean utilizadas por terceros en conflicto con la ley.<\/em><\/span><\/div>\n","protected":false},"excerpt":{"rendered":"<p>Si Marvel tuviera que crear una cepa para los Vengadores, esta ser\u00eda sin duda GLOOKIES. Echa un vistazo a esta<\/p>\n","protected":false},"featured_media":144684,"comment_status":"open","ping_status":"closed","template":"","meta":[],"product_brand":[],"product_cat":[7953],"product_tag":[],"class_list":{"0":"post-144698","1":"product","2":"type-product","3":"status-publish","4":"has-post-thumbnail","6":"product_cat-seedshop-es","8":"first","9":"instock","10":"taxable","11":"shipping-taxable","12":"purchasable","13":"product-type-variable"},"aioseo_notices":[],"_links":{"self":[{"href":"https:\/\/www.budream.com\/es\/wp-json\/wp\/v2\/product\/144698","targetHints":{"allow":["GET"]}}],"collection":[{"href":"https:\/\/www.budream.com\/es\/wp-json\/wp\/v2\/product"}],"about":[{"href":"https:\/\/www.budream.com\/es\/wp-json\/wp\/v2\/types\/product"}],"replies":[{"embeddable":true,"href":"https:\/\/www.budream.com\/es\/wp-json\/wp\/v2\/comments?post=144698"}],"wp:featuredmedia":[{"embeddable":true,"href":"https:\/\/www.budream.com\/es\/wp-json\/wp\/v2\/media\/144684"}],"wp:attachment":[{"href":"https:\/\/www.budream.com\/es\/wp-json\/wp\/v2\/media?parent=144698"}],"wp:term":[{"taxonomy":"product_brand","embeddable":true,"href":"https:\/\/www.budream.com\/es\/wp-json\/wp\/v2\/product_brand?post=144698"},{"taxonomy":"product_cat","embeddable":true,"href":"https:\/\/www.budream.com\/es\/wp-json\/wp\/v2\/product_cat?post=144698"},{"taxonomy":"product_tag","embeddable":true,"href":"https:\/\/www.budream.com\/es\/wp-json\/wp\/v2\/product_tag?post=144698"}],"curies":[{"name":"wp","href":"https:\/\/api.w.org\/{rel}","templated":true}]}}