{"id":145329,"date":"2025-07-31T08:17:11","date_gmt":"2025-07-31T06:17:11","guid":{"rendered":"https:\/\/www.budream.com\/shop\/barneys-farm-dos-si-dos-33-fem\/"},"modified":"2026-03-24T02:02:36","modified_gmt":"2026-03-24T00:02:36","slug":"barneys-farm-dos-si-dos-33-fem","status":"publish","type":"product","link":"https:\/\/www.budream.com\/es\/shop\/barneys-farm-dos-si-dos-33-fem\/","title":{"rendered":"BARNEY&#8217;S FARM &#8211; DOS SI DOS 33 FEM"},"content":{"rendered":"<div style=\"text-align: justify\">Dos Si Dos fue desarrollada a partir de OG Kush Breath, una Girl Scout Cookies feno de K.O cruzada con Face Off OG y nuevamente cruzada con la legendaria Cookies Kush (OG Kush X GSC feno). A\u00f1ade a la receta una sutil mezcla de Ice Cream #33 con su encantadora herencia Sunset Sherbet x Thin Mint GSC y \u00a1ah\u00ed la tienes!<\/div>\n<p><\/p>\n<h2><strong>Caracter\u00edsticas Dos Si Dos 33 Fem:<\/strong><\/h2>\n<ul style=\"list-style-type: disc\">\n<li><strong>G\u00e9nero:<\/strong> Feminizada<\/li>\n<li><strong>Genotipo<\/strong>: 60% Indica \/ 40% Sativa<\/li>\n<li><strong>Gen\u00e9tica:<\/strong> Dos Si Dos x Gelato #33<\/li>\n<li><strong>D\u00edas de floraci\u00f3n:<\/strong> 60 &#8211; 65 d\u00edas<\/li>\n<\/ul>\n<p><\/p>\n<div style=\"text-align: justify\"><span style=\"font-size: 11pt\"><em><strong>ADVERTENCIA:<\/strong> Las semillas de c\u00e1\u00f1amo est\u00e1n excluidas de la noci\u00f3n legal de Cannabis, lo que significa que no deben considerarse una sustancia estupefaciente (L. 412 de 1974, Art. 1, p\u00e1rrafo 1, lett. B; Convenci\u00f3n \u00danica sobre Estupefacientes de Nueva York de 1961 y tabla II del Decreto Ministerial 27\/7\/1992). En Italia, el cultivo del c\u00e1\u00f1amo est\u00e1 prohibido (art\u00edculos 28 y 73 del Decreto Presidencial 309\/90) a menos que se obtenga una autorizaci\u00f3n especial (art\u00edculo 17 del Decreto Presidencial 309\/90). A falta de autorizaci\u00f3n, las semillas s\u00f3lo pueden utilizarse para otros fines (zoot\u00e9cnicos, recolecci\u00f3n, etc.). Las semillas se venden con la reserva de que no sean utilizadas por terceros en conflicto con la ley.<\/em><\/span><\/div>\n","protected":false},"excerpt":{"rendered":"<p>Dos Si Dos fue desarrollada a partir de OG Kush Breath, una Girl Scout Cookies feno de K.O cruzada con<\/p>\n","protected":false},"featured_media":145319,"comment_status":"open","ping_status":"closed","template":"","meta":[],"product_brand":[],"product_cat":[7953],"product_tag":[],"class_list":{"0":"post-145329","1":"product","2":"type-product","3":"status-publish","4":"has-post-thumbnail","6":"product_cat-seedshop-es","8":"first","9":"instock","10":"taxable","11":"shipping-taxable","12":"purchasable","13":"product-type-variable"},"aioseo_notices":[],"_links":{"self":[{"href":"https:\/\/www.budream.com\/es\/wp-json\/wp\/v2\/product\/145329","targetHints":{"allow":["GET"]}}],"collection":[{"href":"https:\/\/www.budream.com\/es\/wp-json\/wp\/v2\/product"}],"about":[{"href":"https:\/\/www.budream.com\/es\/wp-json\/wp\/v2\/types\/product"}],"replies":[{"embeddable":true,"href":"https:\/\/www.budream.com\/es\/wp-json\/wp\/v2\/comments?post=145329"}],"version-history":[{"count":0,"href":"https:\/\/www.budream.com\/es\/wp-json\/wp\/v2\/product\/145329\/revisions"}],"wp:featuredmedia":[{"embeddable":true,"href":"https:\/\/www.budream.com\/es\/wp-json\/wp\/v2\/media\/145319"}],"wp:attachment":[{"href":"https:\/\/www.budream.com\/es\/wp-json\/wp\/v2\/media?parent=145329"}],"wp:term":[{"taxonomy":"product_brand","embeddable":true,"href":"https:\/\/www.budream.com\/es\/wp-json\/wp\/v2\/product_brand?post=145329"},{"taxonomy":"product_cat","embeddable":true,"href":"https:\/\/www.budream.com\/es\/wp-json\/wp\/v2\/product_cat?post=145329"},{"taxonomy":"product_tag","embeddable":true,"href":"https:\/\/www.budream.com\/es\/wp-json\/wp\/v2\/product_tag?post=145329"}],"curies":[{"name":"wp","href":"https:\/\/api.w.org\/{rel}","templated":true}]}}