{"id":145524,"date":"2025-07-31T08:24:12","date_gmt":"2025-07-31T06:24:12","guid":{"rendered":"https:\/\/www.budream.com\/shop\/dutch-passion-c-vibez-fem\/"},"modified":"2025-12-22T12:52:18","modified_gmt":"2025-12-22T10:52:18","slug":"dutch-passion-c-vibez-fem","status":"publish","type":"product","link":"https:\/\/www.budream.com\/es\/shop\/dutch-passion-c-vibez-fem\/","title":{"rendered":"DUTCH PASSION &#8211; C-VIBEZ FEM"},"content":{"rendered":"<div style=\"text-align: justify\">C-Vibez es un cruce entre Mad Scientist y Voodoo. La gen\u00e9tica se cre\u00f3 cruzando cuidadosamente Mad Scientist con nuestra gen\u00e9tica Voodoo de la vieja escuela. Voodoo es una variedad tailandesa original de Dutch Passion. Al cruzar estos dos pesos pesados estamos seguros de que esta gen\u00e9tica ha heredado las caracter\u00edsticas de sus progenitores.<\/div>\n<div style=\"text-align: justify\">El cruce de un h\u00edbrido con dominancia Indica (la Mad Scientist) con un h\u00edbrido con dominancia Sativa (la Voodoo) da como resultado una gen\u00e9tica que puede proporcionar una gran diversidad de fenotipos todos con las mismas caracter\u00edsticas.<\/div>\n<p><\/p>\n<h2><strong>Caracter\u00edsticas C-Vibez Fem:<\/strong><\/h2>\n<ul style=\"list-style-type: disc\">\n<li><strong>G\u00e9nero:<\/strong> XXL feminizada<\/li>\n<li><strong>Genotipo:<\/strong> H\u00edbrido Indica\/Sativa<\/li>\n<li><strong>Gen\u00e9tica <\/strong>: Mad Scientist X Voodoo<\/li>\n<li><strong>D\u00edas:<\/strong> 70-84<\/li>\n<\/ul>\n<p><\/p>\n<div style=\"text-align: justify\"><span style=\"font-size: 11pt\"><em><strong>ADVERTENCIA:<\/strong> Las semillas de c\u00e1\u00f1amo est\u00e1n excluidas de la noci\u00f3n legal de Cannabis, lo que significa que no deben considerarse una sustancia estupefaciente (L. 412 de 1974, Art. 1, p\u00e1rrafo 1, lett. B; Convenci\u00f3n \u00danica sobre Estupefacientes de Nueva York de 1961 y tabla II del Decreto Ministerial 27\/7\/1992). En Italia, el cultivo del c\u00e1\u00f1amo est\u00e1 prohibido (art\u00edculos 28 y 73 del Decreto Presidencial 309\/90) a menos que se obtenga una autorizaci\u00f3n especial (art\u00edculo 17 del Decreto Presidencial 309\/90). A falta de autorizaci\u00f3n, las semillas s\u00f3lo pueden utilizarse para otros fines (zoot\u00e9cnicos, recolecci\u00f3n, etc.). Las semillas se venden con la reserva de que no ser\u00e1n utilizadas por terceros en conflicto con la ley.<\/em><\/span><\/div>\n","protected":false},"excerpt":{"rendered":"<p>C-Vibez es un cruce entre Mad Scientist y Voodoo. La gen\u00e9tica se cre\u00f3 cruzando cuidadosamente Mad Scientist con nuestra gen\u00e9tica<\/p>\n","protected":false},"featured_media":145514,"comment_status":"open","ping_status":"closed","template":"","meta":[],"product_brand":[],"product_cat":[7953],"product_tag":[],"class_list":{"0":"post-145524","1":"product","2":"type-product","3":"status-publish","4":"has-post-thumbnail","6":"product_cat-seedshop-es","8":"first","9":"instock","10":"taxable","11":"shipping-taxable","12":"purchasable","13":"product-type-variable"},"aioseo_notices":[],"_links":{"self":[{"href":"https:\/\/www.budream.com\/es\/wp-json\/wp\/v2\/product\/145524","targetHints":{"allow":["GET"]}}],"collection":[{"href":"https:\/\/www.budream.com\/es\/wp-json\/wp\/v2\/product"}],"about":[{"href":"https:\/\/www.budream.com\/es\/wp-json\/wp\/v2\/types\/product"}],"replies":[{"embeddable":true,"href":"https:\/\/www.budream.com\/es\/wp-json\/wp\/v2\/comments?post=145524"}],"version-history":[{"count":0,"href":"https:\/\/www.budream.com\/es\/wp-json\/wp\/v2\/product\/145524\/revisions"}],"wp:featuredmedia":[{"embeddable":true,"href":"https:\/\/www.budream.com\/es\/wp-json\/wp\/v2\/media\/145514"}],"wp:attachment":[{"href":"https:\/\/www.budream.com\/es\/wp-json\/wp\/v2\/media?parent=145524"}],"wp:term":[{"taxonomy":"product_brand","embeddable":true,"href":"https:\/\/www.budream.com\/es\/wp-json\/wp\/v2\/product_brand?post=145524"},{"taxonomy":"product_cat","embeddable":true,"href":"https:\/\/www.budream.com\/es\/wp-json\/wp\/v2\/product_cat?post=145524"},{"taxonomy":"product_tag","embeddable":true,"href":"https:\/\/www.budream.com\/es\/wp-json\/wp\/v2\/product_tag?post=145524"}],"curies":[{"name":"wp","href":"https:\/\/api.w.org\/{rel}","templated":true}]}}