{"id":146600,"date":"2025-07-31T09:02:20","date_gmt":"2025-07-31T07:02:20","guid":{"rendered":"https:\/\/www.budream.com\/shop\/boveda-62-embolsada-individualmente\/"},"modified":"2026-03-26T17:32:47","modified_gmt":"2026-03-26T15:32:47","slug":"boveda-62-embolsada-individualmente","status":"publish","type":"product","link":"https:\/\/www.budream.com\/es\/shop\/boveda-62-embolsada-individualmente\/","title":{"rendered":"BOVEDA 62% &#8211; EMBOLSADA INDIVIDUALMENTE"},"content":{"rendered":"<p><strong>BOVEDA 62% mantiene una humedad relativa<\/strong> (HR) estable en el interior de los productos almacenados. Esta tecnolog\u00eda que ha revolucionado la conservaci\u00f3n de puros, alimentos, m\u00fasica y productos electr\u00f3nicos est\u00e1 ahora disponible para la conservaci\u00f3n de hierbas fitoterap\u00e9uticas y medicinales. <\/p>\n<p>Los paquetes patentados de Boveda dentro del recipiente mantienen estable la humedad relativa y, si es necesario, a\u00f1aden o absorben humedad para mantener el contenido constante al <strong>62%<\/strong> (+\/- 1%).<\/p>\n<p>Boveda permite almacenar las esencias durante mucho tiempo sin que cambien sus propiedades y evitando la formaci\u00f3n de moho.<\/p>\n<p>El contenido correcto de humedad maximiza el color, el sabor, el aroma y la eficacia, adem\u00e1s de estabilizar el peso de sus hierbas fitoterap\u00e9uticas y medicinales.<\/p>\n<h2><span style=\"text-decoration: underline\"><strong>\u00bfQu\u00e9 contiene Boveda 62%?<\/strong><\/span><\/h2>\n<div>Dentro de cada Boveda hay una membrana de \u00ab\u00f3smosis inversa\u00bb permeable al vapor de agua. Dentro de esa membrana hay una soluci\u00f3n saturada especialmente preparada de agua pura y sal natural. Si es necesario, Boveda libera o absorbe vapor de agua purificada a trav\u00e9s de la membrana para mantener un nivel predeterminado de (HR).<\/p>\n<\/div>\n<h2><strong><span style=\"text-decoration: underline\">Caracter\u00edsticas principales Boveda 62%<\/span>:<\/strong><\/h2>\n<ul style=\"list-style-type: disc\">\n<li>Mantiene<strong>una humedad relativa constante del 62%<\/strong> (+\/- 1%) mediante la absorci\u00f3n y liberaci\u00f3n del valor del agua;<\/li>\n<li><strong>Previene la formaci\u00f3n de moho peligroso<\/strong>;<\/li>\n<li><strong>Dura aproximadamente 2\/3 meses <\/strong>desde el momento en que se coloca en el recipiente;<\/li>\n<li>No requiere mantenimiento ni rellenado; Debe sustituirse cuando se pone r\u00edgido.<\/li>\n<\/ul>\n<p><\/p>\n<h2><span style=\"text-decoration: underline\"><b>C\u00f3mo utilizar Boveda 62%:<\/b><\/span><\/h2>\n<p>El sobre de<strong> 1 gr.<\/strong> proporciona el nivel de humedad hasta <strong>3,5 gr<\/strong>., el sobre de 4 gr. hasta <strong>15 gr.<\/strong>, el sobre <strong>de 8 gr.<\/strong> hasta <strong>30 gr.<\/strong>, el sobre de<strong> 67 gr<\/strong>. hasta <strong>450 gr. <\/strong>y el sobre de <strong>320 gr.<\/strong> hasta <strong>1800 gr.<\/strong><\/p>\n<p><strong>Nota<\/strong>: No mezcle diferentes niveles de Boveda RH dentro del mismo recipiente y no utilice Boveda en el mismo recipiente con otros productos de humidificaci\u00f3n. Luchar\u00e1n entre s\u00ed y reducir\u00e1n la eficacia de las bolsas Boveda.<\/p>\n","protected":false},"excerpt":{"rendered":"<p>BOVEDA 62% mantiene una humedad relativa (HR) estable en el interior de los productos almacenados. Esta tecnolog\u00eda que ha revolucionado<\/p>\n","protected":false},"featured_media":146563,"comment_status":"open","ping_status":"closed","template":"","meta":[],"product_brand":[],"product_cat":[7948],"product_tag":[],"class_list":{"0":"post-146600","1":"product","2":"type-product","3":"status-publish","4":"has-post-thumbnail","6":"product_cat-headshop-es","8":"first","9":"instock","10":"taxable","11":"shipping-taxable","12":"purchasable","13":"product-type-variable"},"aioseo_notices":[],"_links":{"self":[{"href":"https:\/\/www.budream.com\/es\/wp-json\/wp\/v2\/product\/146600","targetHints":{"allow":["GET"]}}],"collection":[{"href":"https:\/\/www.budream.com\/es\/wp-json\/wp\/v2\/product"}],"about":[{"href":"https:\/\/www.budream.com\/es\/wp-json\/wp\/v2\/types\/product"}],"replies":[{"embeddable":true,"href":"https:\/\/www.budream.com\/es\/wp-json\/wp\/v2\/comments?post=146600"}],"version-history":[{"count":0,"href":"https:\/\/www.budream.com\/es\/wp-json\/wp\/v2\/product\/146600\/revisions"}],"wp:featuredmedia":[{"embeddable":true,"href":"https:\/\/www.budream.com\/es\/wp-json\/wp\/v2\/media\/146563"}],"wp:attachment":[{"href":"https:\/\/www.budream.com\/es\/wp-json\/wp\/v2\/media?parent=146600"}],"wp:term":[{"taxonomy":"product_brand","embeddable":true,"href":"https:\/\/www.budream.com\/es\/wp-json\/wp\/v2\/product_brand?post=146600"},{"taxonomy":"product_cat","embeddable":true,"href":"https:\/\/www.budream.com\/es\/wp-json\/wp\/v2\/product_cat?post=146600"},{"taxonomy":"product_tag","embeddable":true,"href":"https:\/\/www.budream.com\/es\/wp-json\/wp\/v2\/product_tag?post=146600"}],"curies":[{"name":"wp","href":"https:\/\/api.w.org\/{rel}","templated":true}]}}