{"id":147213,"date":"2025-07-31T09:18:50","date_gmt":"2025-07-31T07:18:50","guid":{"rendered":"https:\/\/www.budream.com\/shop\/barneys-farm-pegamento-gorila-auto-fem-3\/"},"modified":"2026-04-13T15:57:22","modified_gmt":"2026-04-13T13:57:22","slug":"barneys-farm-pegamento-gorila-auto-fem-3","status":"publish","type":"product","link":"https:\/\/www.budream.com\/es\/shop\/barneys-farm-pegamento-gorila-auto-fem-3\/","title":{"rendered":"BARNEY&#8217;S FARM &#8211; PEGAMENTO GORILA AUTO FEM"},"content":{"rendered":"<p>GORILLA GLUE AUTO de Barney&#8217;s Farm es un h\u00edbrido de floraci\u00f3n r\u00e1pida. Esta nueva versi\u00f3n super-r\u00e1pida (55% Indica) es el resultado del cruce de la gloriosa Gorilla Glue con la magn\u00edfica nueva generaci\u00f3n de la variedad Super Auto #1.<\/p>\n<h2><strong>Caracter\u00edsticas Gorilla Glue Auto Fem:<\/strong><\/h2>\n<ul style=\"list-style-type: disc\">\n<li><strong>G\u00e9nero:<\/strong> Autofloreciente<\/li>\n<li><strong>Genotipo<\/strong>: 55% Indica \/ 45% Sativa<\/li>\n<li><strong>Gen\u00e9tica:<\/strong> Gorilla Glue #4 x BF Super Auto #1<\/li>\n<li>D\u00edas<strong>:<\/strong> 70 &#8211; 75 d\u00edas<\/li>\n<\/ul>\n<p><span style=\"font-size: 11pt\"><em><strong>ADVERTENCIA:<\/strong> Las semillas de c\u00e1\u00f1amo est\u00e1n excluidas de la noci\u00f3n legal de Cannabis, lo que significa que no deben considerarse una sustancia estupefaciente (L. 412 de 1974, art. 1, p\u00e1rrafo 1, lett. B; Convenci\u00f3n \u00danica sobre Estupefacientes de Nueva York de 1961 y tabla II del Decreto Ministerial 27\/7\/1992). En Italia, el cultivo del c\u00e1\u00f1amo est\u00e1 prohibido (art\u00edculos 28 y 73 del Decreto Presidencial 309\/90) a menos que se obtenga una autorizaci\u00f3n especial (art\u00edculo 17 del Decreto Presidencial 309\/90). A falta de autorizaci\u00f3n, las semillas s\u00f3lo pueden utilizarse para otros fines (zoot\u00e9cnicos, recolecci\u00f3n, etc.). Las semillas se venden con la reserva de que no ser\u00e1n utilizadas por terceros en conflicto con la ley.<\/em><\/span><\/p>\n","protected":false},"excerpt":{"rendered":"<p>GORILLA GLUE AUTO de Barney&#8217;s Farm es un h\u00edbrido de floraci\u00f3n r\u00e1pida. Esta nueva versi\u00f3n super-r\u00e1pida (55% Indica) es el<\/p>\n","protected":false},"featured_media":147185,"comment_status":"open","ping_status":"closed","template":"","meta":[],"product_brand":[],"product_cat":[7953],"product_tag":[],"class_list":{"0":"post-147213","1":"product","2":"type-product","3":"status-publish","4":"has-post-thumbnail","6":"product_cat-seedshop-es","8":"first","9":"instock","10":"sale","11":"taxable","12":"shipping-taxable","13":"purchasable","14":"product-type-variable"},"_links":{"self":[{"href":"https:\/\/www.budream.com\/es\/wp-json\/wp\/v2\/product\/147213","targetHints":{"allow":["GET"]}}],"collection":[{"href":"https:\/\/www.budream.com\/es\/wp-json\/wp\/v2\/product"}],"about":[{"href":"https:\/\/www.budream.com\/es\/wp-json\/wp\/v2\/types\/product"}],"replies":[{"embeddable":true,"href":"https:\/\/www.budream.com\/es\/wp-json\/wp\/v2\/comments?post=147213"}],"version-history":[{"count":1,"href":"https:\/\/www.budream.com\/es\/wp-json\/wp\/v2\/product\/147213\/revisions"}],"predecessor-version":[{"id":262549,"href":"https:\/\/www.budream.com\/es\/wp-json\/wp\/v2\/product\/147213\/revisions\/262549"}],"wp:featuredmedia":[{"embeddable":true,"href":"https:\/\/www.budream.com\/es\/wp-json\/wp\/v2\/media\/147185"}],"wp:attachment":[{"href":"https:\/\/www.budream.com\/es\/wp-json\/wp\/v2\/media?parent=147213"}],"wp:term":[{"taxonomy":"product_brand","embeddable":true,"href":"https:\/\/www.budream.com\/es\/wp-json\/wp\/v2\/product_brand?post=147213"},{"taxonomy":"product_cat","embeddable":true,"href":"https:\/\/www.budream.com\/es\/wp-json\/wp\/v2\/product_cat?post=147213"},{"taxonomy":"product_tag","embeddable":true,"href":"https:\/\/www.budream.com\/es\/wp-json\/wp\/v2\/product_tag?post=147213"}],"curies":[{"name":"wp","href":"https:\/\/api.w.org\/{rel}","templated":true}]}}