{"id":147274,"date":"2025-07-31T09:20:10","date_gmt":"2025-07-31T07:20:10","guid":{"rendered":"https:\/\/www.budream.com\/shop\/barneys-farm-gorilla-zkittlez-auto-fem\/"},"modified":"2026-04-16T11:58:44","modified_gmt":"2026-04-16T09:58:44","slug":"barneys-farm-gorilla-zkittlez-auto-fem","status":"publish","type":"product","link":"https:\/\/www.budream.com\/es\/shop\/barneys-farm-gorilla-zkittlez-auto-fem\/","title":{"rendered":"BARNEY&#8217;S FARM &#8211; GORILLA ZKITTLEZ AUTO FEM"},"content":{"rendered":"<div style=\"text-align: justify\">GORILLA ZKITTLEZ AUTO &#8211; La variedad feminizada m\u00e1s vendida de la Cali Collection acaba de recibir el tratamiento auto. Es el cruce inicial de Gorilla Glue x Zkittlez, luego retrocruzada con la cepa Super auto #1 que le dio una extraordinaria fuerza y resistencia a los insectos y al estr\u00e9s.<\/div>\n<p><\/p>\n<h2><strong>Caracter\u00edsticas Gorilla Zkittlez Auto Fem:<\/strong><\/h2>\n<ul style=\"list-style-type: disc\">\n<li><strong>G\u00e9nero:<\/strong> Autofloreciente<\/li>\n<li><strong>Genotipo<\/strong>: 75% Indica \/ 25% Sativa<\/li>\n<li><strong>Gen\u00e9tica:<\/strong> Gorilla Glue x Zkittlez x BF Super Auto #1<\/li>\n<li>D\u00edas<strong>:<\/strong> 75 d\u00edas<\/li>\n<\/ul>\n<p><\/p>\n<div style=\"text-align: justify\"><span style=\"font-size: 11pt\"><em><strong>ADVERTENCIA:<\/strong> Las semillas de c\u00e1\u00f1amo est\u00e1n excluidas de la noci\u00f3n legal de Cannabis, lo que significa que no deben considerarse una sustancia estupefaciente (L. 412 de 1974, art. 1, p\u00e1rrafo 1, lett. B; Convenci\u00f3n \u00danica sobre Estupefacientes de Nueva York de 1961 y tabla II del Decreto Ministerial 27\/7\/1992). En Italia, el cultivo del c\u00e1\u00f1amo est\u00e1 prohibido (art\u00edculos 28 y 73 del Decreto Presidencial 309\/90) a menos que se obtenga una autorizaci\u00f3n especial (art\u00edculo 17 del Decreto Presidencial 309\/90). A falta de autorizaci\u00f3n, las semillas s\u00f3lo pueden utilizarse para otros fines (zoot\u00e9cnicos, recolecci\u00f3n, etc.). Las semillas se venden con la reserva de que no ser\u00e1n utilizadas por terceros en conflicto con la ley.<\/em><\/span><\/div>\n","protected":false},"excerpt":{"rendered":"<p>GORILLA ZKITTLEZ AUTO &#8211; La variedad feminizada m\u00e1s vendida de la Cali Collection acaba de recibir el tratamiento auto. Es<\/p>\n","protected":false},"featured_media":147257,"comment_status":"open","ping_status":"closed","template":"","meta":[],"product_brand":[],"product_cat":[7953],"product_tag":[],"class_list":{"0":"post-147274","1":"product","2":"type-product","3":"status-publish","4":"has-post-thumbnail","6":"product_cat-seedshop-es","8":"first","9":"instock","10":"taxable","11":"shipping-taxable","12":"purchasable","13":"product-type-variable"},"aioseo_notices":[],"_links":{"self":[{"href":"https:\/\/www.budream.com\/es\/wp-json\/wp\/v2\/product\/147274","targetHints":{"allow":["GET"]}}],"collection":[{"href":"https:\/\/www.budream.com\/es\/wp-json\/wp\/v2\/product"}],"about":[{"href":"https:\/\/www.budream.com\/es\/wp-json\/wp\/v2\/types\/product"}],"replies":[{"embeddable":true,"href":"https:\/\/www.budream.com\/es\/wp-json\/wp\/v2\/comments?post=147274"}],"version-history":[{"count":1,"href":"https:\/\/www.budream.com\/es\/wp-json\/wp\/v2\/product\/147274\/revisions"}],"predecessor-version":[{"id":262257,"href":"https:\/\/www.budream.com\/es\/wp-json\/wp\/v2\/product\/147274\/revisions\/262257"}],"wp:featuredmedia":[{"embeddable":true,"href":"https:\/\/www.budream.com\/es\/wp-json\/wp\/v2\/media\/147257"}],"wp:attachment":[{"href":"https:\/\/www.budream.com\/es\/wp-json\/wp\/v2\/media?parent=147274"}],"wp:term":[{"taxonomy":"product_brand","embeddable":true,"href":"https:\/\/www.budream.com\/es\/wp-json\/wp\/v2\/product_brand?post=147274"},{"taxonomy":"product_cat","embeddable":true,"href":"https:\/\/www.budream.com\/es\/wp-json\/wp\/v2\/product_cat?post=147274"},{"taxonomy":"product_tag","embeddable":true,"href":"https:\/\/www.budream.com\/es\/wp-json\/wp\/v2\/product_tag?post=147274"}],"curies":[{"name":"wp","href":"https:\/\/api.w.org\/{rel}","templated":true}]}}