{"id":150628,"date":"2025-07-31T10:56:45","date_gmt":"2025-07-31T08:56:45","guid":{"rendered":"https:\/\/www.budream.com\/shop\/semillas-de-canamo-variedad-cs-ce\/"},"modified":"2026-03-24T19:55:02","modified_gmt":"2026-03-24T17:55:02","slug":"semillas-de-canamo-variedad-cs-ce","status":"publish","type":"product","link":"https:\/\/www.budream.com\/es\/shop\/semillas-de-canamo-variedad-cs-ce\/","title":{"rendered":"SEMILLAS DE C\u00c1\u00d1AMO VARIEDAD CS CE"},"content":{"rendered":"<p>Semillas de c\u00e1\u00f1amo (Cannabis sativa L.) con certificado CE de la variedad CS.<br \/><strong><br \/>Genotipo:<\/strong> CS<br \/><strong>Pa\u00eds de producci\u00f3n:<\/strong> Italia<br \/><strong>Peso:<\/strong> 0,250 Kg<\/p>\n<p><\/p>\n<p>Carmagnola Selected se desarroll\u00f3 para aumentar el porcentaje de fibra larga contenida en el tallo de la variedad Carmagnola, con el fin de promover la industria textil italiana del c\u00e1\u00f1amo en un proyecto de 2001. Por lo tanto, esta variedad es id\u00e9ntica a la variedad \u00abmadre\u00bb Carmagnola en cuanto a vigor, ciclo de cultivo y estructura.<\/p>\n<p>A continuaci\u00f3n se enumeran sus principales caracter\u00edsticas:<\/p>\n<p><strong>Genotipo<\/strong>: Dioica<\/p>\n<p><strong>Adaptabilidad clim\u00e1tica<\/strong>: Norte, Centro, Sur de Europa, Norte-Centro-Sur de Am\u00e9rica<\/p>\n<p><strong>Ciclo vegetativo<\/strong>: 160\/180 d\u00edas<\/p>\n<p><strong>Altura<\/strong>: 2,5 &#8211; 6,5 metros<\/p>\n<p><strong>Plena floraci\u00f3n<\/strong>: agosto<\/p>\n<p><strong>Producci\u00f3n media de semillas Kg\/ha<\/strong>: 400 &#8211; 600<\/p>\n<p><strong>Rendimiento medio de pacas T\/ha<\/strong>: 10 &#8211; 15<\/p>\n<p><strong>Rendimiento medio de inflorescencias** (biomasa seca)<\/strong> <strong>Kg\/ha<\/strong>: 600 &#8211; 1000<\/p>\n<p><strong>THC<\/strong>: &lt; 0,2<\/p>\n<p><strong>CBD*<\/strong>: 3-10 %.<\/p>\n","protected":false},"excerpt":{"rendered":"<p>Semillas de c\u00e1\u00f1amo (Cannabis sativa L.) con certificado CE de la variedad CS.Genotipo: CSPa\u00eds de producci\u00f3n: ItaliaPeso: 0,250 Kg Carmagnola<\/p>\n","protected":false},"featured_media":150624,"comment_status":"open","ping_status":"closed","template":"","meta":[],"product_brand":[],"product_cat":[7953],"product_tag":[],"class_list":{"0":"post-150628","1":"product","2":"type-product","3":"status-publish","4":"has-post-thumbnail","6":"product_cat-seedshop-es","8":"first","9":"instock","10":"sale","11":"taxable","12":"shipping-taxable","13":"purchasable","14":"product-type-variable"},"_links":{"self":[{"href":"https:\/\/www.budream.com\/es\/wp-json\/wp\/v2\/product\/150628","targetHints":{"allow":["GET"]}}],"collection":[{"href":"https:\/\/www.budream.com\/es\/wp-json\/wp\/v2\/product"}],"about":[{"href":"https:\/\/www.budream.com\/es\/wp-json\/wp\/v2\/types\/product"}],"replies":[{"embeddable":true,"href":"https:\/\/www.budream.com\/es\/wp-json\/wp\/v2\/comments?post=150628"}],"version-history":[{"count":0,"href":"https:\/\/www.budream.com\/es\/wp-json\/wp\/v2\/product\/150628\/revisions"}],"wp:featuredmedia":[{"embeddable":true,"href":"https:\/\/www.budream.com\/es\/wp-json\/wp\/v2\/media\/150624"}],"wp:attachment":[{"href":"https:\/\/www.budream.com\/es\/wp-json\/wp\/v2\/media?parent=150628"}],"wp:term":[{"taxonomy":"product_brand","embeddable":true,"href":"https:\/\/www.budream.com\/es\/wp-json\/wp\/v2\/product_brand?post=150628"},{"taxonomy":"product_cat","embeddable":true,"href":"https:\/\/www.budream.com\/es\/wp-json\/wp\/v2\/product_cat?post=150628"},{"taxonomy":"product_tag","embeddable":true,"href":"https:\/\/www.budream.com\/es\/wp-json\/wp\/v2\/product_tag?post=150628"}],"curies":[{"name":"wp","href":"https:\/\/api.w.org\/{rel}","templated":true}]}}