{"id":150658,"date":"2025-07-31T10:58:13","date_gmt":"2025-07-31T08:58:13","guid":{"rendered":"https:\/\/www.budream.com\/shop\/semillas-de-canamo-variedad-carmagnola-ce\/"},"modified":"2026-03-24T20:35:20","modified_gmt":"2026-03-24T18:35:20","slug":"semillas-de-canamo-variedad-carmagnola-ce","status":"publish","type":"product","link":"https:\/\/www.budream.com\/es\/shop\/semillas-de-canamo-variedad-carmagnola-ce\/","title":{"rendered":"SEMILLAS DE C\u00c1\u00d1AMO VARIEDAD CARMAGNOLA CE"},"content":{"rendered":"<p>\u00abCarmagnola\u00bb es una variedad italiana hist\u00f3rica, cultivada durante siglos en toda Italia.<br \/>Es una cepa gen\u00e9tica desarrollada para producir fibra, pero ahora se elige para la producci\u00f3n de inflorescencias y biomasa para extracci\u00f3n (CBD). Tambi\u00e9n produce cantidades satisfactorias de semillas.<\/p>\n<p>A continuaci\u00f3n se enumeran sus principales caracter\u00edsticas:<\/p>\n<p>Semilla de c\u00e1\u00f1amo (Cannabis sativa L.) certificada CE de la variedad Carmagnola.<br \/><strong>Genotipo:<\/strong> Carmagnola<br \/><strong>Pa\u00eds de producci\u00f3n:<\/strong> Italia<\/p>\n<p><\/p>\n<h2>PRINCIPALES CARACTER\u00cdSTICAS DEL C\u00c1\u00d1AMO SATIVA CARMAGNOLA<\/h2>\n<ul>\n<li>Genotipo: Dioica<\/li>\n<li>Clima: Europa septentrional, central y meridional<\/li>\n<li>Ciclo vegetativo: 160\/180 d\u00edas<\/li>\n<li>Inicio de la floraci\u00f3n: agosto<\/li>\n<li>Altura posible: 2,5 &#8211; 6,5 metros<\/li>\n<li>THC: &lt; 0,2%.<\/li>\n<li>CBD: hasta 12%.<\/li>\n<li>Indica \/ Sativa 80% Sativa &#8211; 20% Indica<\/li>\n<li>Gen\u00e9tica Carmagnola<\/li>\n<li>Tiempo de cosecha Octubre<\/li>\n<li>Tiempo de floraci\u00f3n 75 d\u00edas<\/li>\n<\/ul>\n","protected":false},"excerpt":{"rendered":"<p>\u00abCarmagnola\u00bb es una variedad italiana hist\u00f3rica, cultivada durante siglos en toda Italia.Es una cepa gen\u00e9tica desarrollada para producir fibra, pero<\/p>\n","protected":false},"featured_media":150654,"comment_status":"open","ping_status":"closed","template":"","meta":[],"product_brand":[],"product_cat":[7953],"product_tag":[],"class_list":{"0":"post-150658","1":"product","2":"type-product","3":"status-publish","4":"has-post-thumbnail","6":"product_cat-seedshop-es","8":"first","9":"instock","10":"taxable","11":"shipping-taxable","12":"purchasable","13":"product-type-variable"},"aioseo_notices":[],"_links":{"self":[{"href":"https:\/\/www.budream.com\/es\/wp-json\/wp\/v2\/product\/150658","targetHints":{"allow":["GET"]}}],"collection":[{"href":"https:\/\/www.budream.com\/es\/wp-json\/wp\/v2\/product"}],"about":[{"href":"https:\/\/www.budream.com\/es\/wp-json\/wp\/v2\/types\/product"}],"replies":[{"embeddable":true,"href":"https:\/\/www.budream.com\/es\/wp-json\/wp\/v2\/comments?post=150658"}],"version-history":[{"count":0,"href":"https:\/\/www.budream.com\/es\/wp-json\/wp\/v2\/product\/150658\/revisions"}],"wp:featuredmedia":[{"embeddable":true,"href":"https:\/\/www.budream.com\/es\/wp-json\/wp\/v2\/media\/150654"}],"wp:attachment":[{"href":"https:\/\/www.budream.com\/es\/wp-json\/wp\/v2\/media?parent=150658"}],"wp:term":[{"taxonomy":"product_brand","embeddable":true,"href":"https:\/\/www.budream.com\/es\/wp-json\/wp\/v2\/product_brand?post=150658"},{"taxonomy":"product_cat","embeddable":true,"href":"https:\/\/www.budream.com\/es\/wp-json\/wp\/v2\/product_cat?post=150658"},{"taxonomy":"product_tag","embeddable":true,"href":"https:\/\/www.budream.com\/es\/wp-json\/wp\/v2\/product_tag?post=150658"}],"curies":[{"name":"wp","href":"https:\/\/api.w.org\/{rel}","templated":true}]}}