{"id":150693,"date":"2025-07-31T10:59:38","date_gmt":"2025-07-31T08:59:38","guid":{"rendered":"https:\/\/www.budream.com\/shop\/barneys-farm-bubba-kush-fem\/"},"modified":"2026-03-25T15:12:56","modified_gmt":"2026-03-25T13:12:56","slug":"barneys-farm-bubba-kush-fem","status":"publish","type":"product","link":"https:\/\/www.budream.com\/es\/shop\/barneys-farm-bubba-kush-fem\/","title":{"rendered":"BARNEY&#8217;S FARM &#8211; BUBBA KUSH FEM"},"content":{"rendered":"<div style=\"text-align: justify\">Esta extraordinaria planta desciende de la famosa gen\u00e9tica descubierta originalmente por alguien conocido s\u00f3lo como \u00abBubbha\u00bb en Estados Unidos. Ahora ha sido estabilizada por el equipo y elevada a un nivel acorde con su conocida historia y reputaci\u00f3n. Se trata sin duda de una de las Indicas m\u00e1s populares del mundo.<\/div>\n<p><\/p>\n<h2><strong>Caracter\u00edsticas Bubba Kush Fem:<br \/><\/strong><\/h2>\n<ul style=\"list-style-type: disc\">\n<li><strong>G\u00e9nero:<\/strong> Feminizada<\/li>\n<li><strong>Genotipo:<\/strong> 70% Indica 60 Sativa<\/li>\n<li><strong>Gen\u00e9tica:<\/strong> Afghan Kush Landrace x OG Kush<\/li>\n<li><strong>D\u00edas:<\/strong> 56 &#8211; 63 d\u00edas<\/li>\n<\/ul>\n<p><\/p>\n<div style=\"text-align: justify\"><span style=\"font-size: 11pt\"><em><strong>ADVERTENCIA:<\/strong> Las semillas de c\u00e1\u00f1amo est\u00e1n excluidas de la noci\u00f3n legal de Cannabis, lo que significa que no deben considerarse una sustancia estupefaciente (L. 412 de 1974, art. 1, p\u00e1rrafo 1, lett. B; Convenci\u00f3n \u00danica sobre Estupefacientes de Nueva York de 1961 y tabla II del Decreto Ministerial 27\/7\/1992). En Italia, el cultivo del c\u00e1\u00f1amo est\u00e1 prohibido (art\u00edculos 28 y 73 del Decreto Presidencial 309\/90) a menos que se obtenga una autorizaci\u00f3n especial (art\u00edculo 17 del Decreto Presidencial 309\/90). A falta de autorizaci\u00f3n, las semillas s\u00f3lo pueden utilizarse para otros fines (zoot\u00e9cnicos, recolecci\u00f3n, etc.). Las semillas se venden con la reserva de que no ser\u00e1n utilizadas por terceros en conflicto con la ley.<\/em><\/span><\/div>\n","protected":false},"excerpt":{"rendered":"<p>Esta extraordinaria planta desciende de la famosa gen\u00e9tica descubierta originalmente por alguien conocido s\u00f3lo como \u00abBubbha\u00bb en Estados Unidos. Ahora<\/p>\n","protected":false},"featured_media":150684,"comment_status":"open","ping_status":"closed","template":"","meta":[],"product_brand":[],"product_cat":[7953],"product_tag":[],"class_list":{"0":"post-150693","1":"product","2":"type-product","3":"status-publish","4":"has-post-thumbnail","6":"product_cat-seedshop-es","8":"first","9":"instock","10":"taxable","11":"shipping-taxable","12":"purchasable","13":"product-type-variable"},"aioseo_notices":[],"_links":{"self":[{"href":"https:\/\/www.budream.com\/es\/wp-json\/wp\/v2\/product\/150693","targetHints":{"allow":["GET"]}}],"collection":[{"href":"https:\/\/www.budream.com\/es\/wp-json\/wp\/v2\/product"}],"about":[{"href":"https:\/\/www.budream.com\/es\/wp-json\/wp\/v2\/types\/product"}],"replies":[{"embeddable":true,"href":"https:\/\/www.budream.com\/es\/wp-json\/wp\/v2\/comments?post=150693"}],"version-history":[{"count":0,"href":"https:\/\/www.budream.com\/es\/wp-json\/wp\/v2\/product\/150693\/revisions"}],"wp:featuredmedia":[{"embeddable":true,"href":"https:\/\/www.budream.com\/es\/wp-json\/wp\/v2\/media\/150684"}],"wp:attachment":[{"href":"https:\/\/www.budream.com\/es\/wp-json\/wp\/v2\/media?parent=150693"}],"wp:term":[{"taxonomy":"product_brand","embeddable":true,"href":"https:\/\/www.budream.com\/es\/wp-json\/wp\/v2\/product_brand?post=150693"},{"taxonomy":"product_cat","embeddable":true,"href":"https:\/\/www.budream.com\/es\/wp-json\/wp\/v2\/product_cat?post=150693"},{"taxonomy":"product_tag","embeddable":true,"href":"https:\/\/www.budream.com\/es\/wp-json\/wp\/v2\/product_tag?post=150693"}],"curies":[{"name":"wp","href":"https:\/\/api.w.org\/{rel}","templated":true}]}}