{"id":150961,"date":"2025-07-31T11:10:18","date_gmt":"2025-07-31T09:10:18","guid":{"rendered":"https:\/\/www.budream.com\/shop\/dutch-passion-amsterdam-amnesia-fem\/"},"modified":"2026-03-23T15:25:14","modified_gmt":"2026-03-23T13:25:14","slug":"dutch-passion-amsterdam-amnesia-fem","status":"publish","type":"product","link":"https:\/\/www.budream.com\/es\/shop\/dutch-passion-amsterdam-amnesia-fem\/","title":{"rendered":"DUTCH PASSION &#8211; AMSTERDAM AMNESIA FEM"},"content":{"rendered":"<div style=\"text-align: justify\">La original y mejor Amnesia Haze del mundo es, por supuesto, un producto de Amsterdam, \u00a1no pod\u00eda ser de otra manera!<\/div>\n<div style=\"text-align: justify\">En pocos a\u00f1os, esta variedad holandesa de predominancia sativa ha conquistado el mundo.<\/div>\n<div style=\"text-align: justify\">La colecci\u00f3n de semillas feminizadas de Dutch Passion no estar\u00eda completa sin la cl\u00e1sica atemporal Amsterdam Amnesia Haze.<\/div>\n<p><\/p>\n<h2><strong>Caracter\u00edsticas Amsterdam Amnesia Fem:<\/strong><\/h2>\n<ul style=\"list-style-type: disc\">\n<li><strong>G\u00e9nero:<\/strong> Feminizada<\/li>\n<li><strong>Genotipo:<\/strong> H\u00edbrido sativa dominante<\/li>\n<li><strong>Gen\u00e9tica:<\/strong> Amsterdam Amnesia Haze<\/li>\n<li><strong>D\u00edas:<\/strong> 63 &#8211; 70 d\u00edas<\/li>\n<\/ul>\n<p><\/p>\n<div style=\"text-align: justify\"><span style=\"font-size: 11pt\"><em><strong>ADVERTENCIA:<\/strong> Las semillas de c\u00e1\u00f1amo est\u00e1n excluidas de la noci\u00f3n legal de Cannabis, lo que significa que no deben considerarse una sustancia estupefaciente (L. 412 de 1974, Art. 1, p\u00e1rrafo 1, lett. B; Convenci\u00f3n \u00danica sobre Estupefacientes de Nueva York de 1961 y tabla II del Decreto Ministerial 27\/7\/1992). En Italia, el cultivo del c\u00e1\u00f1amo est\u00e1 prohibido (art\u00edculos 28 y 73 del Decreto Presidencial 309\/90) a menos que se obtenga una autorizaci\u00f3n especial (art\u00edculo 17 del Decreto Presidencial 309\/90). A falta de autorizaci\u00f3n, las semillas s\u00f3lo pueden utilizarse para otros fines (zoot\u00e9cnicos, recolecci\u00f3n, etc.). Las semillas se venden con la reserva de que no sean utilizadas por terceros en conflicto con la ley.<\/em><\/span><\/div>\n","protected":false},"excerpt":{"rendered":"<p>La original y mejor Amnesia Haze del mundo es, por supuesto, un producto de Amsterdam, \u00a1no pod\u00eda ser de otra<\/p>\n","protected":false},"featured_media":150952,"comment_status":"open","ping_status":"closed","template":"","meta":[],"product_brand":[],"product_cat":[7953],"product_tag":[],"class_list":{"0":"post-150961","1":"product","2":"type-product","3":"status-publish","4":"has-post-thumbnail","6":"product_cat-seedshop-es","8":"first","9":"instock","10":"taxable","11":"shipping-taxable","12":"purchasable","13":"product-type-variable"},"aioseo_notices":[],"_links":{"self":[{"href":"https:\/\/www.budream.com\/es\/wp-json\/wp\/v2\/product\/150961","targetHints":{"allow":["GET"]}}],"collection":[{"href":"https:\/\/www.budream.com\/es\/wp-json\/wp\/v2\/product"}],"about":[{"href":"https:\/\/www.budream.com\/es\/wp-json\/wp\/v2\/types\/product"}],"replies":[{"embeddable":true,"href":"https:\/\/www.budream.com\/es\/wp-json\/wp\/v2\/comments?post=150961"}],"version-history":[{"count":0,"href":"https:\/\/www.budream.com\/es\/wp-json\/wp\/v2\/product\/150961\/revisions"}],"wp:featuredmedia":[{"embeddable":true,"href":"https:\/\/www.budream.com\/es\/wp-json\/wp\/v2\/media\/150952"}],"wp:attachment":[{"href":"https:\/\/www.budream.com\/es\/wp-json\/wp\/v2\/media?parent=150961"}],"wp:term":[{"taxonomy":"product_brand","embeddable":true,"href":"https:\/\/www.budream.com\/es\/wp-json\/wp\/v2\/product_brand?post=150961"},{"taxonomy":"product_cat","embeddable":true,"href":"https:\/\/www.budream.com\/es\/wp-json\/wp\/v2\/product_cat?post=150961"},{"taxonomy":"product_tag","embeddable":true,"href":"https:\/\/www.budream.com\/es\/wp-json\/wp\/v2\/product_tag?post=150961"}],"curies":[{"name":"wp","href":"https:\/\/api.w.org\/{rel}","templated":true}]}}