{"id":151254,"date":"2025-07-31T11:18:17","date_gmt":"2025-07-31T09:18:17","guid":{"rendered":"https:\/\/www.budream.com\/shop\/dutch-passion-keroseno-auto-krash-fem\/"},"modified":"2026-02-26T18:53:55","modified_gmt":"2026-02-26T16:53:55","slug":"dutch-passion-keroseno-auto-krash-fem","status":"publish","type":"product","link":"https:\/\/www.budream.com\/es\/shop\/dutch-passion-keroseno-auto-krash-fem\/","title":{"rendered":"DUTCH PASSION &#8211; KEROSENO AUTO KRASH FEM"},"content":{"rendered":"<div style=\"text-align: justify\">La Kerosene Krash fotoperi\u00f3dica original se cre\u00f3 cruzando una hembra GG#4 con un macho Sherbet excepcional. Est\u00e1bamos tan satisfechos con el resultado que inmediatamente empezamos a trabajar en una versi\u00f3n autofloreciente de esta hermosa gen\u00e9tica.<\/div>\n<div style=\"text-align: justify\">Para convertir esta premiada gen\u00e9tica fotoperi\u00f3dica en una autofloreciente, utilizamos nuestra Auto Glueberry OG (Glueberry OG x Auto Blueberry). Esto asegur\u00f3 que el perfil de terpenos gaseosos pasara a la autofloreciente.<\/div>\n<p><\/p>\n<h2><strong>Caracter\u00edsticas Auto Kerosene Krash Fem:<\/strong><\/h2>\n<ul style=\"list-style-type: disc\">\n<li><strong>G\u00e9nero:<\/strong> Autofloreciente Feminizada XL<\/li>\n<li><strong>Genotipo:<\/strong> H\u00edbrido<\/li>\n<li><strong>Gen\u00e9tica:<\/strong> Kerosene Krash x Auto Glueberry O.G.<\/li>\n<li>D\u00edas<strong>:<\/strong> 84 d\u00edas<\/li>\n<\/ul>\n<p><\/p>\n<div style=\"text-align: justify\"><span style=\"font-size: 11pt\"><em><strong>ADVERTENCIA:<\/strong> Las semillas de c\u00e1\u00f1amo est\u00e1n excluidas de la noci\u00f3n legal de Cannabis, lo que significa que no deben considerarse una sustancia estupefaciente (L. 412 de 1974, art. 1, coma 1, lett. B; Convenci\u00f3n \u00danica sobre Estupefacientes de Nueva York de 1961 y tabla II del decreto ministerial 27\/7\/1992). En Italia, el cultivo del c\u00e1\u00f1amo est\u00e1 prohibido (art\u00edculos 28 y 73 del Decreto Presidencial 309\/90) a menos que se obtenga una autorizaci\u00f3n especial (art\u00edculo 17 del Decreto Presidencial 309\/90). A falta de autorizaci\u00f3n, las semillas s\u00f3lo pueden utilizarse para otros fines (zoot\u00e9cnicos, recolecci\u00f3n, etc.). Las semillas se venden con la reserva de que no ser\u00e1n utilizadas por terceros en conflicto con la ley.<\/em><\/span><\/div>\n","protected":false},"excerpt":{"rendered":"<p>La Kerosene Krash fotoperi\u00f3dica original se cre\u00f3 cruzando una hembra GG#4 con un macho Sherbet excepcional. Est\u00e1bamos tan satisfechos con<\/p>\n","protected":false},"featured_media":151236,"comment_status":"open","ping_status":"closed","template":"","meta":[],"product_brand":[],"product_cat":[7953],"product_tag":[],"class_list":{"0":"post-151254","1":"product","2":"type-product","3":"status-publish","4":"has-post-thumbnail","6":"product_cat-seedshop-es","8":"first","9":"instock","10":"taxable","11":"shipping-taxable","12":"purchasable","13":"product-type-variable"},"aioseo_notices":[],"_links":{"self":[{"href":"https:\/\/www.budream.com\/es\/wp-json\/wp\/v2\/product\/151254","targetHints":{"allow":["GET"]}}],"collection":[{"href":"https:\/\/www.budream.com\/es\/wp-json\/wp\/v2\/product"}],"about":[{"href":"https:\/\/www.budream.com\/es\/wp-json\/wp\/v2\/types\/product"}],"replies":[{"embeddable":true,"href":"https:\/\/www.budream.com\/es\/wp-json\/wp\/v2\/comments?post=151254"}],"version-history":[{"count":0,"href":"https:\/\/www.budream.com\/es\/wp-json\/wp\/v2\/product\/151254\/revisions"}],"wp:featuredmedia":[{"embeddable":true,"href":"https:\/\/www.budream.com\/es\/wp-json\/wp\/v2\/media\/151236"}],"wp:attachment":[{"href":"https:\/\/www.budream.com\/es\/wp-json\/wp\/v2\/media?parent=151254"}],"wp:term":[{"taxonomy":"product_brand","embeddable":true,"href":"https:\/\/www.budream.com\/es\/wp-json\/wp\/v2\/product_brand?post=151254"},{"taxonomy":"product_cat","embeddable":true,"href":"https:\/\/www.budream.com\/es\/wp-json\/wp\/v2\/product_cat?post=151254"},{"taxonomy":"product_tag","embeddable":true,"href":"https:\/\/www.budream.com\/es\/wp-json\/wp\/v2\/product_tag?post=151254"}],"curies":[{"name":"wp","href":"https:\/\/api.w.org\/{rel}","templated":true}]}}