{"id":151599,"date":"2025-07-31T11:30:39","date_gmt":"2025-07-31T09:30:39","guid":{"rendered":"https:\/\/www.budream.com\/shop\/banco-de-semillas-sensi-cobalt-haze-fem-sensi-11\/"},"modified":"2025-12-22T15:36:02","modified_gmt":"2025-12-22T13:36:02","slug":"banco-de-semillas-sensi-cobalt-haze-fem-sensi-11","status":"publish","type":"product","link":"https:\/\/www.budream.com\/es\/shop\/banco-de-semillas-sensi-cobalt-haze-fem-sensi-11\/","title":{"rendered":"BANCO DE SEMILLAS SENSI &#8211; COBALT HAZE FEM (Sensi #11)"},"content":{"rendered":"<p>Cobalt Haze Feminizada es una variedad h\u00edbrida indica\/sativa, seleccionada por la comunidad Sensi Seeds, que se a\u00f1ade al men\u00fa de este banco de semillas. Desarrollada por nuestro equipo, posee un rico patrimonio gen\u00e9tico de variedades como Silver Haze, Afghani #1 y Blueberry.<\/p>\n<h2><strong>Caracter\u00edsticas Cobalt Haze Fem (Sensi #11):<\/strong><\/h2>\n<ul style=\"list-style-type: disc\">\n<li><strong>G\u00e9nero:<\/strong> H\u00edbrido Feminizado<\/li>\n<li><strong>Genotipo:<\/strong> 50% Indica 50% Sativa<\/li>\n<li><strong>Gen\u00e9tica<\/strong>: Silver Haze x Afghani #1 x Blueberry<\/li>\n<li>D\u00edas de<strong>floraci\u00f3n:<\/strong> 63 &#8211; 70 d\u00edas<\/li>\n<\/ul>\n<p><span style=\"font-size: 11pt\"><em><strong>ADVERTENCIA:<\/strong> Las semillas de c\u00e1\u00f1amo est\u00e1n excluidas de la noci\u00f3n legal de Cannabis, lo que significa que no deben considerarse una sustancia estupefaciente (L. 412 de 1974, art. 1, p\u00e1rrafo 1, lett. B; Convenci\u00f3n \u00danica sobre Estupefacientes de Nueva York de 1961 y tabla II del Decreto Ministerial 27\/7\/1992). En Italia, el cultivo del c\u00e1\u00f1amo est\u00e1 prohibido (art\u00edculos 28 y 73 del Decreto Presidencial 309\/90) a menos que se obtenga una autorizaci\u00f3n especial (art\u00edculo 17 del Decreto Presidencial 309\/90). A falta de autorizaci\u00f3n, las semillas s\u00f3lo pueden utilizarse para otros fines (zoot\u00e9cnicos, recolecci\u00f3n, etc.). Las semillas se venden con la reserva de que no sean utilizadas por terceros en conflicto con la ley.<\/em><\/span><\/p>\n","protected":false},"excerpt":{"rendered":"<p>Cobalt Haze Feminizada es una variedad h\u00edbrida indica\/sativa, seleccionada por la comunidad Sensi Seeds, que se a\u00f1ade al men\u00fa de<\/p>\n","protected":false},"featured_media":196998,"comment_status":"open","ping_status":"closed","template":"","meta":[],"product_brand":[],"product_cat":[7953],"product_tag":[],"class_list":{"0":"post-151599","1":"product","2":"type-product","3":"status-publish","4":"has-post-thumbnail","6":"product_cat-seedshop-es","8":"first","9":"instock","10":"sale","11":"taxable","12":"shipping-taxable","13":"purchasable","14":"product-type-variable"},"_links":{"self":[{"href":"https:\/\/www.budream.com\/es\/wp-json\/wp\/v2\/product\/151599","targetHints":{"allow":["GET"]}}],"collection":[{"href":"https:\/\/www.budream.com\/es\/wp-json\/wp\/v2\/product"}],"about":[{"href":"https:\/\/www.budream.com\/es\/wp-json\/wp\/v2\/types\/product"}],"replies":[{"embeddable":true,"href":"https:\/\/www.budream.com\/es\/wp-json\/wp\/v2\/comments?post=151599"}],"version-history":[{"count":0,"href":"https:\/\/www.budream.com\/es\/wp-json\/wp\/v2\/product\/151599\/revisions"}],"wp:featuredmedia":[{"embeddable":true,"href":"https:\/\/www.budream.com\/es\/wp-json\/wp\/v2\/media\/196998"}],"wp:attachment":[{"href":"https:\/\/www.budream.com\/es\/wp-json\/wp\/v2\/media?parent=151599"}],"wp:term":[{"taxonomy":"product_brand","embeddable":true,"href":"https:\/\/www.budream.com\/es\/wp-json\/wp\/v2\/product_brand?post=151599"},{"taxonomy":"product_cat","embeddable":true,"href":"https:\/\/www.budream.com\/es\/wp-json\/wp\/v2\/product_cat?post=151599"},{"taxonomy":"product_tag","embeddable":true,"href":"https:\/\/www.budream.com\/es\/wp-json\/wp\/v2\/product_tag?post=151599"}],"curies":[{"name":"wp","href":"https:\/\/api.w.org\/{rel}","templated":true}]}}