{"id":152492,"date":"2025-07-31T11:56:20","date_gmt":"2025-07-31T09:56:20","guid":{"rendered":"https:\/\/www.budream.com\/shop\/sweet-seeds-red-gorilla-girl-xl-auto-fem-sws89\/"},"modified":"2026-03-23T18:33:56","modified_gmt":"2026-03-23T16:33:56","slug":"sweet-seeds-red-gorilla-girl-xl-auto-fem-sws89","status":"publish","type":"product","link":"https:\/\/www.budream.com\/es\/shop\/sweet-seeds-red-gorilla-girl-xl-auto-fem-sws89\/","title":{"rendered":"SWEET SEEDS &#8211; RED GORILLA GIRL XL AUTO\u00ae FEM (SWS89)"},"content":{"rendered":"<div style=\"text-align: justify\">Una versi\u00f3n autofloreciente alta y de flores rojas de nuestra popular variedad &#8216;Super Strong&#8217; Gorilla <sup> Girl&reg;<\/sup> (SWS74). Resultado de un cruce entre nuestra Gorilla Girl XL <sup> Auto&reg;<\/sup> (SWS82) [Gorilla <sup> Girl&reg;<\/sup> x Sweet Gelato Auto<sup>&reg;]<\/sup> y nuestra variedad autofloreciente de floraci\u00f3n roja, Bloody Skunk <sup> Auto&reg;<\/sup> (SWS44).<\/div>\n<p><\/p>\n<h2><strong>Caracter\u00edsticas Red Gorilla Girl XL Auto Fem:<\/strong><\/h2>\n<ul style=\"list-style-type: disc\">\n<li><strong>G\u00e9nero:<\/strong> XL Autofloreciente Feminizada<\/li>\n<li><strong>Genotipo<\/strong>: H\u00edbrido: 52.3% \/ Sativa: 45.2% \/ Ruderalis: 2.5%.<\/li>\n<li><strong>Gen\u00e9tica:<\/strong> Gorilla Girl XL <sup> Auto&reg;<\/sup> (SWS82) [Gorilla <sup> Girl&reg;<\/sup> x Sweet Gelato Auto<sup>&reg;]<\/sup> x Bloody Skunk <sup> Auto&reg;<\/sup> (SWS44)<\/li>\n<li><strong>D\u00edas:<\/strong> 56 &#8211; 63 d\u00edas<\/li>\n<\/ul>\n<p><\/p>\n<div style=\"text-align: justify\"><span style=\"font-size: 11pt\"><em><strong>ADVERTENCIA:<\/strong> Las semillas de c\u00e1\u00f1amo est\u00e1n excluidas de la noci\u00f3n legal de Cannabis, lo que significa que no deben considerarse una sustancia estupefaciente (L. 412 de 1974, art. 1, coma 1, lett. B; Convenci\u00f3n \u00danica sobre Estupefacientes de Nueva York de 1961 y tabla II del Decreto Ministerial de 27\/7\/1992). En Italia, el cultivo del c\u00e1\u00f1amo est\u00e1 prohibido (art\u00edculos 28 y 73 del Decreto Presidencial 309\/90) a menos que se obtenga una autorizaci\u00f3n especial (art\u00edculo 17 del Decreto Presidencial 309\/90). A falta de autorizaci\u00f3n, las semillas s\u00f3lo pueden utilizarse para otros fines (zoot\u00e9cnicos, recolecci\u00f3n, etc.). Las semillas se venden con la reserva de que no sean utilizadas por terceros en conflicto con la ley.<\/em><\/span><\/div>\n","protected":false},"excerpt":{"rendered":"<p>Una versi\u00f3n autofloreciente alta y de flores rojas de nuestra popular variedad &#8216;Super Strong&#8217; Gorilla Girl&reg; (SWS74). Resultado de un<\/p>\n","protected":false},"featured_media":152488,"comment_status":"open","ping_status":"closed","template":"","meta":[],"product_brand":[],"product_cat":[7953],"product_tag":[],"class_list":{"0":"post-152492","1":"product","2":"type-product","3":"status-publish","4":"has-post-thumbnail","6":"product_cat-seedshop-es","8":"first","9":"instock","10":"taxable","11":"shipping-taxable","12":"purchasable","13":"product-type-variable"},"aioseo_notices":[],"_links":{"self":[{"href":"https:\/\/www.budream.com\/es\/wp-json\/wp\/v2\/product\/152492","targetHints":{"allow":["GET"]}}],"collection":[{"href":"https:\/\/www.budream.com\/es\/wp-json\/wp\/v2\/product"}],"about":[{"href":"https:\/\/www.budream.com\/es\/wp-json\/wp\/v2\/types\/product"}],"replies":[{"embeddable":true,"href":"https:\/\/www.budream.com\/es\/wp-json\/wp\/v2\/comments?post=152492"}],"version-history":[{"count":0,"href":"https:\/\/www.budream.com\/es\/wp-json\/wp\/v2\/product\/152492\/revisions"}],"wp:featuredmedia":[{"embeddable":true,"href":"https:\/\/www.budream.com\/es\/wp-json\/wp\/v2\/media\/152488"}],"wp:attachment":[{"href":"https:\/\/www.budream.com\/es\/wp-json\/wp\/v2\/media?parent=152492"}],"wp:term":[{"taxonomy":"product_brand","embeddable":true,"href":"https:\/\/www.budream.com\/es\/wp-json\/wp\/v2\/product_brand?post=152492"},{"taxonomy":"product_cat","embeddable":true,"href":"https:\/\/www.budream.com\/es\/wp-json\/wp\/v2\/product_cat?post=152492"},{"taxonomy":"product_tag","embeddable":true,"href":"https:\/\/www.budream.com\/es\/wp-json\/wp\/v2\/product_tag?post=152492"}],"curies":[{"name":"wp","href":"https:\/\/api.w.org\/{rel}","templated":true}]}}