{"id":153305,"date":"2025-07-31T12:23:09","date_gmt":"2025-07-31T10:23:09","guid":{"rendered":"https:\/\/www.budream.com\/shop\/seedsalad-auto-limon-haze-fem\/"},"modified":"2026-03-26T18:26:42","modified_gmt":"2026-03-26T16:26:42","slug":"seedsalad-auto-limon-haze-fem","status":"publish","type":"product","link":"https:\/\/www.budream.com\/es\/shop\/seedsalad-auto-limon-haze-fem\/","title":{"rendered":"SEEDSALAD &#8211; AUTO LIMON HAZE FEM"},"content":{"rendered":"<p>Gen\u00e9tica muy popular por su caracter\u00edstica fragancia a lim\u00f3n. Peque\u00f1o tama\u00f1o pero muy buen rendimiento para este cruce de limones hist\u00f3ricos cruzados con autoflorecientes de \u00faltima generaci\u00f3n. Sabor persistente y efecto muy agradable.<\/p>\n<h2><strong>Caracter\u00edsticas Auto Limon Haze Fem:<\/strong><\/h2>\n<ul style=\"list-style-type: disc\">\n<li><strong>G\u00e9nero:<\/strong> Autofloreciente Feminizada<\/li>\n<li>D\u00edas<strong>:<\/strong> 65-75 d\u00edas<\/li>\n<li><strong>Pipeta sellada en bolsita duradera resistente a los rayos UV<\/strong><\/li>\n<\/ul>\n<p><span style=\"font-size: 11pt\"><em><strong>ADVERTENCIA:<\/strong> Las semillas de c\u00e1\u00f1amo est\u00e1n excluidas de la noci\u00f3n legal de Cannabis, lo que significa que no deben considerarse una sustancia estupefaciente (L. 412 de 1974, Art. 1, p\u00e1rrafo 1, lett. B; Convenci\u00f3n \u00danica sobre Estupefacientes de Nueva York de 1961 y tabla II del Decreto Ministerial 27\/7\/1992). En Italia, el cultivo del c\u00e1\u00f1amo est\u00e1 prohibido (art\u00edculos 28 y 73 del Decreto Presidencial 309\/90) a menos que se obtenga una autorizaci\u00f3n especial (art\u00edculo 17 del Decreto Presidencial 309\/90). A falta de autorizaci\u00f3n, las semillas s\u00f3lo pueden utilizarse para otros fines (zoot\u00e9cnicos, recolecci\u00f3n, etc.). Las semillas se venden con la reserva de que no sean utilizadas por terceros en conflicto con la ley.<\/em><\/span><\/p>\n","protected":false},"excerpt":{"rendered":"<p>Gen\u00e9tica muy popular por su caracter\u00edstica fragancia a lim\u00f3n. Peque\u00f1o tama\u00f1o pero muy buen rendimiento para este cruce de limones<\/p>\n","protected":false},"featured_media":197597,"comment_status":"open","ping_status":"closed","template":"","meta":[],"product_brand":[],"product_cat":[7953],"product_tag":[],"class_list":{"0":"post-153305","1":"product","2":"type-product","3":"status-publish","4":"has-post-thumbnail","6":"product_cat-seedshop-es","8":"first","9":"instock","10":"taxable","11":"shipping-taxable","12":"purchasable","13":"product-type-variable"},"aioseo_notices":[],"_links":{"self":[{"href":"https:\/\/www.budream.com\/es\/wp-json\/wp\/v2\/product\/153305","targetHints":{"allow":["GET"]}}],"collection":[{"href":"https:\/\/www.budream.com\/es\/wp-json\/wp\/v2\/product"}],"about":[{"href":"https:\/\/www.budream.com\/es\/wp-json\/wp\/v2\/types\/product"}],"replies":[{"embeddable":true,"href":"https:\/\/www.budream.com\/es\/wp-json\/wp\/v2\/comments?post=153305"}],"version-history":[{"count":0,"href":"https:\/\/www.budream.com\/es\/wp-json\/wp\/v2\/product\/153305\/revisions"}],"wp:featuredmedia":[{"embeddable":true,"href":"https:\/\/www.budream.com\/es\/wp-json\/wp\/v2\/media\/197597"}],"wp:attachment":[{"href":"https:\/\/www.budream.com\/es\/wp-json\/wp\/v2\/media?parent=153305"}],"wp:term":[{"taxonomy":"product_brand","embeddable":true,"href":"https:\/\/www.budream.com\/es\/wp-json\/wp\/v2\/product_brand?post=153305"},{"taxonomy":"product_cat","embeddable":true,"href":"https:\/\/www.budream.com\/es\/wp-json\/wp\/v2\/product_cat?post=153305"},{"taxonomy":"product_tag","embeddable":true,"href":"https:\/\/www.budream.com\/es\/wp-json\/wp\/v2\/product_tag?post=153305"}],"curies":[{"name":"wp","href":"https:\/\/api.w.org\/{rel}","templated":true}]}}