{"id":153531,"date":"2025-07-31T12:36:07","date_gmt":"2025-07-31T10:36:07","guid":{"rendered":"https:\/\/www.budream.com\/shop\/seedsalad-auto-purple-theratonic-cbd-fem\/"},"modified":"2025-10-24T14:55:48","modified_gmt":"2025-10-24T12:55:48","slug":"seedsalad-auto-purple-theratonic-cbd-fem","status":"publish","type":"product","link":"https:\/\/www.budream.com\/es\/shop\/seedsalad-auto-purple-theratonic-cbd-fem\/","title":{"rendered":"SEEDSALAD &#8211; AUTO PURPLE THERATONIC CBD FEM"},"content":{"rendered":"<p>Autofloreciente de tama\u00f1o XL, el fenotipo predominante tiene una coloraci\u00f3n p\u00farpura muy pronunciada al final de la floraci\u00f3n y pistilos anaranjados, las hojas alrededor de los cogollos son de color oscuro. La planta completa su ciclo (de germinaci\u00f3n a cosecha) en 70\/75 d\u00edas en interior y 75\/80 d\u00edas en exterior o invernadero (en invernadero da muy buenos resultados).<\/p>\n<div class=\"strain-meta\"><strong>Los valores de cannabinoides est\u00e1n por debajo del 0,5% de Thc y entre el 10 y el 13% de Cbd.<\/strong> <\/p>\n<p>La planta es resistente a las plagas, sin embargo, hay que tener en cuenta que, como es habitual en las autoflorecientes, es un poco m\u00e1s probable que se forme botritis si se cultiva en lugares muy h\u00famedos o si se cosecha demasiado tarde. El sabor es muy afrutado y su aspecto es realmente bello gracias a su coloraci\u00f3n p\u00farpura muy pronunciada.<\/p>\n<h2><strong>Caracter\u00edsticas Auto Purple Theratonic:<\/strong><\/h2>\n<ul style=\"list-style-type: disc\">\n<li><strong>G\u00e9nero:<\/strong> Autofloreciente Feminizada<\/li>\n<li>D\u00edas<strong>:<\/strong> 70-75 d\u00edas<\/li>\n<li><strong>Pipeta sellada en bolsita duradera resistente a los rayos UV<\/strong><\/li>\n<\/ul>\n<p><span style=\"font-size: 11pt\"><em><strong>ADVERTENCIA:<\/strong> Las semillas de c\u00e1\u00f1amo est\u00e1n excluidas de la noci\u00f3n legal de Cannabis, lo que significa que no deben considerarse una sustancia estupefaciente (L. 412 de 1974, Art. 1, p\u00e1rrafo 1, lett. B; Convenci\u00f3n \u00danica sobre Estupefacientes de Nueva York de 1961 y tabla II del Decreto Ministerial 27\/7\/1992). En Italia, el cultivo del c\u00e1\u00f1amo est\u00e1 prohibido (art\u00edculos 28 y 73 del Decreto Presidencial 309\/90) a menos que se obtenga una autorizaci\u00f3n especial (art\u00edculo 17 del Decreto Presidencial 309\/90). A falta de autorizaci\u00f3n, las semillas s\u00f3lo pueden utilizarse para otros fines (zoot\u00e9cnicos, recolecci\u00f3n, etc.). Las semillas se venden con la reserva de que no ser\u00e1n utilizadas por terceros en conflicto con la ley.<\/em><\/span><\/div>\n","protected":false},"excerpt":{"rendered":"<p>Autofloreciente de tama\u00f1o XL, el fenotipo predominante tiene una coloraci\u00f3n p\u00farpura muy pronunciada al final de la floraci\u00f3n y pistilos<\/p>\n","protected":false},"featured_media":202231,"comment_status":"open","ping_status":"closed","template":"","meta":[],"product_brand":[],"product_cat":[7953],"product_tag":[],"class_list":{"0":"post-153531","1":"product","2":"type-product","3":"status-publish","4":"has-post-thumbnail","6":"product_cat-seedshop-es","8":"first","9":"instock","10":"sale","11":"taxable","12":"shipping-taxable","13":"purchasable","14":"product-type-variable"},"_links":{"self":[{"href":"https:\/\/www.budream.com\/es\/wp-json\/wp\/v2\/product\/153531","targetHints":{"allow":["GET"]}}],"collection":[{"href":"https:\/\/www.budream.com\/es\/wp-json\/wp\/v2\/product"}],"about":[{"href":"https:\/\/www.budream.com\/es\/wp-json\/wp\/v2\/types\/product"}],"replies":[{"embeddable":true,"href":"https:\/\/www.budream.com\/es\/wp-json\/wp\/v2\/comments?post=153531"}],"version-history":[{"count":0,"href":"https:\/\/www.budream.com\/es\/wp-json\/wp\/v2\/product\/153531\/revisions"}],"wp:featuredmedia":[{"embeddable":true,"href":"https:\/\/www.budream.com\/es\/wp-json\/wp\/v2\/media\/202231"}],"wp:attachment":[{"href":"https:\/\/www.budream.com\/es\/wp-json\/wp\/v2\/media?parent=153531"}],"wp:term":[{"taxonomy":"product_brand","embeddable":true,"href":"https:\/\/www.budream.com\/es\/wp-json\/wp\/v2\/product_brand?post=153531"},{"taxonomy":"product_cat","embeddable":true,"href":"https:\/\/www.budream.com\/es\/wp-json\/wp\/v2\/product_cat?post=153531"},{"taxonomy":"product_tag","embeddable":true,"href":"https:\/\/www.budream.com\/es\/wp-json\/wp\/v2\/product_tag?post=153531"}],"curies":[{"name":"wp","href":"https:\/\/api.w.org\/{rel}","templated":true}]}}