{"id":153818,"date":"2025-07-31T12:49:16","date_gmt":"2025-07-31T10:49:16","guid":{"rendered":"https:\/\/www.budream.com\/shop\/seedsalad-gorilla-skit-fem-variedad-usa\/"},"modified":"2026-03-26T14:21:10","modified_gmt":"2026-03-26T12:21:10","slug":"seedsalad-gorilla-skit-fem-variedad-usa","status":"publish","type":"product","link":"https:\/\/www.budream.com\/es\/shop\/seedsalad-gorilla-skit-fem-variedad-usa\/","title":{"rendered":"SEEDSALAD &#8211; GORILLA SKIT FEM (VARIEDAD USA)"},"content":{"rendered":"<p>Preciosa variedad super productiva y muy r\u00e1pida. Cruce entre gen\u00e9tica American Gorilla x Skittlez. Compacta y de resina blanca, apta tanto en interior como en exterior da excelentes resultados utilizando la t\u00e9cnica sgrog. Excelente equilibrio indica-sativa que proporciona, tras el coloc\u00f3n, un efecto tranquilo y relajado.<\/p>\n<div>\n<h2><strong>Caracter\u00edsticas Gorilla Skit Seedsalad:<\/strong><\/h2>\n<ul style=\"list-style-type: disc\">\n<li><strong>G\u00e9nero<\/strong>: Feminizada<\/li>\n<li><strong>Gen\u00e9tica:<\/strong> Gorilla x Skittlez<\/li>\n<li><strong>Composici\u00f3n:<\/strong> 50% Indica \/ 50% Sativa<\/li>\n<li><strong>D\u00edas:<\/strong> 60 d\u00edas<\/li>\n<li><strong>Pipeta sellada en bolsita duradera resistente a los rayos UV<\/strong><\/li>\n<\/ul>\n<p><span style=\"font-size: 11pt\"><em><strong>ADVERTENCIA:<\/strong> Las semillas de c\u00e1\u00f1amo est\u00e1n excluidas de la noci\u00f3n legal de Cannabis, lo que significa que no deben considerarse una sustancia estupefaciente (L. 412 de 1974, art. 1, p\u00e1rrafo 1, lett. B; Convenci\u00f3n \u00danica sobre Estupefacientes de Nueva York de 1961 y tabla II del Decreto Ministerial 27\/7\/1992). En Italia, el cultivo del c\u00e1\u00f1amo est\u00e1 prohibido (art\u00edculos 28 y 73 del Decreto Presidencial 309\/90) a menos que se obtenga una autorizaci\u00f3n especial (art\u00edculo 17 del Decreto Presidencial 309\/90). A falta de autorizaci\u00f3n, las semillas s\u00f3lo pueden utilizarse para otros fines (zoot\u00e9cnicos, recolecci\u00f3n, etc.). Las semillas se venden con la reserva de que no ser\u00e1n utilizadas por terceros en conflicto con la ley.<\/em><\/span><\/div>\n","protected":false},"excerpt":{"rendered":"<p>Preciosa variedad super productiva y muy r\u00e1pida. Cruce entre gen\u00e9tica American Gorilla x Skittlez. Compacta y de resina blanca, apta<\/p>\n","protected":false},"featured_media":202301,"comment_status":"open","ping_status":"closed","template":"","meta":[],"product_brand":[],"product_cat":[7953],"product_tag":[],"class_list":{"0":"post-153818","1":"product","2":"type-product","3":"status-publish","4":"has-post-thumbnail","6":"product_cat-seedshop-es","8":"first","9":"instock","10":"taxable","11":"shipping-taxable","12":"purchasable","13":"product-type-variable"},"aioseo_notices":[],"_links":{"self":[{"href":"https:\/\/www.budream.com\/es\/wp-json\/wp\/v2\/product\/153818","targetHints":{"allow":["GET"]}}],"collection":[{"href":"https:\/\/www.budream.com\/es\/wp-json\/wp\/v2\/product"}],"about":[{"href":"https:\/\/www.budream.com\/es\/wp-json\/wp\/v2\/types\/product"}],"replies":[{"embeddable":true,"href":"https:\/\/www.budream.com\/es\/wp-json\/wp\/v2\/comments?post=153818"}],"version-history":[{"count":0,"href":"https:\/\/www.budream.com\/es\/wp-json\/wp\/v2\/product\/153818\/revisions"}],"wp:featuredmedia":[{"embeddable":true,"href":"https:\/\/www.budream.com\/es\/wp-json\/wp\/v2\/media\/202301"}],"wp:attachment":[{"href":"https:\/\/www.budream.com\/es\/wp-json\/wp\/v2\/media?parent=153818"}],"wp:term":[{"taxonomy":"product_brand","embeddable":true,"href":"https:\/\/www.budream.com\/es\/wp-json\/wp\/v2\/product_brand?post=153818"},{"taxonomy":"product_cat","embeddable":true,"href":"https:\/\/www.budream.com\/es\/wp-json\/wp\/v2\/product_cat?post=153818"},{"taxonomy":"product_tag","embeddable":true,"href":"https:\/\/www.budream.com\/es\/wp-json\/wp\/v2\/product_tag?post=153818"}],"curies":[{"name":"wp","href":"https:\/\/api.w.org\/{rel}","templated":true}]}}