{"id":153923,"date":"2025-07-31T12:53:55","date_gmt":"2025-07-31T10:53:55","guid":{"rendered":"https:\/\/www.budream.com\/shop\/seedsalad-jack-herer-fem\/"},"modified":"2025-10-15T05:09:08","modified_gmt":"2025-10-15T03:09:08","slug":"seedsalad-jack-herer-fem","status":"publish","type":"product","link":"https:\/\/www.budream.com\/es\/shop\/seedsalad-jack-herer-fem\/","title":{"rendered":"SEEDSALAD &#8211; JACK HERER FEM"},"content":{"rendered":"<p>Jack Herer de SeedSalad es un h\u00edbrido obtenido a partir de un cruce entre Critical y Jack Herer. Olor dulce, aroma intenso y frescura caracterizan a esta variedad con una potencia que no debe subestimarse. Rendimiento abundante y tama\u00f1o consistente en exterior.<\/p>\n<h2><strong>Caracter\u00edsticas Jack Herer Seedsalad:<\/strong><\/h2>\n<ul style=\"list-style-type: disc\">\n<li><strong>G\u00e9nero:<\/strong> Feminizada<\/li>\n<li><strong>Gen\u00e9tica<\/strong>: Critical x Jack Herer<\/li>\n<li><strong>Composici\u00f3n:<\/strong> 50% Indica \/ 50% Sativa<\/li>\n<li><strong>D\u00edas:<\/strong> 65-75 d\u00edas<\/li>\n<li><strong>Pipeta sellada en bolsita duradera resistente a los rayos UV<\/strong><\/li>\n<\/ul>\n<p><span style=\"font-size: 11pt\"><em><strong>ADVERTENCIA:<\/strong> Las semillas de c\u00e1\u00f1amo est\u00e1n excluidas de la noci\u00f3n legal de Cannabis, lo que significa que no deben considerarse una sustancia estupefaciente (L. 412 de 1974, art. 1, coma 1, lett. B; Convenci\u00f3n \u00danica sobre Estupefacientes de Nueva York de 1961 y tabla II del Decreto Ministerial 27\/7\/1992). En Italia, el cultivo del c\u00e1\u00f1amo est\u00e1 prohibido (art\u00edculos 28 y 73 del Decreto Presidencial 309\/90) a menos que se obtenga una autorizaci\u00f3n especial (art\u00edculo 17 del Decreto Presidencial 309\/90). A falta de autorizaci\u00f3n, las semillas s\u00f3lo pueden utilizarse para otros fines (zoot\u00e9cnicos, recolecci\u00f3n, etc.). Las semillas se venden con la reserva de que no sean utilizadas por terceros en conflicto con la ley.<\/em><\/span><\/p>\n","protected":false},"excerpt":{"rendered":"<p>Jack Herer de SeedSalad es un h\u00edbrido obtenido a partir de un cruce entre Critical y Jack Herer. Olor dulce,<\/p>\n","protected":false},"featured_media":202306,"comment_status":"open","ping_status":"closed","template":"","meta":[],"product_brand":[],"product_cat":[7953],"product_tag":[],"class_list":{"0":"post-153923","1":"product","2":"type-product","3":"status-publish","4":"has-post-thumbnail","6":"product_cat-seedshop-es","8":"first","9":"instock","10":"taxable","11":"shipping-taxable","12":"purchasable","13":"product-type-variable"},"aioseo_notices":[],"_links":{"self":[{"href":"https:\/\/www.budream.com\/es\/wp-json\/wp\/v2\/product\/153923","targetHints":{"allow":["GET"]}}],"collection":[{"href":"https:\/\/www.budream.com\/es\/wp-json\/wp\/v2\/product"}],"about":[{"href":"https:\/\/www.budream.com\/es\/wp-json\/wp\/v2\/types\/product"}],"replies":[{"embeddable":true,"href":"https:\/\/www.budream.com\/es\/wp-json\/wp\/v2\/comments?post=153923"}],"version-history":[{"count":0,"href":"https:\/\/www.budream.com\/es\/wp-json\/wp\/v2\/product\/153923\/revisions"}],"wp:featuredmedia":[{"embeddable":true,"href":"https:\/\/www.budream.com\/es\/wp-json\/wp\/v2\/media\/202306"}],"wp:attachment":[{"href":"https:\/\/www.budream.com\/es\/wp-json\/wp\/v2\/media?parent=153923"}],"wp:term":[{"taxonomy":"product_brand","embeddable":true,"href":"https:\/\/www.budream.com\/es\/wp-json\/wp\/v2\/product_brand?post=153923"},{"taxonomy":"product_cat","embeddable":true,"href":"https:\/\/www.budream.com\/es\/wp-json\/wp\/v2\/product_cat?post=153923"},{"taxonomy":"product_tag","embeddable":true,"href":"https:\/\/www.budream.com\/es\/wp-json\/wp\/v2\/product_tag?post=153923"}],"curies":[{"name":"wp","href":"https:\/\/api.w.org\/{rel}","templated":true}]}}