{"id":153964,"date":"2025-07-31T12:56:09","date_gmt":"2025-07-31T10:56:09","guid":{"rendered":"https:\/\/www.budream.com\/shop\/seedsalad-mazar-skunk-extreme\/"},"modified":"2026-03-23T19:54:28","modified_gmt":"2026-03-23T17:54:28","slug":"seedsalad-mazar-skunk-extreme","status":"publish","type":"product","link":"https:\/\/www.budream.com\/es\/shop\/seedsalad-mazar-skunk-extreme\/","title":{"rendered":"SEEDSALAD &#8211; MAZAR SKUNK EXTREME"},"content":{"rendered":"<p>Mazar Skunk Extreme de Seedsalad es una variedad hermosa, super productiva y muy r\u00e1pida. Obtenida por el cruce de Mazar x Indu Kush x Skunk. Compacta, de resina blanca, apta tanto para interior como para exterior da excelentes resultados utilizando la t\u00e9cnica sgrog. Excelente equilibrio indica-sativa que proporciona, tras el coloc\u00f3n, un efecto tranquilo y relajado.<\/p>\n<h2><strong>Caracter\u00edsticas Mazar Skunk Extreme Seedsalad:<\/strong><\/h2>\n<ul style=\"list-style-type: disc\">\n<li><strong>G\u00e9nero:<\/strong> Feminizada<\/li>\n<li><strong>Gen\u00e9tica<\/strong>: Mazar x Indu Kush x Skunk<\/li>\n<li><strong>Composici\u00f3n<\/strong>: 90% Indica \/ 10% Sativa<\/li>\n<li>D\u00edas<strong>:<\/strong> 52 d\u00edas<\/li>\n<li><strong>Pipeta sellada en sobre resistente y resistente a los rayos UV<\/strong><\/li>\n<\/ul>\n<p><span style=\"font-size: 11pt\"><em><strong>ADVERTENCIA:<\/strong> Las semillas de c\u00e1\u00f1amo est\u00e1n excluidas de la noci\u00f3n legal de Cannabis, lo que significa que no deben considerarse una sustancia estupefaciente (L. 412 de 1974, art. 1, p\u00e1rrafo 1, lett. B; Convenci\u00f3n \u00danica sobre Estupefacientes de Nueva York de 1961 y tabla II del Decreto Ministerial de 27\/7\/1992). En Italia, el cultivo del c\u00e1\u00f1amo est\u00e1 prohibido (art\u00edculos 28 y 73 del Decreto Presidencial 309\/90) a menos que se obtenga una autorizaci\u00f3n especial (art\u00edculo 17 del Decreto Presidencial 309\/90). A falta de autorizaci\u00f3n, las semillas s\u00f3lo pueden utilizarse para otros fines (zoot\u00e9cnicos, recolecci\u00f3n, etc.). Las semillas se venden con la reserva de que no ser\u00e1n utilizadas por terceros en conflicto con la ley.<\/em><\/span><\/p>\n","protected":false},"excerpt":{"rendered":"<p>Mazar Skunk Extreme de Seedsalad es una variedad hermosa, super productiva y muy r\u00e1pida. Obtenida por el cruce de Mazar<\/p>\n","protected":false},"featured_media":202311,"comment_status":"open","ping_status":"closed","template":"","meta":[],"product_brand":[],"product_cat":[7953],"product_tag":[],"class_list":{"0":"post-153964","1":"product","2":"type-product","3":"status-publish","4":"has-post-thumbnail","6":"product_cat-seedshop-es","8":"first","9":"instock","10":"taxable","11":"shipping-taxable","12":"purchasable","13":"product-type-variable"},"aioseo_notices":[],"_links":{"self":[{"href":"https:\/\/www.budream.com\/es\/wp-json\/wp\/v2\/product\/153964","targetHints":{"allow":["GET"]}}],"collection":[{"href":"https:\/\/www.budream.com\/es\/wp-json\/wp\/v2\/product"}],"about":[{"href":"https:\/\/www.budream.com\/es\/wp-json\/wp\/v2\/types\/product"}],"replies":[{"embeddable":true,"href":"https:\/\/www.budream.com\/es\/wp-json\/wp\/v2\/comments?post=153964"}],"version-history":[{"count":0,"href":"https:\/\/www.budream.com\/es\/wp-json\/wp\/v2\/product\/153964\/revisions"}],"wp:featuredmedia":[{"embeddable":true,"href":"https:\/\/www.budream.com\/es\/wp-json\/wp\/v2\/media\/202311"}],"wp:attachment":[{"href":"https:\/\/www.budream.com\/es\/wp-json\/wp\/v2\/media?parent=153964"}],"wp:term":[{"taxonomy":"product_brand","embeddable":true,"href":"https:\/\/www.budream.com\/es\/wp-json\/wp\/v2\/product_brand?post=153964"},{"taxonomy":"product_cat","embeddable":true,"href":"https:\/\/www.budream.com\/es\/wp-json\/wp\/v2\/product_cat?post=153964"},{"taxonomy":"product_tag","embeddable":true,"href":"https:\/\/www.budream.com\/es\/wp-json\/wp\/v2\/product_tag?post=153964"}],"curies":[{"name":"wp","href":"https:\/\/api.w.org\/{rel}","templated":true}]}}