{"id":154059,"date":"2025-07-31T13:00:42","date_gmt":"2025-07-31T11:00:42","guid":{"rendered":"https:\/\/www.budream.com\/shop\/seedsalad-luz-del-norte-fem\/"},"modified":"2026-03-18T15:56:18","modified_gmt":"2026-03-18T13:56:18","slug":"seedsalad-luz-del-norte-fem","status":"publish","type":"product","link":"https:\/\/www.budream.com\/es\/shop\/seedsalad-luz-del-norte-fem\/","title":{"rendered":"SEEDSALAD &#8211; LUZ DEL NORTE FEM"},"content":{"rendered":"<p>Northern Light de SeedSalad es un h\u00edbrido hist\u00f3rico de dominancia \u00edndica con un alto porcentaje de sativa. Gen\u00e9tica gigante con aroma anisado y un magn\u00edfico rendimiento tanto en interior como en exterior. Imprescindible probarla al menos una vez en la vida para retroceder en el tiempo y descubrir los or\u00edgenes afganos de esta fabulosa gen\u00e9tica.<\/p>\n<h2><strong>Caracter\u00edsticas Northern Light Seedsalad:<\/strong><\/h2>\n<ul style=\"list-style-type: disc\">\n<li><strong>G\u00e9nero:<\/strong> Feminizada<\/li>\n<li><strong>Gen\u00e9tica:<\/strong> Northern Light<\/li>\n<li><strong>Composici\u00f3n:<\/strong> 100% Indica<\/li>\n<li><strong>D\u00edas:<\/strong> 60-70 d\u00edas<\/li>\n<li><strong>Pipeta sellada en bolsita duradera resistente a los rayos UV<\/strong><\/li>\n<\/ul>\n<p><span style=\"font-size: 11pt\"><em><strong>ADVERTENCIA:<\/strong> Las semillas de c\u00e1\u00f1amo est\u00e1n excluidas de la noci\u00f3n legal de Cannabis, lo que significa que no deben considerarse una sustancia estupefaciente (L. 412 de 1974, art. 1, p\u00e1rrafo 1, lett. B; Convenci\u00f3n \u00danica sobre Estupefacientes de Nueva York de 1961 y tabla II del Decreto Ministerial 27\/7\/1992). En Italia, el cultivo del c\u00e1\u00f1amo est\u00e1 prohibido (art\u00edculos 28 y 73 del Decreto Presidencial 309\/90) a menos que se obtenga una autorizaci\u00f3n especial (art\u00edculo 17 del Decreto Presidencial 309\/90). A falta de autorizaci\u00f3n, las semillas s\u00f3lo pueden utilizarse para otros fines (zoot\u00e9cnicos, recolecci\u00f3n, etc.). Las semillas se venden con la reserva de que no sean utilizadas por terceros en conflicto con la ley.<\/em><\/span><\/p>\n","protected":false},"excerpt":{"rendered":"<p>Northern Light de SeedSalad es un h\u00edbrido hist\u00f3rico de dominancia \u00edndica con un alto porcentaje de sativa. Gen\u00e9tica gigante con<\/p>\n","protected":false},"featured_media":202326,"comment_status":"open","ping_status":"closed","template":"","meta":[],"product_brand":[],"product_cat":[7953],"product_tag":[],"class_list":{"0":"post-154059","1":"product","2":"type-product","3":"status-publish","4":"has-post-thumbnail","6":"product_cat-seedshop-es","8":"first","9":"instock","10":"sale","11":"taxable","12":"shipping-taxable","13":"purchasable","14":"product-type-variable"},"_links":{"self":[{"href":"https:\/\/www.budream.com\/es\/wp-json\/wp\/v2\/product\/154059","targetHints":{"allow":["GET"]}}],"collection":[{"href":"https:\/\/www.budream.com\/es\/wp-json\/wp\/v2\/product"}],"about":[{"href":"https:\/\/www.budream.com\/es\/wp-json\/wp\/v2\/types\/product"}],"replies":[{"embeddable":true,"href":"https:\/\/www.budream.com\/es\/wp-json\/wp\/v2\/comments?post=154059"}],"version-history":[{"count":0,"href":"https:\/\/www.budream.com\/es\/wp-json\/wp\/v2\/product\/154059\/revisions"}],"wp:featuredmedia":[{"embeddable":true,"href":"https:\/\/www.budream.com\/es\/wp-json\/wp\/v2\/media\/202326"}],"wp:attachment":[{"href":"https:\/\/www.budream.com\/es\/wp-json\/wp\/v2\/media?parent=154059"}],"wp:term":[{"taxonomy":"product_brand","embeddable":true,"href":"https:\/\/www.budream.com\/es\/wp-json\/wp\/v2\/product_brand?post=154059"},{"taxonomy":"product_cat","embeddable":true,"href":"https:\/\/www.budream.com\/es\/wp-json\/wp\/v2\/product_cat?post=154059"},{"taxonomy":"product_tag","embeddable":true,"href":"https:\/\/www.budream.com\/es\/wp-json\/wp\/v2\/product_tag?post=154059"}],"curies":[{"name":"wp","href":"https:\/\/api.w.org\/{rel}","templated":true}]}}