{"id":154173,"date":"2025-07-31T13:05:13","date_gmt":"2025-07-31T11:05:13","guid":{"rendered":"https:\/\/www.budream.com\/shop\/seedsalad-papaya-cookies-fem-variedad-usa\/"},"modified":"2026-03-25T00:48:34","modified_gmt":"2026-03-24T22:48:34","slug":"seedsalad-papaya-cookies-fem-variedad-usa","status":"publish","type":"product","link":"https:\/\/www.budream.com\/es\/shop\/seedsalad-papaya-cookies-fem-variedad-usa\/","title":{"rendered":"SEEDSALAD &#8211; PAPAYA COOKIES FEM (VARIEDAD USA)"},"content":{"rendered":"<p>Papaya Cookies de SeedSalad es una gen\u00e9tica americana resultado del cruce entre Papaya x Mimosa x Cookie. El resultado es una variedad emparentada con la familia blanca muy arom\u00e1tica y relajante. Producci\u00f3n abundante y crecimiento y floraci\u00f3n muy r\u00e1pidos. Cogollos compactos cubiertos de resina fragante. Niveles de THC superiores al 25%.<\/p>\n<div>\n<h2><strong>Caracter\u00edsticas Papaya Cookies Seedsalad:<\/strong><\/h2>\n<ul style=\"list-style-type: disc\">\n<li><strong>G\u00e9nero:<\/strong> Feminizada<\/li>\n<li><strong>Gen\u00e9tica:<\/strong> Papaya x Mimosa x Cookie<\/li>\n<li><strong>Composici\u00f3n<\/strong>: 60% Indica \/ 40% Sativa<\/li>\n<li>D\u00edas<strong>:<\/strong> 58 d\u00edas<\/li>\n<li><strong>Pipeta sellada en bolsita duradera resistente a los rayos UV<\/strong><\/li>\n<\/ul>\n<p><span style=\"font-size: 11pt\"><em><strong>ADVERTENCIA:<\/strong> Las semillas de c\u00e1\u00f1amo est\u00e1n excluidas de la noci\u00f3n legal de Cannabis, lo que significa que no deben considerarse una sustancia estupefaciente (L. 412 de 1974, Art. 1, p\u00e1rrafo 1, lett. B; Convenci\u00f3n \u00danica sobre Estupefacientes de Nueva York de 1961 y tabla II del Decreto Ministerial 27\/7\/1992). En Italia, el cultivo del c\u00e1\u00f1amo est\u00e1 prohibido (art\u00edculos 28 y 73 del Decreto Presidencial 309\/90) a menos que se obtenga una autorizaci\u00f3n especial (art\u00edculo 17 del Decreto Presidencial 309\/90). A falta de autorizaci\u00f3n, las semillas s\u00f3lo pueden utilizarse para otros fines (zoot\u00e9cnicos, recolecci\u00f3n, etc.). Las semillas se venden con la reserva de que no ser\u00e1n utilizadas por terceros en conflicto con la ley.<\/em><\/span><\/div>\n","protected":false},"excerpt":{"rendered":"<p>Papaya Cookies de SeedSalad es una gen\u00e9tica americana resultado del cruce entre Papaya x Mimosa x Cookie. El resultado es<\/p>\n","protected":false},"featured_media":202341,"comment_status":"open","ping_status":"closed","template":"","meta":[],"product_brand":[],"product_cat":[7953],"product_tag":[],"class_list":{"0":"post-154173","1":"product","2":"type-product","3":"status-publish","4":"has-post-thumbnail","6":"product_cat-seedshop-es","8":"first","9":"instock","10":"sale","11":"taxable","12":"shipping-taxable","13":"purchasable","14":"product-type-variable"},"_links":{"self":[{"href":"https:\/\/www.budream.com\/es\/wp-json\/wp\/v2\/product\/154173","targetHints":{"allow":["GET"]}}],"collection":[{"href":"https:\/\/www.budream.com\/es\/wp-json\/wp\/v2\/product"}],"about":[{"href":"https:\/\/www.budream.com\/es\/wp-json\/wp\/v2\/types\/product"}],"replies":[{"embeddable":true,"href":"https:\/\/www.budream.com\/es\/wp-json\/wp\/v2\/comments?post=154173"}],"version-history":[{"count":0,"href":"https:\/\/www.budream.com\/es\/wp-json\/wp\/v2\/product\/154173\/revisions"}],"wp:featuredmedia":[{"embeddable":true,"href":"https:\/\/www.budream.com\/es\/wp-json\/wp\/v2\/media\/202341"}],"wp:attachment":[{"href":"https:\/\/www.budream.com\/es\/wp-json\/wp\/v2\/media?parent=154173"}],"wp:term":[{"taxonomy":"product_brand","embeddable":true,"href":"https:\/\/www.budream.com\/es\/wp-json\/wp\/v2\/product_brand?post=154173"},{"taxonomy":"product_cat","embeddable":true,"href":"https:\/\/www.budream.com\/es\/wp-json\/wp\/v2\/product_cat?post=154173"},{"taxonomy":"product_tag","embeddable":true,"href":"https:\/\/www.budream.com\/es\/wp-json\/wp\/v2\/product_tag?post=154173"}],"curies":[{"name":"wp","href":"https:\/\/api.w.org\/{rel}","templated":true}]}}