{"id":154287,"date":"2025-07-31T13:10:11","date_gmt":"2025-07-31T11:10:11","guid":{"rendered":"https:\/\/www.budream.com\/shop\/seedsalad-wedding-fruit-fem-variedad-usa\/"},"modified":"2026-03-23T19:51:48","modified_gmt":"2026-03-23T17:51:48","slug":"seedsalad-wedding-fruit-fem-variedad-usa","status":"publish","type":"product","link":"https:\/\/www.budream.com\/es\/shop\/seedsalad-wedding-fruit-fem-variedad-usa\/","title":{"rendered":"SEEDSALAD &#8211; WEDDING FRUIT FEM (VARIEDAD USA)"},"content":{"rendered":"<p>El verano es la estaci\u00f3n de la fruta y la frescura. Wedding Fruit de SeedSalad refleja exactamente el aroma de la sand\u00eda, relaja el cuerpo y el esp\u00edritu y aporta incre\u00edbles momentos de ligereza a los d\u00edas m\u00e1s calurosos del a\u00f1o.<\/p>\n<p>Excelente y muy r\u00e1pida producci\u00f3n tanto en interior como en exterior.<\/p>\n<div>\n<h2><strong>Caracter\u00edsticas de Wedding Fruit Seedsalad:<\/strong><\/h2>\n<ul style=\"list-style-type: disc\">\n<li><strong>G\u00e9nero:<\/strong> Feminizada<\/li>\n<li><strong>Gen\u00e9tica:<\/strong> Wedding Fruit x Water Melon<\/li>\n<li><strong>Composici\u00f3n<\/strong>: 80% Indica \/ 20% Sativa<\/li>\n<li><strong>D\u00edas:<\/strong> 55-60 d\u00edas<\/li>\n<li><strong>Pipeta sellada en bolsita duradera resistente a los rayos UV<\/strong><\/li>\n<\/ul>\n<p><span style=\"font-size: 11pt\"><em><strong>ADVERTENCIA:<\/strong> Las semillas de c\u00e1\u00f1amo est\u00e1n excluidas de la noci\u00f3n legal de Cannabis, lo que significa que no deben considerarse una sustancia estupefaciente (L. 412 de 1974, Art. 1, p\u00e1rrafo 1, lett. B; Convenci\u00f3n \u00danica sobre Estupefacientes de Nueva York de 1961 y tabla II del Decreto Ministerial 27\/7\/1992). En Italia, el cultivo del c\u00e1\u00f1amo est\u00e1 prohibido (art\u00edculos 28 y 73 del Decreto Presidencial 309\/90) a menos que se obtenga una autorizaci\u00f3n especial (art\u00edculo 17 del Decreto Presidencial 309\/90). A falta de autorizaci\u00f3n, las semillas s\u00f3lo pueden utilizarse para otros fines (zoot\u00e9cnicos, recolecci\u00f3n, etc.). Las semillas se venden con la reserva de que no sean utilizadas por terceros en conflicto con la ley.<\/em><\/span><\/div>\n","protected":false},"excerpt":{"rendered":"<p>El verano es la estaci\u00f3n de la fruta y la frescura. Wedding Fruit de SeedSalad refleja exactamente el aroma de<\/p>\n","protected":false},"featured_media":202371,"comment_status":"open","ping_status":"closed","template":"","meta":[],"product_brand":[],"product_cat":[7953],"product_tag":[],"class_list":{"0":"post-154287","1":"product","2":"type-product","3":"status-publish","4":"has-post-thumbnail","6":"product_cat-seedshop-es","8":"first","9":"instock","10":"sale","11":"taxable","12":"shipping-taxable","13":"purchasable","14":"product-type-variable"},"_links":{"self":[{"href":"https:\/\/www.budream.com\/es\/wp-json\/wp\/v2\/product\/154287","targetHints":{"allow":["GET"]}}],"collection":[{"href":"https:\/\/www.budream.com\/es\/wp-json\/wp\/v2\/product"}],"about":[{"href":"https:\/\/www.budream.com\/es\/wp-json\/wp\/v2\/types\/product"}],"replies":[{"embeddable":true,"href":"https:\/\/www.budream.com\/es\/wp-json\/wp\/v2\/comments?post=154287"}],"version-history":[{"count":0,"href":"https:\/\/www.budream.com\/es\/wp-json\/wp\/v2\/product\/154287\/revisions"}],"wp:featuredmedia":[{"embeddable":true,"href":"https:\/\/www.budream.com\/es\/wp-json\/wp\/v2\/media\/202371"}],"wp:attachment":[{"href":"https:\/\/www.budream.com\/es\/wp-json\/wp\/v2\/media?parent=154287"}],"wp:term":[{"taxonomy":"product_brand","embeddable":true,"href":"https:\/\/www.budream.com\/es\/wp-json\/wp\/v2\/product_brand?post=154287"},{"taxonomy":"product_cat","embeddable":true,"href":"https:\/\/www.budream.com\/es\/wp-json\/wp\/v2\/product_cat?post=154287"},{"taxonomy":"product_tag","embeddable":true,"href":"https:\/\/www.budream.com\/es\/wp-json\/wp\/v2\/product_tag?post=154287"}],"curies":[{"name":"wp","href":"https:\/\/api.w.org\/{rel}","templated":true}]}}