{"id":154946,"date":"2025-07-31T13:35:33","date_gmt":"2025-07-31T11:35:33","guid":{"rendered":"https:\/\/www.budream.com\/shop\/seedsalad-auto-white-widow-xxl-fem\/"},"modified":"2026-03-26T18:30:19","modified_gmt":"2026-03-26T16:30:19","slug":"seedsalad-auto-white-widow-xxl-fem","status":"publish","type":"product","link":"https:\/\/www.budream.com\/es\/shop\/seedsalad-auto-white-widow-xxl-fem\/","title":{"rendered":"SEEDSALAD &#8211; AUTO WHITE WIDOW XXL FEM"},"content":{"rendered":"<p class=\"p1\"><span class=\"s1\">White Widow XXL es una gen\u00e9tica hist\u00f3rica ahora en versi\u00f3n auto. Cristales muy blancos y compactos son las caracter\u00edsticas de esta variedad r\u00e1pida y dif\u00edcil de olvidar.<\/span><\/p>\n<p><\/p>\n<h2><strong>Caracter\u00edsticas Auto White Widow XXL Fem:<\/strong><\/h2>\n<ul style=\"list-style-type: disc\">\n<li><strong>G\u00e9nero:<\/strong> Autofloreciente Feminizada<\/li>\n<li><strong>Gen\u00e9tica <\/strong>: White widow x Ruderalis<\/li>\n<li><strong>Genotipo:<\/strong> 50% Indica 50% Ruderalis<\/li>\n<li><strong>Floraci\u00f3n<\/strong>: 70 d\u00edas<\/li>\n<li>Pipeta sellada en bolsita resistente a los rayos UV<\/li>\n<\/ul>\n<p><span style=\"color: #000000\"><span style=\"font-family: Arial, sans-serif\"><span style=\"font-size: small\"><\/p>\n<p><span style=\"font-size: 11pt\"><em><strong>ADVERTENCIA:<\/strong> Las semillas de c\u00e1\u00f1amo est\u00e1n excluidas de la noci\u00f3n legal de Cannabis, lo que significa que no deben considerarse una sustancia estupefaciente (L. 412 de 1974, art. 1, apartado 1, lett. B; Convenci\u00f3n \u00danica sobre Estupefacientes de Nueva York de 1961 y tabla II del Decreto Ministerial 27\/7\/1992). En Italia, el cultivo del c\u00e1\u00f1amo est\u00e1 prohibido (art\u00edculos 28 y 73 del Decreto Presidencial 309\/90) a menos que se obtenga una autorizaci\u00f3n especial (art\u00edculo 17 del Decreto Presidencial 309\/90). A falta de autorizaci\u00f3n, las semillas s\u00f3lo pueden utilizarse para otros fines (zoot\u00e9cnicos, recolecci\u00f3n, etc.). Las semillas se venden con la reserva de que no sean utilizadas por terceros en conflicto con la ley.<\/em><\/span><\/span><\/span><\/span><\/p>\n","protected":false},"excerpt":{"rendered":"<p>White Widow XXL es una gen\u00e9tica hist\u00f3rica ahora en versi\u00f3n auto. Cristales muy blancos y compactos son las caracter\u00edsticas de<\/p>\n","protected":false},"featured_media":202251,"comment_status":"open","ping_status":"closed","template":"","meta":[],"product_brand":[],"product_cat":[7953],"product_tag":[],"class_list":{"0":"post-154946","1":"product","2":"type-product","3":"status-publish","4":"has-post-thumbnail","6":"product_cat-seedshop-es","8":"first","9":"instock","10":"sale","11":"taxable","12":"shipping-taxable","13":"purchasable","14":"product-type-variable"},"aioseo_notices":[],"_links":{"self":[{"href":"https:\/\/www.budream.com\/es\/wp-json\/wp\/v2\/product\/154946","targetHints":{"allow":["GET"]}}],"collection":[{"href":"https:\/\/www.budream.com\/es\/wp-json\/wp\/v2\/product"}],"about":[{"href":"https:\/\/www.budream.com\/es\/wp-json\/wp\/v2\/types\/product"}],"replies":[{"embeddable":true,"href":"https:\/\/www.budream.com\/es\/wp-json\/wp\/v2\/comments?post=154946"}],"version-history":[{"count":0,"href":"https:\/\/www.budream.com\/es\/wp-json\/wp\/v2\/product\/154946\/revisions"}],"wp:featuredmedia":[{"embeddable":true,"href":"https:\/\/www.budream.com\/es\/wp-json\/wp\/v2\/media\/202251"}],"wp:attachment":[{"href":"https:\/\/www.budream.com\/es\/wp-json\/wp\/v2\/media?parent=154946"}],"wp:term":[{"taxonomy":"product_brand","embeddable":true,"href":"https:\/\/www.budream.com\/es\/wp-json\/wp\/v2\/product_brand?post=154946"},{"taxonomy":"product_cat","embeddable":true,"href":"https:\/\/www.budream.com\/es\/wp-json\/wp\/v2\/product_cat?post=154946"},{"taxonomy":"product_tag","embeddable":true,"href":"https:\/\/www.budream.com\/es\/wp-json\/wp\/v2\/product_tag?post=154946"}],"curies":[{"name":"wp","href":"https:\/\/api.w.org\/{rel}","templated":true}]}}